{"id":16071,"date":"2025-06-12T07:19:48","date_gmt":"2025-06-12T10:19:48","guid":{"rendered":"https:\/\/rms-enlinea.com.ar\/tienda\/producto\/rack-plastico-proel-foabsr4u-4-unidades-19-pulgadas-audio\/"},"modified":"2026-05-04T12:24:45","modified_gmt":"2026-05-04T15:24:45","slug":"rack-plastico-proel-foabsr4u-4-unidades-19-pulgadas-audio","status":"publish","type":"product","link":"https:\/\/rms-enlinea.com.ar\/tienda\/producto\/rack-plastico-proel-foabsr4u-4-unidades-19-pulgadas-audio\/","title":{"rendered":"Rack Plastico Proel Foabsr4u 4 Unidades 19 Pulgadas Audio"},"content":{"rendered":"<p>Campos de aplicaci\u00f3n: Equipos de rack de 19&#8242;<br \/>Materiales de construcci\u00f3n: Polietileno FORCE &#8211; Aluminio<br \/>Profundidad interior \u00fatil: 420 mm<br \/>Acabado: Polietileno FORCE<br \/>Color: Fondo FORCE &#8211; negro y gris<br \/>Unidades de rack: 4U<br \/>Pestillo: 2<br \/>Asas: 2<br \/>Colores disponibles: Fondo FORCE &#8211; negro y gris<br \/>Paquete maestro: 1 pieza<br \/>Notas: Tapas equipadas con un pr\u00e1ctico bolsillo de malla con cremallera para guardar cables y accesorios.<\/p>\n","protected":false},"excerpt":{"rendered":"<p>Campos de aplicaci\u00f3n: Equipos de rack de 19&#8242;Materiales de construcci\u00f3n: Polietileno FORCE &#8211; AluminioProfundidad interior \u00fatil: 420 mmAcabado: Polietileno FORCEColor: Fondo FORCE &#8211; negro y grisUnidades de rack: 4UPestillo: 2Asas: 2Colores disponibles: Fondo FORCE &#8211; negro y grisPaquete maestro: 1 piezaNotas: Tapas equipadas con un pr\u00e1ctico bolsillo de malla con cremallera para guardar cables y [&hellip;]<\/p>\n","protected":false},"featured_media":16072,"comment_status":"open","ping_status":"closed","template":"","meta":{"_uag_custom_page_level_css":""},"product_brand":[501],"product_cat":[15],"product_tag":[],"class_list":{"0":"post-16071","1":"product","2":"type-product","3":"status-publish","4":"has-post-thumbnail","6":"product_brand-proel","7":"product_cat-sin-categorizar","9":"first","10":"instock","11":"sale","12":"taxable","13":"shipping-taxable","14":"purchasable","15":"product-type-simple"},"uagb_featured_image_src":{"full":["https:\/\/rms-enlinea.com.ar\/wp-content\/uploads\/2025\/06\/D_955856-MLA80053193962_102024-F.jpg",742,869,false],"thumbnail":["https:\/\/rms-enlinea.com.ar\/wp-content\/uploads\/2025\/06\/D_955856-MLA80053193962_102024-F-150x150.jpg",150,150,true],"medium":["https:\/\/rms-enlinea.com.ar\/wp-content\/uploads\/2025\/06\/D_955856-MLA80053193962_102024-F-256x300.jpg",256,300,true],"medium_large":["https:\/\/rms-enlinea.com.ar\/wp-content\/uploads\/2025\/06\/D_955856-MLA80053193962_102024-F.jpg",742,869,false],"large":["https:\/\/rms-enlinea.com.ar\/wp-content\/uploads\/2025\/06\/D_955856-MLA80053193962_102024-F.jpg",742,869,false],"1536x1536":["https:\/\/rms-enlinea.com.ar\/wp-content\/uploads\/2025\/06\/D_955856-MLA80053193962_102024-F.jpg",742,869,false],"2048x2048":["https:\/\/rms-enlinea.com.ar\/wp-content\/uploads\/2025\/06\/D_955856-MLA80053193962_102024-F.jpg",742,869,false],"woocommerce_thumbnail":["https:\/\/rms-enlinea.com.ar\/wp-content\/uploads\/2025\/06\/D_955856-MLA80053193962_102024-F-450x450.jpg",450,450,true],"woocommerce_single":["https:\/\/rms-enlinea.com.ar\/wp-content\/uploads\/2025\/06\/D_955856-MLA80053193962_102024-F-600x703.jpg",600,703,true],"woocommerce_gallery_thumbnail":["https:\/\/rms-enlinea.com.ar\/wp-content\/uploads\/2025\/06\/D_955856-MLA80053193962_102024-F-100x100.jpg",100,100,true]},"uagb_author_info":{"display_name":"l0071054","author_link":"https:\/\/rms-enlinea.com.ar\/tienda\/author\/"},"uagb_comment_info":0,"uagb_excerpt":"Campos de aplicaci\u00f3n: Equipos de rack de 19&#8242;Materiales de construcci\u00f3n: Polietileno FORCE &#8211; AluminioProfundidad interior \u00fatil: 420 mmAcabado: Polietileno FORCEColor: Fondo FORCE &#8211; negro y grisUnidades de rack: 4UPestillo: 2Asas: 2Colores disponibles: Fondo FORCE &#8211; negro y grisPaquete maestro: 1 piezaNotas: Tapas equipadas con un pr\u00e1ctico bolsillo de malla con cremallera para guardar cables y&hellip;","_links":{"self":[{"href":"https:\/\/rms-enlinea.com.ar\/tienda\/wp-json\/wp\/v2\/product\/16071","targetHints":{"allow":["GET"]}}],"collection":[{"href":"https:\/\/rms-enlinea.com.ar\/tienda\/wp-json\/wp\/v2\/product"}],"about":[{"href":"https:\/\/rms-enlinea.com.ar\/tienda\/wp-json\/wp\/v2\/types\/product"}],"replies":[{"embeddable":true,"href":"https:\/\/rms-enlinea.com.ar\/tienda\/wp-json\/wp\/v2\/comments?post=16071"}],"wp:featuredmedia":[{"embeddable":true,"href":"https:\/\/rms-enlinea.com.ar\/tienda\/wp-json\/wp\/v2\/media\/16072"}],"wp:attachment":[{"href":"https:\/\/rms-enlinea.com.ar\/tienda\/wp-json\/wp\/v2\/media?parent=16071"}],"wp:term":[{"taxonomy":"product_brand","embeddable":true,"href":"https:\/\/rms-enlinea.com.ar\/tienda\/wp-json\/wp\/v2\/product_brand?post=16071"},{"taxonomy":"product_cat","embeddable":true,"href":"https:\/\/rms-enlinea.com.ar\/tienda\/wp-json\/wp\/v2\/product_cat?post=16071"},{"taxonomy":"product_tag","embeddable":true,"href":"https:\/\/rms-enlinea.com.ar\/tienda\/wp-json\/wp\/v2\/product_tag?post=16071"}],"curies":[{"name":"wp","href":"https:\/\/api.w.org\/{rel}","templated":true}]}}