{"id":16118,"date":"2025-06-12T07:20:56","date_gmt":"2025-06-12T10:20:56","guid":{"rendered":"https:\/\/rms-enlinea.com.ar\/tienda\/producto\/auricular-con-microfono-inalambrico-logitech-zone-300-rose\/"},"modified":"2026-02-20T21:59:23","modified_gmt":"2026-02-21T00:59:23","slug":"auricular-con-microfono-inalambrico-logitech-zone-300-rose","status":"publish","type":"product","link":"https:\/\/rms-enlinea.com.ar\/tienda\/producto\/auricular-con-microfono-inalambrico-logitech-zone-300-rose\/","title":{"rendered":"Auricular Con Microfono Inalambrico Logitech Zone 300 Rose"},"content":{"rendered":"<p>DIMENSIONES<br \/>Auriculares:<\/p>\n<p>-Altura: 172,8 mm.<\/p>\n<p>-Ancho: 166,7 mm.<\/p>\n<p>-Profundidad: 66 mm.<\/p>\n<p>-Peso: 122 g.<\/p>\n<p>Almohadillas:<\/p>\n<p>-Altura: 66 mm.<\/p>\n<p>-Ancho: 66 mm.<\/p>\n<p>-Profundidad: 16 mm.<\/p>\n<p>Empaque:<\/p>\n<p>-Altura: 184 mm.<\/p>\n<p>-Ancho: 174 mm.<\/p>\n<p>-Profundidad: 72 mm.<\/p>\n<p>MICR\u00d3FONO<br \/>Tipo: Dos micr\u00f3fonos con tecnolog\u00eda de formaci\u00f3n de haces con algoritmos de cancelaci\u00f3n de ruido.<\/p>\n<p>Respuesta de frecuencia: 100-7KHz.<\/p>\n<p>ALTAVOCES<br \/>Respuesta de frecuencia (modo m\u00fasica): 50-20KHz.<\/p>\n<p>Respuesta de frecuencia (modo de conversaci\u00f3n): 100-7KHz.<\/p>\n<p>Sensibilidad: 96 dB \u00b13 dB a1 kHz.<\/p>\n<p>Tama\u00f1o de transductor: 30 mm.<\/p>\n","protected":false},"excerpt":{"rendered":"<p>DIMENSIONESAuriculares: -Altura: 172,8 mm. -Ancho: 166,7 mm. -Profundidad: 66 mm. -Peso: 122 g. Almohadillas: -Altura: 66 mm. -Ancho: 66 mm. -Profundidad: 16 mm. Empaque: -Altura: 184 mm. -Ancho: 174 mm. -Profundidad: 72 mm. MICR\u00d3FONOTipo: Dos micr\u00f3fonos con tecnolog\u00eda de formaci\u00f3n de haces con algoritmos de cancelaci\u00f3n de ruido. Respuesta de frecuencia: 100-7KHz. ALTAVOCESRespuesta de frecuencia [&hellip;]<\/p>\n","protected":false},"featured_media":16119,"comment_status":"open","ping_status":"closed","template":"","meta":{"_uag_custom_page_level_css":""},"product_brand":[549],"product_cat":[99],"product_tag":[],"class_list":{"0":"post-16118","1":"product","2":"type-product","3":"status-publish","4":"has-post-thumbnail","6":"product_brand-logitech","7":"product_cat-auriculares-computacion","9":"first","10":"instock","11":"sale","12":"taxable","13":"shipping-taxable","14":"purchasable","15":"product-type-simple"},"uagb_featured_image_src":{"full":["https:\/\/rms-enlinea.com.ar\/wp-content\/uploads\/2025\/06\/D_835592-MLA80172370613_102024-F.jpg",838,1019,false],"thumbnail":["https:\/\/rms-enlinea.com.ar\/wp-content\/uploads\/2025\/06\/D_835592-MLA80172370613_102024-F-150x150.jpg",150,150,true],"medium":["https:\/\/rms-enlinea.com.ar\/wp-content\/uploads\/2025\/06\/D_835592-MLA80172370613_102024-F-247x300.jpg",247,300,true],"medium_large":["https:\/\/rms-enlinea.com.ar\/wp-content\/uploads\/2025\/06\/D_835592-MLA80172370613_102024-F-768x934.jpg",768,934,true],"large":["https:\/\/rms-enlinea.com.ar\/wp-content\/uploads\/2025\/06\/D_835592-MLA80172370613_102024-F.jpg",838,1019,false],"1536x1536":["https:\/\/rms-enlinea.com.ar\/wp-content\/uploads\/2025\/06\/D_835592-MLA80172370613_102024-F.jpg",838,1019,false],"2048x2048":["https:\/\/rms-enlinea.com.ar\/wp-content\/uploads\/2025\/06\/D_835592-MLA80172370613_102024-F.jpg",838,1019,false],"woocommerce_thumbnail":["https:\/\/rms-enlinea.com.ar\/wp-content\/uploads\/2025\/06\/D_835592-MLA80172370613_102024-F-450x450.jpg",450,450,true],"woocommerce_single":["https:\/\/rms-enlinea.com.ar\/wp-content\/uploads\/2025\/06\/D_835592-MLA80172370613_102024-F-600x730.jpg",600,730,true],"woocommerce_gallery_thumbnail":["https:\/\/rms-enlinea.com.ar\/wp-content\/uploads\/2025\/06\/D_835592-MLA80172370613_102024-F-100x100.jpg",100,100,true]},"uagb_author_info":{"display_name":"l0071054","author_link":"https:\/\/rms-enlinea.com.ar\/tienda\/author\/"},"uagb_comment_info":0,"uagb_excerpt":"DIMENSIONESAuriculares: -Altura: 172,8 mm. -Ancho: 166,7 mm. -Profundidad: 66 mm. -Peso: 122 g. Almohadillas: -Altura: 66 mm. -Ancho: 66 mm. -Profundidad: 16 mm. Empaque: -Altura: 184 mm. -Ancho: 174 mm. -Profundidad: 72 mm. MICR\u00d3FONOTipo: Dos micr\u00f3fonos con tecnolog\u00eda de formaci\u00f3n de haces con algoritmos de cancelaci\u00f3n de ruido. Respuesta de frecuencia: 100-7KHz. ALTAVOCESRespuesta de frecuencia&hellip;","_links":{"self":[{"href":"https:\/\/rms-enlinea.com.ar\/tienda\/wp-json\/wp\/v2\/product\/16118","targetHints":{"allow":["GET"]}}],"collection":[{"href":"https:\/\/rms-enlinea.com.ar\/tienda\/wp-json\/wp\/v2\/product"}],"about":[{"href":"https:\/\/rms-enlinea.com.ar\/tienda\/wp-json\/wp\/v2\/types\/product"}],"replies":[{"embeddable":true,"href":"https:\/\/rms-enlinea.com.ar\/tienda\/wp-json\/wp\/v2\/comments?post=16118"}],"wp:featuredmedia":[{"embeddable":true,"href":"https:\/\/rms-enlinea.com.ar\/tienda\/wp-json\/wp\/v2\/media\/16119"}],"wp:attachment":[{"href":"https:\/\/rms-enlinea.com.ar\/tienda\/wp-json\/wp\/v2\/media?parent=16118"}],"wp:term":[{"taxonomy":"product_brand","embeddable":true,"href":"https:\/\/rms-enlinea.com.ar\/tienda\/wp-json\/wp\/v2\/product_brand?post=16118"},{"taxonomy":"product_cat","embeddable":true,"href":"https:\/\/rms-enlinea.com.ar\/tienda\/wp-json\/wp\/v2\/product_cat?post=16118"},{"taxonomy":"product_tag","embeddable":true,"href":"https:\/\/rms-enlinea.com.ar\/tienda\/wp-json\/wp\/v2\/product_tag?post=16118"}],"curies":[{"name":"wp","href":"https:\/\/api.w.org\/{rel}","templated":true}]}}