{"id":16150,"date":"2025-06-12T07:21:45","date_gmt":"2025-06-12T10:21:45","guid":{"rendered":"https:\/\/rms-enlinea.com.ar\/tienda\/producto\/mouse-pad-gx-gaming-genius-600h-rgb-320x250mm\/"},"modified":"2026-04-21T04:08:29","modified_gmt":"2026-04-21T07:08:29","slug":"mouse-pad-gx-gaming-genius-600h-rgb-320x250mm","status":"publish","type":"product","link":"https:\/\/rms-enlinea.com.ar\/tienda\/producto\/mouse-pad-gx-gaming-genius-600h-rgb-320x250mm\/","title":{"rendered":"Mouse Pad Gx Gaming Genius 600h Rgb 320x250mm"},"content":{"rendered":"<p>Marca Genius<br \/>Es gamer S\u00ed<br \/>Es antideslizante S\u00ed<br \/>Largo 320 mm<br \/>Materiales Textil Resinado Ultradelgado<br \/>Modelo GX-PAD 600H<br \/>Tama\u00f1o del mouse pad M<br \/>Ancho 250 mm<\/p>\n","protected":false},"excerpt":{"rendered":"<p>Marca GeniusEs gamer S\u00edEs antideslizante S\u00edLargo 320 mmMateriales Textil Resinado UltradelgadoModelo GX-PAD 600HTama\u00f1o del mouse pad MAncho 250 mm<\/p>\n","protected":false},"featured_media":16151,"comment_status":"open","ping_status":"closed","template":"","meta":{"_uag_custom_page_level_css":""},"product_brand":[550],"product_cat":[125],"product_tag":[],"class_list":{"0":"post-16150","1":"product","2":"type-product","3":"status-publish","4":"has-post-thumbnail","6":"product_brand-genius","7":"product_cat-teclados-y-mouses","9":"first","10":"outofstock","11":"sale","12":"taxable","13":"shipping-taxable","14":"purchasable","15":"product-type-simple"},"uagb_featured_image_src":{"full":["https:\/\/rms-enlinea.com.ar\/wp-content\/uploads\/2025\/06\/D_687226-MLA81749830848_012025-F.jpg",1200,1008,false],"thumbnail":["https:\/\/rms-enlinea.com.ar\/wp-content\/uploads\/2025\/06\/D_687226-MLA81749830848_012025-F-150x150.jpg",150,150,true],"medium":["https:\/\/rms-enlinea.com.ar\/wp-content\/uploads\/2025\/06\/D_687226-MLA81749830848_012025-F-300x252.jpg",300,252,true],"medium_large":["https:\/\/rms-enlinea.com.ar\/wp-content\/uploads\/2025\/06\/D_687226-MLA81749830848_012025-F-768x645.jpg",768,645,true],"large":["https:\/\/rms-enlinea.com.ar\/wp-content\/uploads\/2025\/06\/D_687226-MLA81749830848_012025-F-1024x860.jpg",1024,860,true],"1536x1536":["https:\/\/rms-enlinea.com.ar\/wp-content\/uploads\/2025\/06\/D_687226-MLA81749830848_012025-F.jpg",1200,1008,false],"2048x2048":["https:\/\/rms-enlinea.com.ar\/wp-content\/uploads\/2025\/06\/D_687226-MLA81749830848_012025-F.jpg",1200,1008,false],"woocommerce_thumbnail":["https:\/\/rms-enlinea.com.ar\/wp-content\/uploads\/2025\/06\/D_687226-MLA81749830848_012025-F-450x450.jpg",450,450,true],"woocommerce_single":["https:\/\/rms-enlinea.com.ar\/wp-content\/uploads\/2025\/06\/D_687226-MLA81749830848_012025-F-600x504.jpg",600,504,true],"woocommerce_gallery_thumbnail":["https:\/\/rms-enlinea.com.ar\/wp-content\/uploads\/2025\/06\/D_687226-MLA81749830848_012025-F-100x100.jpg",100,100,true]},"uagb_author_info":{"display_name":"l0071054","author_link":"https:\/\/rms-enlinea.com.ar\/tienda\/author\/"},"uagb_comment_info":0,"uagb_excerpt":"Marca GeniusEs gamer S\u00edEs antideslizante S\u00edLargo 320 mmMateriales Textil Resinado UltradelgadoModelo GX-PAD 600HTama\u00f1o del mouse pad MAncho 250 mm","_links":{"self":[{"href":"https:\/\/rms-enlinea.com.ar\/tienda\/wp-json\/wp\/v2\/product\/16150","targetHints":{"allow":["GET"]}}],"collection":[{"href":"https:\/\/rms-enlinea.com.ar\/tienda\/wp-json\/wp\/v2\/product"}],"about":[{"href":"https:\/\/rms-enlinea.com.ar\/tienda\/wp-json\/wp\/v2\/types\/product"}],"replies":[{"embeddable":true,"href":"https:\/\/rms-enlinea.com.ar\/tienda\/wp-json\/wp\/v2\/comments?post=16150"}],"wp:featuredmedia":[{"embeddable":true,"href":"https:\/\/rms-enlinea.com.ar\/tienda\/wp-json\/wp\/v2\/media\/16151"}],"wp:attachment":[{"href":"https:\/\/rms-enlinea.com.ar\/tienda\/wp-json\/wp\/v2\/media?parent=16150"}],"wp:term":[{"taxonomy":"product_brand","embeddable":true,"href":"https:\/\/rms-enlinea.com.ar\/tienda\/wp-json\/wp\/v2\/product_brand?post=16150"},{"taxonomy":"product_cat","embeddable":true,"href":"https:\/\/rms-enlinea.com.ar\/tienda\/wp-json\/wp\/v2\/product_cat?post=16150"},{"taxonomy":"product_tag","embeddable":true,"href":"https:\/\/rms-enlinea.com.ar\/tienda\/wp-json\/wp\/v2\/product_tag?post=16150"}],"curies":[{"name":"wp","href":"https:\/\/api.w.org\/{rel}","templated":true}]}}