{"id":16154,"date":"2025-06-12T07:21:52","date_gmt":"2025-06-12T10:21:52","guid":{"rendered":"https:\/\/rms-enlinea.com.ar\/tienda\/producto\/mouse-pad-gamer-gigabyte-aorus-p7-de-plastico-350mm-x-240mm\/"},"modified":"2026-04-21T04:06:54","modified_gmt":"2026-04-21T07:06:54","slug":"mouse-pad-gamer-gigabyte-aorus-p7-de-plastico-350mm-x-240mm","status":"publish","type":"product","link":"https:\/\/rms-enlinea.com.ar\/tienda\/producto\/mouse-pad-gamer-gigabyte-aorus-p7-de-plastico-350mm-x-240mm\/","title":{"rendered":"Mouse Pad Gamer Gigabyte Aorus P7 De Pl\u00e1stico 350mm X 240mm"},"content":{"rendered":"<p>Modelo P7<br \/>Con apoya mu\u00f1eca: no<br \/>Con luz LED: si RGB<br \/>antideslizante si<br \/>L\u00ednea Aorus<br \/>Materiales Pl\u00e1stico<br \/>Dimension 350(L) x 240(W) x 4.60-7.20(H) mm<br \/>Espesor 4.6 mm<\/p>\n","protected":false},"excerpt":{"rendered":"<p>Modelo P7Con apoya mu\u00f1eca: noCon luz LED: si RGBantideslizante siL\u00ednea AorusMateriales Pl\u00e1sticoDimension 350(L) x 240(W) x 4.60-7.20(H) mmEspesor 4.6 mm<\/p>\n","protected":false},"featured_media":16155,"comment_status":"open","ping_status":"closed","template":"","meta":{"_uag_custom_page_level_css":""},"product_brand":[532],"product_cat":[125],"product_tag":[],"class_list":{"0":"post-16154","1":"product","2":"type-product","3":"status-publish","4":"has-post-thumbnail","6":"product_brand-gigabyte","7":"product_cat-teclados-y-mouses","9":"first","10":"outofstock","11":"sale","12":"taxable","13":"shipping-taxable","14":"purchasable","15":"product-type-simple"},"uagb_featured_image_src":{"full":["https:\/\/rms-enlinea.com.ar\/wp-content\/uploads\/2025\/06\/D_878798-MLA46894568753_072021-F.jpg",1200,871,false],"thumbnail":["https:\/\/rms-enlinea.com.ar\/wp-content\/uploads\/2025\/06\/D_878798-MLA46894568753_072021-F-150x150.jpg",150,150,true],"medium":["https:\/\/rms-enlinea.com.ar\/wp-content\/uploads\/2025\/06\/D_878798-MLA46894568753_072021-F-300x218.jpg",300,218,true],"medium_large":["https:\/\/rms-enlinea.com.ar\/wp-content\/uploads\/2025\/06\/D_878798-MLA46894568753_072021-F-768x557.jpg",768,557,true],"large":["https:\/\/rms-enlinea.com.ar\/wp-content\/uploads\/2025\/06\/D_878798-MLA46894568753_072021-F-1024x743.jpg",1024,743,true],"1536x1536":["https:\/\/rms-enlinea.com.ar\/wp-content\/uploads\/2025\/06\/D_878798-MLA46894568753_072021-F.jpg",1200,871,false],"2048x2048":["https:\/\/rms-enlinea.com.ar\/wp-content\/uploads\/2025\/06\/D_878798-MLA46894568753_072021-F.jpg",1200,871,false],"woocommerce_thumbnail":["https:\/\/rms-enlinea.com.ar\/wp-content\/uploads\/2025\/06\/D_878798-MLA46894568753_072021-F-450x450.jpg",450,450,true],"woocommerce_single":["https:\/\/rms-enlinea.com.ar\/wp-content\/uploads\/2025\/06\/D_878798-MLA46894568753_072021-F-600x436.jpg",600,436,true],"woocommerce_gallery_thumbnail":["https:\/\/rms-enlinea.com.ar\/wp-content\/uploads\/2025\/06\/D_878798-MLA46894568753_072021-F-100x100.jpg",100,100,true]},"uagb_author_info":{"display_name":"l0071054","author_link":"https:\/\/rms-enlinea.com.ar\/tienda\/author\/"},"uagb_comment_info":0,"uagb_excerpt":"Modelo P7Con apoya mu\u00f1eca: noCon luz LED: si RGBantideslizante siL\u00ednea AorusMateriales Pl\u00e1sticoDimension 350(L) x 240(W) x 4.60-7.20(H) mmEspesor 4.6 mm","_links":{"self":[{"href":"https:\/\/rms-enlinea.com.ar\/tienda\/wp-json\/wp\/v2\/product\/16154","targetHints":{"allow":["GET"]}}],"collection":[{"href":"https:\/\/rms-enlinea.com.ar\/tienda\/wp-json\/wp\/v2\/product"}],"about":[{"href":"https:\/\/rms-enlinea.com.ar\/tienda\/wp-json\/wp\/v2\/types\/product"}],"replies":[{"embeddable":true,"href":"https:\/\/rms-enlinea.com.ar\/tienda\/wp-json\/wp\/v2\/comments?post=16154"}],"wp:featuredmedia":[{"embeddable":true,"href":"https:\/\/rms-enlinea.com.ar\/tienda\/wp-json\/wp\/v2\/media\/16155"}],"wp:attachment":[{"href":"https:\/\/rms-enlinea.com.ar\/tienda\/wp-json\/wp\/v2\/media?parent=16154"}],"wp:term":[{"taxonomy":"product_brand","embeddable":true,"href":"https:\/\/rms-enlinea.com.ar\/tienda\/wp-json\/wp\/v2\/product_brand?post=16154"},{"taxonomy":"product_cat","embeddable":true,"href":"https:\/\/rms-enlinea.com.ar\/tienda\/wp-json\/wp\/v2\/product_cat?post=16154"},{"taxonomy":"product_tag","embeddable":true,"href":"https:\/\/rms-enlinea.com.ar\/tienda\/wp-json\/wp\/v2\/product_tag?post=16154"}],"curies":[{"name":"wp","href":"https:\/\/api.w.org\/{rel}","templated":true}]}}