{"id":16206,"date":"2025-06-12T07:23:11","date_gmt":"2025-06-12T10:23:11","guid":{"rendered":"https:\/\/rms-enlinea.com.ar\/tienda\/producto\/monitor-lg-34-34wps500-b-ultrawide-borderless-wfhd\/"},"modified":"2026-04-21T04:08:46","modified_gmt":"2026-04-21T07:08:46","slug":"monitor-lg-34-34wps500-b-ultrawide-borderless-wfhd","status":"publish","type":"product","link":"https:\/\/rms-enlinea.com.ar\/tienda\/producto\/monitor-lg-34-34wps500-b-ultrawide-borderless-wfhd\/","title":{"rendered":"Monitor LG 34 34wps500-b Ultrawide Borderless Wfhd"},"content":{"rendered":"<p>PANTALLA<br \/>Tama\u00f1o (pulgadas) 34&#8243;<br \/>Tama\u00f1o (cm) 86,6 cm<br \/>Resoluci\u00f3n 2560 x 1080 (WFHD)<br \/>Tipo de panel IPS<br \/>Ratio de Aspecto 21:9<br \/>Panel Multi BOE<br \/>Tecnolog\u00eda Retroiluminaci\u00f3n LED<br \/>Tipo Retroiluminaci\u00f3n Direct<br \/>Retroiluminaci\u00f3n (Matriz) Direct<br \/>Tecnolog\u00eda Atenuaci\u00f3n Retroiluminaci\u00f3n Global Dimming<br \/>Brillo (M\u00edn.) 200 cd\/m\u00b2<br \/>Brillo (T\u00edp.) 250nits<\/p>\n","protected":false},"excerpt":{"rendered":"<p>PANTALLATama\u00f1o (pulgadas) 34&#8243;Tama\u00f1o (cm) 86,6 cmResoluci\u00f3n 2560 x 1080 (WFHD)Tipo de panel IPSRatio de Aspecto 21:9Panel Multi BOETecnolog\u00eda Retroiluminaci\u00f3n LEDTipo Retroiluminaci\u00f3n DirectRetroiluminaci\u00f3n (Matriz) DirectTecnolog\u00eda Atenuaci\u00f3n Retroiluminaci\u00f3n Global DimmingBrillo (M\u00edn.) 200 cd\/m\u00b2Brillo (T\u00edp.) 250nits<\/p>\n","protected":false},"featured_media":16207,"comment_status":"open","ping_status":"closed","template":"","meta":{"_uag_custom_page_level_css":""},"product_brand":[551],"product_cat":[114],"product_tag":[],"class_list":{"0":"post-16206","1":"product","2":"type-product","3":"status-publish","4":"has-post-thumbnail","6":"product_brand-lg","7":"product_cat-monitores","9":"first","10":"outofstock","11":"sale","12":"taxable","13":"shipping-taxable","14":"purchasable","15":"product-type-simple"},"uagb_featured_image_src":{"full":["https:\/\/rms-enlinea.com.ar\/wp-content\/uploads\/2025\/06\/D_650850-MLU73214044669_122023-F.jpg",888,634,false],"thumbnail":["https:\/\/rms-enlinea.com.ar\/wp-content\/uploads\/2025\/06\/D_650850-MLU73214044669_122023-F-150x150.jpg",150,150,true],"medium":["https:\/\/rms-enlinea.com.ar\/wp-content\/uploads\/2025\/06\/D_650850-MLU73214044669_122023-F-300x214.jpg",300,214,true],"medium_large":["https:\/\/rms-enlinea.com.ar\/wp-content\/uploads\/2025\/06\/D_650850-MLU73214044669_122023-F-768x548.jpg",768,548,true],"large":["https:\/\/rms-enlinea.com.ar\/wp-content\/uploads\/2025\/06\/D_650850-MLU73214044669_122023-F.jpg",888,634,false],"1536x1536":["https:\/\/rms-enlinea.com.ar\/wp-content\/uploads\/2025\/06\/D_650850-MLU73214044669_122023-F.jpg",888,634,false],"2048x2048":["https:\/\/rms-enlinea.com.ar\/wp-content\/uploads\/2025\/06\/D_650850-MLU73214044669_122023-F.jpg",888,634,false],"woocommerce_thumbnail":["https:\/\/rms-enlinea.com.ar\/wp-content\/uploads\/2025\/06\/D_650850-MLU73214044669_122023-F-450x450.jpg",450,450,true],"woocommerce_single":["https:\/\/rms-enlinea.com.ar\/wp-content\/uploads\/2025\/06\/D_650850-MLU73214044669_122023-F-600x428.jpg",600,428,true],"woocommerce_gallery_thumbnail":["https:\/\/rms-enlinea.com.ar\/wp-content\/uploads\/2025\/06\/D_650850-MLU73214044669_122023-F-100x100.jpg",100,100,true]},"uagb_author_info":{"display_name":"l0071054","author_link":"https:\/\/rms-enlinea.com.ar\/tienda\/author\/"},"uagb_comment_info":0,"uagb_excerpt":"PANTALLATama\u00f1o (pulgadas) 34&#8243;Tama\u00f1o (cm) 86,6 cmResoluci\u00f3n 2560 x 1080 (WFHD)Tipo de panel IPSRatio de Aspecto 21:9Panel Multi BOETecnolog\u00eda Retroiluminaci\u00f3n LEDTipo Retroiluminaci\u00f3n DirectRetroiluminaci\u00f3n (Matriz) DirectTecnolog\u00eda Atenuaci\u00f3n Retroiluminaci\u00f3n Global DimmingBrillo (M\u00edn.) 200 cd\/m\u00b2Brillo (T\u00edp.) 250nits","_links":{"self":[{"href":"https:\/\/rms-enlinea.com.ar\/tienda\/wp-json\/wp\/v2\/product\/16206","targetHints":{"allow":["GET"]}}],"collection":[{"href":"https:\/\/rms-enlinea.com.ar\/tienda\/wp-json\/wp\/v2\/product"}],"about":[{"href":"https:\/\/rms-enlinea.com.ar\/tienda\/wp-json\/wp\/v2\/types\/product"}],"replies":[{"embeddable":true,"href":"https:\/\/rms-enlinea.com.ar\/tienda\/wp-json\/wp\/v2\/comments?post=16206"}],"wp:featuredmedia":[{"embeddable":true,"href":"https:\/\/rms-enlinea.com.ar\/tienda\/wp-json\/wp\/v2\/media\/16207"}],"wp:attachment":[{"href":"https:\/\/rms-enlinea.com.ar\/tienda\/wp-json\/wp\/v2\/media?parent=16206"}],"wp:term":[{"taxonomy":"product_brand","embeddable":true,"href":"https:\/\/rms-enlinea.com.ar\/tienda\/wp-json\/wp\/v2\/product_brand?post=16206"},{"taxonomy":"product_cat","embeddable":true,"href":"https:\/\/rms-enlinea.com.ar\/tienda\/wp-json\/wp\/v2\/product_cat?post=16206"},{"taxonomy":"product_tag","embeddable":true,"href":"https:\/\/rms-enlinea.com.ar\/tienda\/wp-json\/wp\/v2\/product_tag?post=16206"}],"curies":[{"name":"wp","href":"https:\/\/api.w.org\/{rel}","templated":true}]}}