{"id":16290,"date":"2025-06-12T07:24:53","date_gmt":"2025-06-12T10:24:53","guid":{"rendered":"https:\/\/rms-enlinea.com.ar\/tienda\/producto\/teclado-inalambrico-bluetooth-logitech-k650-920-010910\/"},"modified":"2026-03-19T19:30:40","modified_gmt":"2026-03-19T22:30:40","slug":"teclado-inalambrico-bluetooth-logitech-k650-920-010910","status":"publish","type":"product","link":"https:\/\/rms-enlinea.com.ar\/tienda\/producto\/teclado-inalambrico-bluetooth-logitech-k650-920-010910\/","title":{"rendered":"Teclado Inalambrico Bluetooth Logitech K650 920-010910"},"content":{"rendered":"<p>Dimensiones<br \/>Altura: 193,5 mm<\/p>\n<p>Ancho: 457,3 mm<\/p>\n<p>Profundidad: 24 mm<\/p>\n<p>Peso: 700,23 g sin receptor (1,8 g) y con 2 bater\u00edas AA alcalinas (48,23 g)<\/p>\n<p>Especificaciones t\u00e9cnicas<br \/>Tipo de conexi\u00f3n<\/p>\n<p>Tecnolog\u00eda inal\u00e1mbrica Bluetooth\u00ae de bajo consumo (Bluetooth 5.1) o receptor USB Logi Bolt.<\/p>\n<p>Radio de acci\u00f3n inal\u00e1mbrico: 10 m Bater\u00eda<\/p>\n<p>Duraci\u00f3n de bater\u00edas: 36 meses Indicador luminoso<\/p>\n<p>Indicadores luminosos: bloqueo de may\u00fasculas, tecla de conexi\u00f3n y estado de bater\u00edas<\/p>\n","protected":false},"excerpt":{"rendered":"<p>DimensionesAltura: 193,5 mm Ancho: 457,3 mm Profundidad: 24 mm Peso: 700,23 g sin receptor (1,8 g) y con 2 bater\u00edas AA alcalinas (48,23 g) Especificaciones t\u00e9cnicasTipo de conexi\u00f3n Tecnolog\u00eda inal\u00e1mbrica Bluetooth\u00ae de bajo consumo (Bluetooth 5.1) o receptor USB Logi Bolt. Radio de acci\u00f3n inal\u00e1mbrico: 10 m Bater\u00eda Duraci\u00f3n de bater\u00edas: 36 meses Indicador luminoso [&hellip;]<\/p>\n","protected":false},"featured_media":16291,"comment_status":"open","ping_status":"closed","template":"","meta":{"_uag_custom_page_level_css":""},"product_brand":[549],"product_cat":[125],"product_tag":[],"class_list":{"0":"post-16290","1":"product","2":"type-product","3":"status-publish","4":"has-post-thumbnail","6":"product_brand-logitech","7":"product_cat-teclados-y-mouses","9":"first","10":"outofstock","11":"sale","12":"taxable","13":"shipping-taxable","14":"purchasable","15":"product-type-simple"},"uagb_featured_image_src":{"full":["https:\/\/rms-enlinea.com.ar\/wp-content\/uploads\/2025\/06\/D_869630-MLU73662162919_122023-F.jpg",1200,503,false],"thumbnail":["https:\/\/rms-enlinea.com.ar\/wp-content\/uploads\/2025\/06\/D_869630-MLU73662162919_122023-F-150x150.jpg",150,150,true],"medium":["https:\/\/rms-enlinea.com.ar\/wp-content\/uploads\/2025\/06\/D_869630-MLU73662162919_122023-F-300x126.jpg",300,126,true],"medium_large":["https:\/\/rms-enlinea.com.ar\/wp-content\/uploads\/2025\/06\/D_869630-MLU73662162919_122023-F-768x322.jpg",768,322,true],"large":["https:\/\/rms-enlinea.com.ar\/wp-content\/uploads\/2025\/06\/D_869630-MLU73662162919_122023-F-1024x429.jpg",1024,429,true],"1536x1536":["https:\/\/rms-enlinea.com.ar\/wp-content\/uploads\/2025\/06\/D_869630-MLU73662162919_122023-F.jpg",1200,503,false],"2048x2048":["https:\/\/rms-enlinea.com.ar\/wp-content\/uploads\/2025\/06\/D_869630-MLU73662162919_122023-F.jpg",1200,503,false],"woocommerce_thumbnail":["https:\/\/rms-enlinea.com.ar\/wp-content\/uploads\/2025\/06\/D_869630-MLU73662162919_122023-F-450x450.jpg",450,450,true],"woocommerce_single":["https:\/\/rms-enlinea.com.ar\/wp-content\/uploads\/2025\/06\/D_869630-MLU73662162919_122023-F-600x252.jpg",600,252,true],"woocommerce_gallery_thumbnail":["https:\/\/rms-enlinea.com.ar\/wp-content\/uploads\/2025\/06\/D_869630-MLU73662162919_122023-F-100x100.jpg",100,100,true]},"uagb_author_info":{"display_name":"l0071054","author_link":"https:\/\/rms-enlinea.com.ar\/tienda\/author\/"},"uagb_comment_info":0,"uagb_excerpt":"DimensionesAltura: 193,5 mm Ancho: 457,3 mm Profundidad: 24 mm Peso: 700,23 g sin receptor (1,8 g) y con 2 bater\u00edas AA alcalinas (48,23 g) Especificaciones t\u00e9cnicasTipo de conexi\u00f3n Tecnolog\u00eda inal\u00e1mbrica Bluetooth\u00ae de bajo consumo (Bluetooth 5.1) o receptor USB Logi Bolt. Radio de acci\u00f3n inal\u00e1mbrico: 10 m Bater\u00eda Duraci\u00f3n de bater\u00edas: 36 meses Indicador luminoso&hellip;","_links":{"self":[{"href":"https:\/\/rms-enlinea.com.ar\/tienda\/wp-json\/wp\/v2\/product\/16290","targetHints":{"allow":["GET"]}}],"collection":[{"href":"https:\/\/rms-enlinea.com.ar\/tienda\/wp-json\/wp\/v2\/product"}],"about":[{"href":"https:\/\/rms-enlinea.com.ar\/tienda\/wp-json\/wp\/v2\/types\/product"}],"replies":[{"embeddable":true,"href":"https:\/\/rms-enlinea.com.ar\/tienda\/wp-json\/wp\/v2\/comments?post=16290"}],"wp:featuredmedia":[{"embeddable":true,"href":"https:\/\/rms-enlinea.com.ar\/tienda\/wp-json\/wp\/v2\/media\/16291"}],"wp:attachment":[{"href":"https:\/\/rms-enlinea.com.ar\/tienda\/wp-json\/wp\/v2\/media?parent=16290"}],"wp:term":[{"taxonomy":"product_brand","embeddable":true,"href":"https:\/\/rms-enlinea.com.ar\/tienda\/wp-json\/wp\/v2\/product_brand?post=16290"},{"taxonomy":"product_cat","embeddable":true,"href":"https:\/\/rms-enlinea.com.ar\/tienda\/wp-json\/wp\/v2\/product_cat?post=16290"},{"taxonomy":"product_tag","embeddable":true,"href":"https:\/\/rms-enlinea.com.ar\/tienda\/wp-json\/wp\/v2\/product_tag?post=16290"}],"curies":[{"name":"wp","href":"https:\/\/api.w.org\/{rel}","templated":true}]}}