{"id":16330,"date":"2025-06-12T07:25:28","date_gmt":"2025-06-12T10:25:28","guid":{"rendered":"https:\/\/rms-enlinea.com.ar\/tienda\/producto\/mouse-inalambrico-logitech-m170-blanco-910-006864-1000-dpi\/"},"modified":"2026-04-21T05:33:33","modified_gmt":"2026-04-21T08:33:33","slug":"mouse-inalambrico-logitech-m170-blanco-910-006864-1000-dpi","status":"publish","type":"product","link":"https:\/\/rms-enlinea.com.ar\/tienda\/producto\/mouse-inalambrico-logitech-m170-blanco-910-006864-1000-dpi\/","title":{"rendered":"Mouse Inalambrico Logitech M170 Blanco 910-006864 1000 Dpi"},"content":{"rendered":"<p>Dimensiones<br \/>Altura: 97.7 mm<br \/>Ancho: 61.5 mm<br \/>Profundidad: 35.2 mm<br \/>Peso (con bater\u00edas): 70,5 g<br \/>Tecnolog\u00eda de sensor<br \/>Seguimiento \u00f3ptico uniforme<br \/>DPI (m\u00edn.\/m\u00e1x.): 1000\u00b1<\/p>\n","protected":false},"excerpt":{"rendered":"<p>DimensionesAltura: 97.7 mmAncho: 61.5 mmProfundidad: 35.2 mmPeso (con bater\u00edas): 70,5 gTecnolog\u00eda de sensorSeguimiento \u00f3ptico uniformeDPI (m\u00edn.\/m\u00e1x.): 1000\u00b1<\/p>\n","protected":false},"featured_media":16319,"comment_status":"open","ping_status":"closed","template":"","meta":{"_uag_custom_page_level_css":""},"product_brand":[549],"product_cat":[125],"product_tag":[],"class_list":{"0":"post-16330","1":"product","2":"type-product","3":"status-publish","4":"has-post-thumbnail","6":"product_brand-logitech","7":"product_cat-teclados-y-mouses","9":"first","10":"outofstock","11":"sale","12":"taxable","13":"shipping-taxable","14":"purchasable","15":"product-type-simple"},"uagb_featured_image_src":{"full":["https:\/\/rms-enlinea.com.ar\/wp-content\/uploads\/2025\/06\/D_627538-MLU74023596504_012024-F.jpg",378,588,false],"thumbnail":["https:\/\/rms-enlinea.com.ar\/wp-content\/uploads\/2025\/06\/D_627538-MLU74023596504_012024-F-150x150.jpg",150,150,true],"medium":["https:\/\/rms-enlinea.com.ar\/wp-content\/uploads\/2025\/06\/D_627538-MLU74023596504_012024-F-193x300.jpg",193,300,true],"medium_large":["https:\/\/rms-enlinea.com.ar\/wp-content\/uploads\/2025\/06\/D_627538-MLU74023596504_012024-F.jpg",378,588,false],"large":["https:\/\/rms-enlinea.com.ar\/wp-content\/uploads\/2025\/06\/D_627538-MLU74023596504_012024-F.jpg",378,588,false],"1536x1536":["https:\/\/rms-enlinea.com.ar\/wp-content\/uploads\/2025\/06\/D_627538-MLU74023596504_012024-F.jpg",378,588,false],"2048x2048":["https:\/\/rms-enlinea.com.ar\/wp-content\/uploads\/2025\/06\/D_627538-MLU74023596504_012024-F.jpg",378,588,false],"woocommerce_thumbnail":["https:\/\/rms-enlinea.com.ar\/wp-content\/uploads\/2025\/06\/D_627538-MLU74023596504_012024-F-378x450.jpg",378,450,true],"woocommerce_single":["https:\/\/rms-enlinea.com.ar\/wp-content\/uploads\/2025\/06\/D_627538-MLU74023596504_012024-F.jpg",378,588,false],"woocommerce_gallery_thumbnail":["https:\/\/rms-enlinea.com.ar\/wp-content\/uploads\/2025\/06\/D_627538-MLU74023596504_012024-F-100x100.jpg",100,100,true]},"uagb_author_info":{"display_name":"l0071054","author_link":"https:\/\/rms-enlinea.com.ar\/tienda\/author\/"},"uagb_comment_info":0,"uagb_excerpt":"DimensionesAltura: 97.7 mmAncho: 61.5 mmProfundidad: 35.2 mmPeso (con bater\u00edas): 70,5 gTecnolog\u00eda de sensorSeguimiento \u00f3ptico uniformeDPI (m\u00edn.\/m\u00e1x.): 1000\u00b1","_links":{"self":[{"href":"https:\/\/rms-enlinea.com.ar\/tienda\/wp-json\/wp\/v2\/product\/16330","targetHints":{"allow":["GET"]}}],"collection":[{"href":"https:\/\/rms-enlinea.com.ar\/tienda\/wp-json\/wp\/v2\/product"}],"about":[{"href":"https:\/\/rms-enlinea.com.ar\/tienda\/wp-json\/wp\/v2\/types\/product"}],"replies":[{"embeddable":true,"href":"https:\/\/rms-enlinea.com.ar\/tienda\/wp-json\/wp\/v2\/comments?post=16330"}],"wp:featuredmedia":[{"embeddable":true,"href":"https:\/\/rms-enlinea.com.ar\/tienda\/wp-json\/wp\/v2\/media\/16319"}],"wp:attachment":[{"href":"https:\/\/rms-enlinea.com.ar\/tienda\/wp-json\/wp\/v2\/media?parent=16330"}],"wp:term":[{"taxonomy":"product_brand","embeddable":true,"href":"https:\/\/rms-enlinea.com.ar\/tienda\/wp-json\/wp\/v2\/product_brand?post=16330"},{"taxonomy":"product_cat","embeddable":true,"href":"https:\/\/rms-enlinea.com.ar\/tienda\/wp-json\/wp\/v2\/product_cat?post=16330"},{"taxonomy":"product_tag","embeddable":true,"href":"https:\/\/rms-enlinea.com.ar\/tienda\/wp-json\/wp\/v2\/product_tag?post=16330"}],"curies":[{"name":"wp","href":"https:\/\/api.w.org\/{rel}","templated":true}]}}