{"id":16332,"date":"2025-06-12T07:25:34","date_gmt":"2025-06-12T10:25:34","guid":{"rendered":"https:\/\/rms-enlinea.com.ar\/tienda\/producto\/ventilador-de-pie-18-parri-metalica-aspas-plasticas-vprn18\/"},"modified":"2026-03-31T16:57:28","modified_gmt":"2026-03-31T19:57:28","slug":"ventilador-de-pie-18-parri-metalica-aspas-plasticas-vprn18","status":"publish","type":"product","link":"https:\/\/rms-enlinea.com.ar\/tienda\/producto\/ventilador-de-pie-18-parri-metalica-aspas-plasticas-vprn18\/","title":{"rendered":"Ventilador De Pie 18 Parri Metalica Aspas Plasticas Vprn18"},"content":{"rendered":"<p>Modelo alfanum\u00e9rico<\/p>\n<p>VPRN18<br \/>Material de las aspas<\/p>\n<p>Pl\u00e1sticas<br \/>Cantidad de aspas<\/p>\n<p>3<br \/>Marca<\/p>\n<p>Liliana<br \/>Di\u00e1metro<\/p>\n<p>18 &#8220;<br \/>Tipo de ventilador<\/p>\n<p>De pie<br \/>Material de la rejilla<\/p>\n<p>Met\u00e1lica<br \/>Incluye interruptor de luz<\/p>\n<p>No<br \/>Incluye control remoto<\/p>\n<p>No<br \/>Es industrial<\/p>\n<p>No<br \/>Es silencioso<\/p>\n<p>S\u00ed<br \/>L\u00ednea<\/p>\n<p>Turbo<br \/>Modelo<\/p>\n<p>VPRN18<br \/>Potencia<\/p>\n<p>75 W<br \/>Alimentaci\u00f3n<\/p>\n<p>Corriente directa<br \/>Embalaje del env\u00edo<\/p>\n<p>Auto-despachable<br \/>Cantidad de velocidades<\/p>\n<p>3<br \/>Voltaje<\/p>\n<p>110V\/220V (Bivolt)<br \/>Con altura ajustable<\/p>\n<p>S\u00ed<br \/>Con luces LED<\/p>\n<p>No<br \/>Con luz<\/p>\n<p>No<br \/>Con oscilaci\u00f3n<\/p>\n<p>S\u00ed<br \/>Con funci\u00f3n repelente<\/p>\n<p>S\u00ed<br \/>Con rejilla giratoria<\/p>\n<p>No<\/p>\n","protected":false},"excerpt":{"rendered":"<p>Modelo alfanum\u00e9rico VPRN18Material de las aspas Pl\u00e1sticasCantidad de aspas 3Marca LilianaDi\u00e1metro 18 &#8220;Tipo de ventilador De pieMaterial de la rejilla Met\u00e1licaIncluye interruptor de luz NoIncluye control remoto NoEs industrial NoEs silencioso S\u00edL\u00ednea TurboModelo VPRN18Potencia 75 WAlimentaci\u00f3n Corriente directaEmbalaje del env\u00edo Auto-despachableCantidad de velocidades 3Voltaje 110V\/220V (Bivolt)Con altura ajustable S\u00edCon luces LED NoCon luz NoCon oscilaci\u00f3n [&hellip;]<\/p>\n","protected":false},"featured_media":2990,"comment_status":"open","ping_status":"closed","template":"","meta":{"_uag_custom_page_level_css":""},"product_brand":[533],"product_cat":[31],"product_tag":[],"class_list":{"0":"post-16332","1":"product","2":"type-product","3":"status-publish","4":"has-post-thumbnail","6":"product_brand-liliana","7":"product_cat-electrodomesticos","9":"first","10":"outofstock","11":"sale","12":"taxable","13":"shipping-taxable","14":"purchasable","15":"product-type-simple"},"uagb_featured_image_src":{"full":["https:\/\/rms-enlinea.com.ar\/wp-content\/uploads\/2025\/06\/D_786024-MLA74782526703_022024-F.jpg",387,1200,false],"thumbnail":["https:\/\/rms-enlinea.com.ar\/wp-content\/uploads\/2025\/06\/D_786024-MLA74782526703_022024-F-150x150.jpg",150,150,true],"medium":["https:\/\/rms-enlinea.com.ar\/wp-content\/uploads\/2025\/06\/D_786024-MLA74782526703_022024-F-97x300.jpg",97,300,true],"medium_large":["https:\/\/rms-enlinea.com.ar\/wp-content\/uploads\/2025\/06\/D_786024-MLA74782526703_022024-F.jpg",387,1200,false],"large":["https:\/\/rms-enlinea.com.ar\/wp-content\/uploads\/2025\/06\/D_786024-MLA74782526703_022024-F-330x1024.jpg",330,1024,true],"1536x1536":["https:\/\/rms-enlinea.com.ar\/wp-content\/uploads\/2025\/06\/D_786024-MLA74782526703_022024-F.jpg",387,1200,false],"2048x2048":["https:\/\/rms-enlinea.com.ar\/wp-content\/uploads\/2025\/06\/D_786024-MLA74782526703_022024-F.jpg",387,1200,false],"woocommerce_thumbnail":["https:\/\/rms-enlinea.com.ar\/wp-content\/uploads\/2025\/06\/D_786024-MLA74782526703_022024-F-387x450.jpg",387,450,true],"woocommerce_single":["https:\/\/rms-enlinea.com.ar\/wp-content\/uploads\/2025\/06\/D_786024-MLA74782526703_022024-F.jpg",387,1200,false],"woocommerce_gallery_thumbnail":["https:\/\/rms-enlinea.com.ar\/wp-content\/uploads\/2025\/06\/D_786024-MLA74782526703_022024-F-100x100.jpg",100,100,true]},"uagb_author_info":{"display_name":"l0071054","author_link":"https:\/\/rms-enlinea.com.ar\/tienda\/author\/"},"uagb_comment_info":0,"uagb_excerpt":"Modelo alfanum\u00e9rico VPRN18Material de las aspas Pl\u00e1sticasCantidad de aspas 3Marca LilianaDi\u00e1metro 18 &#8220;Tipo de ventilador De pieMaterial de la rejilla Met\u00e1licaIncluye interruptor de luz NoIncluye control remoto NoEs industrial NoEs silencioso S\u00edL\u00ednea TurboModelo VPRN18Potencia 75 WAlimentaci\u00f3n Corriente directaEmbalaje del env\u00edo Auto-despachableCantidad de velocidades 3Voltaje 110V\/220V (Bivolt)Con altura ajustable S\u00edCon luces LED NoCon luz NoCon oscilaci\u00f3n&hellip;","_links":{"self":[{"href":"https:\/\/rms-enlinea.com.ar\/tienda\/wp-json\/wp\/v2\/product\/16332","targetHints":{"allow":["GET"]}}],"collection":[{"href":"https:\/\/rms-enlinea.com.ar\/tienda\/wp-json\/wp\/v2\/product"}],"about":[{"href":"https:\/\/rms-enlinea.com.ar\/tienda\/wp-json\/wp\/v2\/types\/product"}],"replies":[{"embeddable":true,"href":"https:\/\/rms-enlinea.com.ar\/tienda\/wp-json\/wp\/v2\/comments?post=16332"}],"wp:featuredmedia":[{"embeddable":true,"href":"https:\/\/rms-enlinea.com.ar\/tienda\/wp-json\/wp\/v2\/media\/2990"}],"wp:attachment":[{"href":"https:\/\/rms-enlinea.com.ar\/tienda\/wp-json\/wp\/v2\/media?parent=16332"}],"wp:term":[{"taxonomy":"product_brand","embeddable":true,"href":"https:\/\/rms-enlinea.com.ar\/tienda\/wp-json\/wp\/v2\/product_brand?post=16332"},{"taxonomy":"product_cat","embeddable":true,"href":"https:\/\/rms-enlinea.com.ar\/tienda\/wp-json\/wp\/v2\/product_cat?post=16332"},{"taxonomy":"product_tag","embeddable":true,"href":"https:\/\/rms-enlinea.com.ar\/tienda\/wp-json\/wp\/v2\/product_tag?post=16332"}],"curies":[{"name":"wp","href":"https:\/\/api.w.org\/{rel}","templated":true}]}}