{"id":16335,"date":"2025-06-12T07:25:39","date_gmt":"2025-06-12T10:25:39","guid":{"rendered":"https:\/\/rms-enlinea.com.ar\/tienda\/producto\/ventilador-pie-20-liliana-vvprn20-parrilla-metalica-90w-3vel\/"},"modified":"2026-03-31T18:42:48","modified_gmt":"2026-03-31T21:42:48","slug":"ventilador-pie-20-liliana-vvprn20-parrilla-metalica-90w-3vel","status":"publish","type":"product","link":"https:\/\/rms-enlinea.com.ar\/tienda\/producto\/ventilador-pie-20-liliana-vvprn20-parrilla-metalica-90w-3vel\/","title":{"rendered":"Ventilador Pie 20 Liliana Vvprn20 Parrilla Metalica 90w 3vel"},"content":{"rendered":"<p>Material de las palas<\/p>\n<p>Pl\u00e1stico<br \/>Cantidad de aspas<\/p>\n<p>3<br \/>Marca<\/p>\n<p>Liliana<br \/>Di\u00e1metro<\/p>\n<p>20 in<br \/>Tipo de ventilador<\/p>\n<p>De pie<br \/>Material de la rejilla<\/p>\n<p>Met\u00e1lica<br \/>Incluye interruptor de luz<\/p>\n<p>No<br \/>Incluye control remoto<\/p>\n<p>No<br \/>Es industrial<\/p>\n<p>No<br \/>Es silencioso<\/p>\n<p>S\u00ed<br \/>L\u00ednea<\/p>\n<p>Ventilador de pie<br \/>Modelo<\/p>\n<p>VPRN20<br \/>Potencia<\/p>\n<p>90 W<br \/>Alimentaci\u00f3n<\/p>\n<p>Corriente directa<br \/>Cantidad de velocidades<\/p>\n<p>3<br \/>Con altura ajustable<\/p>\n<p>S\u00ed<br \/>Con luces LED<\/p>\n<p>No<br \/>Con luz<\/p>\n<p>No<br \/>Con oscilaci\u00f3n<\/p>\n<p>S\u00ed<br \/>Con funci\u00f3n repelente<\/p>\n<p>S\u00ed<br \/>Con rejilla giratoria<\/p>\n<p>No<\/p>\n","protected":false},"excerpt":{"rendered":"<p>Material de las palas Pl\u00e1sticoCantidad de aspas 3Marca LilianaDi\u00e1metro 20 inTipo de ventilador De pieMaterial de la rejilla Met\u00e1licaIncluye interruptor de luz NoIncluye control remoto NoEs industrial NoEs silencioso S\u00edL\u00ednea Ventilador de pieModelo VPRN20Potencia 90 WAlimentaci\u00f3n Corriente directaCantidad de velocidades 3Con altura ajustable S\u00edCon luces LED NoCon luz NoCon oscilaci\u00f3n S\u00edCon funci\u00f3n repelente S\u00edCon rejilla [&hellip;]<\/p>\n","protected":false},"featured_media":16336,"comment_status":"open","ping_status":"closed","template":"","meta":{"_uag_custom_page_level_css":""},"product_brand":[533],"product_cat":[31],"product_tag":[],"class_list":{"0":"post-16335","1":"product","2":"type-product","3":"status-publish","4":"has-post-thumbnail","6":"product_brand-liliana","7":"product_cat-electrodomesticos","9":"first","10":"outofstock","11":"sale","12":"taxable","13":"shipping-taxable","14":"purchasable","15":"product-type-simple"},"uagb_featured_image_src":{"full":["https:\/\/rms-enlinea.com.ar\/wp-content\/uploads\/2025\/06\/D_711305-MLA79524382546_102024-F.jpg",392,1200,false],"thumbnail":["https:\/\/rms-enlinea.com.ar\/wp-content\/uploads\/2025\/06\/D_711305-MLA79524382546_102024-F-150x150.jpg",150,150,true],"medium":["https:\/\/rms-enlinea.com.ar\/wp-content\/uploads\/2025\/06\/D_711305-MLA79524382546_102024-F-98x300.jpg",98,300,true],"medium_large":["https:\/\/rms-enlinea.com.ar\/wp-content\/uploads\/2025\/06\/D_711305-MLA79524382546_102024-F.jpg",392,1200,false],"large":["https:\/\/rms-enlinea.com.ar\/wp-content\/uploads\/2025\/06\/D_711305-MLA79524382546_102024-F-335x1024.jpg",335,1024,true],"1536x1536":["https:\/\/rms-enlinea.com.ar\/wp-content\/uploads\/2025\/06\/D_711305-MLA79524382546_102024-F.jpg",392,1200,false],"2048x2048":["https:\/\/rms-enlinea.com.ar\/wp-content\/uploads\/2025\/06\/D_711305-MLA79524382546_102024-F.jpg",392,1200,false],"woocommerce_thumbnail":["https:\/\/rms-enlinea.com.ar\/wp-content\/uploads\/2025\/06\/D_711305-MLA79524382546_102024-F-392x450.jpg",392,450,true],"woocommerce_single":["https:\/\/rms-enlinea.com.ar\/wp-content\/uploads\/2025\/06\/D_711305-MLA79524382546_102024-F.jpg",392,1200,false],"woocommerce_gallery_thumbnail":["https:\/\/rms-enlinea.com.ar\/wp-content\/uploads\/2025\/06\/D_711305-MLA79524382546_102024-F-100x100.jpg",100,100,true]},"uagb_author_info":{"display_name":"l0071054","author_link":"https:\/\/rms-enlinea.com.ar\/tienda\/author\/"},"uagb_comment_info":0,"uagb_excerpt":"Material de las palas Pl\u00e1sticoCantidad de aspas 3Marca LilianaDi\u00e1metro 20 inTipo de ventilador De pieMaterial de la rejilla Met\u00e1licaIncluye interruptor de luz NoIncluye control remoto NoEs industrial NoEs silencioso S\u00edL\u00ednea Ventilador de pieModelo VPRN20Potencia 90 WAlimentaci\u00f3n Corriente directaCantidad de velocidades 3Con altura ajustable S\u00edCon luces LED NoCon luz NoCon oscilaci\u00f3n S\u00edCon funci\u00f3n repelente S\u00edCon rejilla&hellip;","_links":{"self":[{"href":"https:\/\/rms-enlinea.com.ar\/tienda\/wp-json\/wp\/v2\/product\/16335","targetHints":{"allow":["GET"]}}],"collection":[{"href":"https:\/\/rms-enlinea.com.ar\/tienda\/wp-json\/wp\/v2\/product"}],"about":[{"href":"https:\/\/rms-enlinea.com.ar\/tienda\/wp-json\/wp\/v2\/types\/product"}],"replies":[{"embeddable":true,"href":"https:\/\/rms-enlinea.com.ar\/tienda\/wp-json\/wp\/v2\/comments?post=16335"}],"wp:featuredmedia":[{"embeddable":true,"href":"https:\/\/rms-enlinea.com.ar\/tienda\/wp-json\/wp\/v2\/media\/16336"}],"wp:attachment":[{"href":"https:\/\/rms-enlinea.com.ar\/tienda\/wp-json\/wp\/v2\/media?parent=16335"}],"wp:term":[{"taxonomy":"product_brand","embeddable":true,"href":"https:\/\/rms-enlinea.com.ar\/tienda\/wp-json\/wp\/v2\/product_brand?post=16335"},{"taxonomy":"product_cat","embeddable":true,"href":"https:\/\/rms-enlinea.com.ar\/tienda\/wp-json\/wp\/v2\/product_cat?post=16335"},{"taxonomy":"product_tag","embeddable":true,"href":"https:\/\/rms-enlinea.com.ar\/tienda\/wp-json\/wp\/v2\/product_tag?post=16335"}],"curies":[{"name":"wp","href":"https:\/\/api.w.org\/{rel}","templated":true}]}}