{"id":16345,"date":"2025-06-12T07:25:51","date_gmt":"2025-06-12T10:25:51","guid":{"rendered":"https:\/\/rms-enlinea.com.ar\/tienda\/producto\/ventilador-liliana-vpc22-de-pie-22-130w-3-aspas-metalicas\/"},"modified":"2026-04-06T11:49:52","modified_gmt":"2026-04-06T14:49:52","slug":"ventilador-liliana-vpc22-de-pie-22-130w-3-aspas-metalicas","status":"publish","type":"product","link":"https:\/\/rms-enlinea.com.ar\/tienda\/producto\/ventilador-liliana-vpc22-de-pie-22-130w-3-aspas-metalicas\/","title":{"rendered":"Ventilador Liliana Vpc22 De Pie 22 130w 3 Aspas Metalicas"},"content":{"rendered":"<p>Origen<\/p>\n<p>Argentina<br \/>Material de las aspas<\/p>\n<p>Metal<br \/>Cantidad de aspas<\/p>\n<p>3<br \/>Marca<\/p>\n<p>Liliana<br \/>Di\u00e1metro<\/p>\n<p>22 &#8220;<br \/>Tipo de ventilador<\/p>\n<p>De pie<br \/>Material de la rejilla<\/p>\n<p>Metal<br \/>Incluye interruptor de luz<\/p>\n<p>No<br \/>Incluye control remoto<\/p>\n<p>No<br \/>Es industrial<\/p>\n<p>No<br \/>Es silencioso<\/p>\n<p>S\u00ed<br \/>L\u00ednea<\/p>\n<p>VPM2016<br \/>Modelo<\/p>\n<p>VPM2016<br \/>Potencia<\/p>\n<p>130 W<br \/>Alimentaci\u00f3n<\/p>\n<p>Corriente directa<br \/>Cantidad de velocidades<\/p>\n<p>3<br \/>Con rotaci\u00f3n de 360 grados<\/p>\n<p>No<br \/>Con altura ajustable<\/p>\n<p>S\u00ed<br \/>Con luces LED<\/p>\n<p>No<br \/>Con luz<\/p>\n<p>No<br \/>Con rejilla giratoria<\/p>\n<p>No<\/p>\n","protected":false},"excerpt":{"rendered":"<p>Origen ArgentinaMaterial de las aspas MetalCantidad de aspas 3Marca LilianaDi\u00e1metro 22 &#8220;Tipo de ventilador De pieMaterial de la rejilla MetalIncluye interruptor de luz NoIncluye control remoto NoEs industrial NoEs silencioso S\u00edL\u00ednea VPM2016Modelo VPM2016Potencia 130 WAlimentaci\u00f3n Corriente directaCantidad de velocidades 3Con rotaci\u00f3n de 360 grados NoCon altura ajustable S\u00edCon luces LED NoCon luz NoCon rejilla giratoria [&hellip;]<\/p>\n","protected":false},"featured_media":16346,"comment_status":"open","ping_status":"closed","template":"","meta":{"_uag_custom_page_level_css":""},"product_brand":[533],"product_cat":[31],"product_tag":[],"class_list":{"0":"post-16345","1":"product","2":"type-product","3":"status-publish","4":"has-post-thumbnail","6":"product_brand-liliana","7":"product_cat-electrodomesticos","9":"first","10":"instock","11":"sale","12":"taxable","13":"shipping-taxable","14":"purchasable","15":"product-type-simple"},"uagb_featured_image_src":{"full":["https:\/\/rms-enlinea.com.ar\/wp-content\/uploads\/2025\/06\/D_648822-MLA79523768896_102024-F.jpg",466,1200,false],"thumbnail":["https:\/\/rms-enlinea.com.ar\/wp-content\/uploads\/2025\/06\/D_648822-MLA79523768896_102024-F-150x150.jpg",150,150,true],"medium":["https:\/\/rms-enlinea.com.ar\/wp-content\/uploads\/2025\/06\/D_648822-MLA79523768896_102024-F-117x300.jpg",117,300,true],"medium_large":["https:\/\/rms-enlinea.com.ar\/wp-content\/uploads\/2025\/06\/D_648822-MLA79523768896_102024-F.jpg",466,1200,false],"large":["https:\/\/rms-enlinea.com.ar\/wp-content\/uploads\/2025\/06\/D_648822-MLA79523768896_102024-F-398x1024.jpg",398,1024,true],"1536x1536":["https:\/\/rms-enlinea.com.ar\/wp-content\/uploads\/2025\/06\/D_648822-MLA79523768896_102024-F.jpg",466,1200,false],"2048x2048":["https:\/\/rms-enlinea.com.ar\/wp-content\/uploads\/2025\/06\/D_648822-MLA79523768896_102024-F.jpg",466,1200,false],"woocommerce_thumbnail":["https:\/\/rms-enlinea.com.ar\/wp-content\/uploads\/2025\/06\/D_648822-MLA79523768896_102024-F-450x450.jpg",450,450,true],"woocommerce_single":["https:\/\/rms-enlinea.com.ar\/wp-content\/uploads\/2025\/06\/D_648822-MLA79523768896_102024-F.jpg",466,1200,false],"woocommerce_gallery_thumbnail":["https:\/\/rms-enlinea.com.ar\/wp-content\/uploads\/2025\/06\/D_648822-MLA79523768896_102024-F-100x100.jpg",100,100,true]},"uagb_author_info":{"display_name":"l0071054","author_link":"https:\/\/rms-enlinea.com.ar\/tienda\/author\/"},"uagb_comment_info":0,"uagb_excerpt":"Origen ArgentinaMaterial de las aspas MetalCantidad de aspas 3Marca LilianaDi\u00e1metro 22 &#8220;Tipo de ventilador De pieMaterial de la rejilla MetalIncluye interruptor de luz NoIncluye control remoto NoEs industrial NoEs silencioso S\u00edL\u00ednea VPM2016Modelo VPM2016Potencia 130 WAlimentaci\u00f3n Corriente directaCantidad de velocidades 3Con rotaci\u00f3n de 360 grados NoCon altura ajustable S\u00edCon luces LED NoCon luz NoCon rejilla giratoria&hellip;","_links":{"self":[{"href":"https:\/\/rms-enlinea.com.ar\/tienda\/wp-json\/wp\/v2\/product\/16345","targetHints":{"allow":["GET"]}}],"collection":[{"href":"https:\/\/rms-enlinea.com.ar\/tienda\/wp-json\/wp\/v2\/product"}],"about":[{"href":"https:\/\/rms-enlinea.com.ar\/tienda\/wp-json\/wp\/v2\/types\/product"}],"replies":[{"embeddable":true,"href":"https:\/\/rms-enlinea.com.ar\/tienda\/wp-json\/wp\/v2\/comments?post=16345"}],"wp:featuredmedia":[{"embeddable":true,"href":"https:\/\/rms-enlinea.com.ar\/tienda\/wp-json\/wp\/v2\/media\/16346"}],"wp:attachment":[{"href":"https:\/\/rms-enlinea.com.ar\/tienda\/wp-json\/wp\/v2\/media?parent=16345"}],"wp:term":[{"taxonomy":"product_brand","embeddable":true,"href":"https:\/\/rms-enlinea.com.ar\/tienda\/wp-json\/wp\/v2\/product_brand?post=16345"},{"taxonomy":"product_cat","embeddable":true,"href":"https:\/\/rms-enlinea.com.ar\/tienda\/wp-json\/wp\/v2\/product_cat?post=16345"},{"taxonomy":"product_tag","embeddable":true,"href":"https:\/\/rms-enlinea.com.ar\/tienda\/wp-json\/wp\/v2\/product_tag?post=16345"}],"curies":[{"name":"wp","href":"https:\/\/api.w.org\/{rel}","templated":true}]}}