{"id":16360,"date":"2025-06-12T07:26:18","date_gmt":"2025-06-12T10:26:18","guid":{"rendered":"https:\/\/rms-enlinea.com.ar\/tienda\/producto\/disco-solido-1tb-patriot-p400-m2-2280-p400lp1kgm28h\/"},"modified":"2026-03-31T18:30:18","modified_gmt":"2026-03-31T21:30:18","slug":"disco-solido-1tb-patriot-p400-m2-2280-p400lp1kgm28h","status":"publish","type":"product","link":"https:\/\/rms-enlinea.com.ar\/tienda\/producto\/disco-solido-1tb-patriot-p400-m2-2280-p400lp1kgm28h\/","title":{"rendered":"Disco Solido 1tb Patriot P400 M2 2280 P400lp1kgm28h"},"content":{"rendered":"<p>Marca<\/p>\n<p>Patriot<br \/>Capacidad<\/p>\n<p>1 TB<br \/>Transferencia de datos<\/p>\n<p>3500 MB\/s lectura,2700 MB\/s escritura<br \/>Profundidad<\/p>\n<p>8 cm<br \/>C\u00f3digo universal de producto:<\/p>\n<p>4711378424133<br \/>onsumo energ\u00e9tico del disco r\u00edgido y SSD<\/p>\n<p>2.38W activo,0.38W inactivo<br \/>Factor de forma del disco r\u00edgido y SSD<\/p>\n<p>M.2 2280<br \/>Interfaces<\/p>\n<p>PCIe Gen 4&#215;4,NVMe 1.4<br \/>Modelo<\/p>\n<p>P400LP1KGM28H<br \/>L\u00ednea<\/p>\n<p>P400<br \/>Aplicaciones<\/p>\n<p>PC,Notebook<\/p>\n","protected":false},"excerpt":{"rendered":"<p>Marca PatriotCapacidad 1 TBTransferencia de datos 3500 MB\/s lectura,2700 MB\/s escrituraProfundidad 8 cmC\u00f3digo universal de producto: 4711378424133onsumo energ\u00e9tico del disco r\u00edgido y SSD 2.38W activo,0.38W inactivoFactor de forma del disco r\u00edgido y SSD M.2 2280Interfaces PCIe Gen 4&#215;4,NVMe 1.4Modelo P400LP1KGM28HL\u00ednea P400Aplicaciones PC,Notebook<\/p>\n","protected":false},"featured_media":16361,"comment_status":"open","ping_status":"closed","template":"","meta":{"_uag_custom_page_level_css":""},"product_brand":[566],"product_cat":[106],"product_tag":[],"class_list":{"0":"post-16360","1":"product","2":"type-product","3":"status-publish","4":"has-post-thumbnail","6":"product_brand-patriot","7":"product_cat-discos-rigidos-ssd","9":"first","10":"outofstock","11":"sale","12":"taxable","13":"shipping-taxable","14":"purchasable","15":"product-type-simple"},"uagb_featured_image_src":{"full":["https:\/\/rms-enlinea.com.ar\/wp-content\/uploads\/2025\/06\/D_637838-MLA69683953607_052023-F.jpg",1200,355,false],"thumbnail":["https:\/\/rms-enlinea.com.ar\/wp-content\/uploads\/2025\/06\/D_637838-MLA69683953607_052023-F-150x150.jpg",150,150,true],"medium":["https:\/\/rms-enlinea.com.ar\/wp-content\/uploads\/2025\/06\/D_637838-MLA69683953607_052023-F-300x89.jpg",300,89,true],"medium_large":["https:\/\/rms-enlinea.com.ar\/wp-content\/uploads\/2025\/06\/D_637838-MLA69683953607_052023-F-768x227.jpg",768,227,true],"large":["https:\/\/rms-enlinea.com.ar\/wp-content\/uploads\/2025\/06\/D_637838-MLA69683953607_052023-F-1024x303.jpg",1024,303,true],"1536x1536":["https:\/\/rms-enlinea.com.ar\/wp-content\/uploads\/2025\/06\/D_637838-MLA69683953607_052023-F.jpg",1200,355,false],"2048x2048":["https:\/\/rms-enlinea.com.ar\/wp-content\/uploads\/2025\/06\/D_637838-MLA69683953607_052023-F.jpg",1200,355,false],"woocommerce_thumbnail":["https:\/\/rms-enlinea.com.ar\/wp-content\/uploads\/2025\/06\/D_637838-MLA69683953607_052023-F-450x355.jpg",450,355,true],"woocommerce_single":["https:\/\/rms-enlinea.com.ar\/wp-content\/uploads\/2025\/06\/D_637838-MLA69683953607_052023-F-600x178.jpg",600,178,true],"woocommerce_gallery_thumbnail":["https:\/\/rms-enlinea.com.ar\/wp-content\/uploads\/2025\/06\/D_637838-MLA69683953607_052023-F-100x100.jpg",100,100,true]},"uagb_author_info":{"display_name":"l0071054","author_link":"https:\/\/rms-enlinea.com.ar\/tienda\/author\/"},"uagb_comment_info":0,"uagb_excerpt":"Marca PatriotCapacidad 1 TBTransferencia de datos 3500 MB\/s lectura,2700 MB\/s escrituraProfundidad 8 cmC\u00f3digo universal de producto: 4711378424133onsumo energ\u00e9tico del disco r\u00edgido y SSD 2.38W activo,0.38W inactivoFactor de forma del disco r\u00edgido y SSD M.2 2280Interfaces PCIe Gen 4&#215;4,NVMe 1.4Modelo P400LP1KGM28HL\u00ednea P400Aplicaciones PC,Notebook","_links":{"self":[{"href":"https:\/\/rms-enlinea.com.ar\/tienda\/wp-json\/wp\/v2\/product\/16360","targetHints":{"allow":["GET"]}}],"collection":[{"href":"https:\/\/rms-enlinea.com.ar\/tienda\/wp-json\/wp\/v2\/product"}],"about":[{"href":"https:\/\/rms-enlinea.com.ar\/tienda\/wp-json\/wp\/v2\/types\/product"}],"replies":[{"embeddable":true,"href":"https:\/\/rms-enlinea.com.ar\/tienda\/wp-json\/wp\/v2\/comments?post=16360"}],"wp:featuredmedia":[{"embeddable":true,"href":"https:\/\/rms-enlinea.com.ar\/tienda\/wp-json\/wp\/v2\/media\/16361"}],"wp:attachment":[{"href":"https:\/\/rms-enlinea.com.ar\/tienda\/wp-json\/wp\/v2\/media?parent=16360"}],"wp:term":[{"taxonomy":"product_brand","embeddable":true,"href":"https:\/\/rms-enlinea.com.ar\/tienda\/wp-json\/wp\/v2\/product_brand?post=16360"},{"taxonomy":"product_cat","embeddable":true,"href":"https:\/\/rms-enlinea.com.ar\/tienda\/wp-json\/wp\/v2\/product_cat?post=16360"},{"taxonomy":"product_tag","embeddable":true,"href":"https:\/\/rms-enlinea.com.ar\/tienda\/wp-json\/wp\/v2\/product_tag?post=16360"}],"curies":[{"name":"wp","href":"https:\/\/api.w.org\/{rel}","templated":true}]}}