{"id":16389,"date":"2025-06-12T07:26:58","date_gmt":"2025-06-12T10:26:58","guid":{"rendered":"https:\/\/rms-enlinea.com.ar\/tienda\/producto\/auricular-razer-blackshark-v2-x-playstation-licensed-ps5\/"},"modified":"2026-04-03T04:30:15","modified_gmt":"2026-04-03T07:30:15","slug":"auricular-razer-blackshark-v2-x-playstation-licensed-ps5","status":"publish","type":"product","link":"https:\/\/rms-enlinea.com.ar\/tienda\/producto\/auricular-razer-blackshark-v2-x-playstation-licensed-ps5\/","title":{"rendered":"Auricular Razer Blackshark V2 X"},"content":{"rendered":"<p>Sensibilidad\t100 dB<br \/>Cable para auriculares\tEnchufe de 3.5 mm<br \/>Nombre del modelo\tBlackshark V2<br \/>Tecnolog\u00eda de conectividad\tAl\u00e1mbrico<br \/>Caracter\u00edsticas especiales\tCancelaci\u00f3n de ruido<br \/>Componentes incluidos\tGu\u00eda de informaci\u00f3n importante del producto, Razer Auriculares BlackShark V2 X<br \/>Usos Recomendados Para Producto\tVideojuegos<br \/>Dispositivos compatibles\tConsolas de Videojuegos, Videoconsolas, Dispositivos con conector de audio de 0.138 in<br \/>Tipo de control\tControl de volumen<br \/>N\u00famero de art\u00edculos\t1<br \/>Tipo de controlador de audio\tControlador din\u00e1mico<br \/>Tama\u00f1o del controlador de audio\t50 Mil\u00edmetros<br \/>Dimensiones del paquete\t10,16 x 7,83 x 4,69 pulgadas<\/p>\n","protected":false},"excerpt":{"rendered":"<p>Sensibilidad 100 dBCable para auriculares Enchufe de 3.5 mmNombre del modelo Blackshark V2Tecnolog\u00eda de conectividad Al\u00e1mbricoCaracter\u00edsticas especiales Cancelaci\u00f3n de ruidoComponentes incluidos Gu\u00eda de informaci\u00f3n importante del producto, Razer Auriculares BlackShark V2 XUsos Recomendados Para Producto VideojuegosDispositivos compatibles Consolas de Videojuegos, Videoconsolas, Dispositivos con conector de audio de 0.138 inTipo de control Control de volumenN\u00famero de [&hellip;]<\/p>\n","protected":false},"featured_media":16390,"comment_status":"open","ping_status":"closed","template":"","meta":{"_uag_custom_page_level_css":""},"product_brand":[559],"product_cat":[99],"product_tag":[],"class_list":{"0":"post-16389","1":"product","2":"type-product","3":"status-publish","4":"has-post-thumbnail","6":"product_brand-razer","7":"product_cat-auriculares-computacion","9":"first","10":"outofstock","11":"sale","12":"taxable","13":"shipping-taxable","14":"purchasable","15":"product-type-simple"},"uagb_featured_image_src":{"full":["https:\/\/rms-enlinea.com.ar\/wp-content\/uploads\/2025\/06\/D_838308-MLA77276479892_072024-F.jpg",411,403,false],"thumbnail":["https:\/\/rms-enlinea.com.ar\/wp-content\/uploads\/2025\/06\/D_838308-MLA77276479892_072024-F-150x150.jpg",150,150,true],"medium":["https:\/\/rms-enlinea.com.ar\/wp-content\/uploads\/2025\/06\/D_838308-MLA77276479892_072024-F-300x294.jpg",300,294,true],"medium_large":["https:\/\/rms-enlinea.com.ar\/wp-content\/uploads\/2025\/06\/D_838308-MLA77276479892_072024-F.jpg",411,403,false],"large":["https:\/\/rms-enlinea.com.ar\/wp-content\/uploads\/2025\/06\/D_838308-MLA77276479892_072024-F.jpg",411,403,false],"1536x1536":["https:\/\/rms-enlinea.com.ar\/wp-content\/uploads\/2025\/06\/D_838308-MLA77276479892_072024-F.jpg",411,403,false],"2048x2048":["https:\/\/rms-enlinea.com.ar\/wp-content\/uploads\/2025\/06\/D_838308-MLA77276479892_072024-F.jpg",411,403,false],"woocommerce_thumbnail":["https:\/\/rms-enlinea.com.ar\/wp-content\/uploads\/2025\/06\/D_838308-MLA77276479892_072024-F.jpg",411,403,false],"woocommerce_single":["https:\/\/rms-enlinea.com.ar\/wp-content\/uploads\/2025\/06\/D_838308-MLA77276479892_072024-F.jpg",411,403,false],"woocommerce_gallery_thumbnail":["https:\/\/rms-enlinea.com.ar\/wp-content\/uploads\/2025\/06\/D_838308-MLA77276479892_072024-F-100x100.jpg",100,100,true]},"uagb_author_info":{"display_name":"l0071054","author_link":"https:\/\/rms-enlinea.com.ar\/tienda\/author\/"},"uagb_comment_info":0,"uagb_excerpt":"Sensibilidad 100 dBCable para auriculares Enchufe de 3.5 mmNombre del modelo Blackshark V2Tecnolog\u00eda de conectividad Al\u00e1mbricoCaracter\u00edsticas especiales Cancelaci\u00f3n de ruidoComponentes incluidos Gu\u00eda de informaci\u00f3n importante del producto, Razer Auriculares BlackShark V2 XUsos Recomendados Para Producto VideojuegosDispositivos compatibles Consolas de Videojuegos, Videoconsolas, Dispositivos con conector de audio de 0.138 inTipo de control Control de volumenN\u00famero de&hellip;","_links":{"self":[{"href":"https:\/\/rms-enlinea.com.ar\/tienda\/wp-json\/wp\/v2\/product\/16389","targetHints":{"allow":["GET"]}}],"collection":[{"href":"https:\/\/rms-enlinea.com.ar\/tienda\/wp-json\/wp\/v2\/product"}],"about":[{"href":"https:\/\/rms-enlinea.com.ar\/tienda\/wp-json\/wp\/v2\/types\/product"}],"replies":[{"embeddable":true,"href":"https:\/\/rms-enlinea.com.ar\/tienda\/wp-json\/wp\/v2\/comments?post=16389"}],"wp:featuredmedia":[{"embeddable":true,"href":"https:\/\/rms-enlinea.com.ar\/tienda\/wp-json\/wp\/v2\/media\/16390"}],"wp:attachment":[{"href":"https:\/\/rms-enlinea.com.ar\/tienda\/wp-json\/wp\/v2\/media?parent=16389"}],"wp:term":[{"taxonomy":"product_brand","embeddable":true,"href":"https:\/\/rms-enlinea.com.ar\/tienda\/wp-json\/wp\/v2\/product_brand?post=16389"},{"taxonomy":"product_cat","embeddable":true,"href":"https:\/\/rms-enlinea.com.ar\/tienda\/wp-json\/wp\/v2\/product_cat?post=16389"},{"taxonomy":"product_tag","embeddable":true,"href":"https:\/\/rms-enlinea.com.ar\/tienda\/wp-json\/wp\/v2\/product_tag?post=16389"}],"curies":[{"name":"wp","href":"https:\/\/api.w.org\/{rel}","templated":true}]}}