{"id":1644,"date":"2025-06-12T02:10:59","date_gmt":"2025-06-12T05:10:59","guid":{"rendered":"https:\/\/rms-enlinea.com.ar\/tienda\/producto\/placa-de-video-gigabyte-rtx-5070-eagle-oc-12gb-pcie-5-0\/"},"modified":"2026-02-20T21:40:13","modified_gmt":"2026-02-21T00:40:13","slug":"placa-de-video-gigabyte-rtx-5070-eagle-oc-12gb-pcie-5-0","status":"publish","type":"product","link":"https:\/\/rms-enlinea.com.ar\/tienda\/producto\/placa-de-video-gigabyte-rtx-5070-eagle-oc-12gb-pcie-5-0\/","title":{"rendered":"Placa De Video Gigabyte Rtx 5070 Eagle Oc 12gb Pcie 5.0"},"content":{"rendered":"<p>Procesamiento de gr\u00e1ficos<br \/>GeForce RTX\u2122 5070<br \/>Reloj central<br \/>2587 MHz (Tarjeta de referencia: 2512 MHz)<br \/>N\u00facleos CUDA<br \/>6144<br \/>Reloj de memoria<br \/>28 Gbps<br \/>Tama\u00f1o de la memoria<br \/>12 GB<br \/>Tipo de memoria<br \/>GDDR7<br \/>Bus de memoria<br \/>192 bits<br \/>Card Bus<br \/>PCI-E 5.0<br \/>Resoluci\u00f3n m\u00e1xima digital<br \/>7680&#215;4320<br \/>Vista m\u00faltiple<br \/>4<br \/>Tama\u00f1o de la tarjeta<br \/>Largo: 290 Ancho: 120 Alto: 50 mm<br \/>Formulario de PCB<br \/>ATX<br \/>DirectX<br \/>API de DirectX 12<br \/>OpenGL<br \/>4.6<br \/>Fuente de alimentaci\u00f3n recomendada<br \/>750 W<br \/>Conectores de alimentaci\u00f3n<br \/>16 pines*1<br \/>Puertos<br \/>DisplayPort 2.1b *3<br \/> \tHDMI 2.1b *1<\/p>\n","protected":false},"excerpt":{"rendered":"<p>Procesamiento de gr\u00e1ficosGeForce RTX\u2122 5070Reloj central2587 MHz (Tarjeta de referencia: 2512 MHz)N\u00facleos CUDA6144Reloj de memoria28 GbpsTama\u00f1o de la memoria12 GBTipo de memoriaGDDR7Bus de memoria192 bitsCard BusPCI-E 5.0Resoluci\u00f3n m\u00e1xima digital7680&#215;4320Vista m\u00faltiple4Tama\u00f1o de la tarjetaLargo: 290 Ancho: 120 Alto: 50 mmFormulario de PCBATXDirectXAPI de DirectX 12OpenGL4.6Fuente de alimentaci\u00f3n recomendada750 WConectores de alimentaci\u00f3n16 pines*1PuertosDisplayPort 2.1b *3 HDMI 2.1b [&hellip;]<\/p>\n","protected":false},"featured_media":1645,"comment_status":"open","ping_status":"closed","template":"","meta":{"_uag_custom_page_level_css":""},"product_brand":[532],"product_cat":[120],"product_tag":[],"class_list":{"0":"post-1644","1":"product","2":"type-product","3":"status-publish","4":"has-post-thumbnail","6":"product_brand-gigabyte","7":"product_cat-placas-de-video","9":"first","10":"outofstock","11":"sale","12":"taxable","13":"shipping-taxable","14":"purchasable","15":"product-type-simple"},"uagb_featured_image_src":{"full":["https:\/\/rms-enlinea.com.ar\/wp-content\/uploads\/2025\/06\/D_875140-MLA84546177211_052025-F.jpg",558,566,false],"thumbnail":["https:\/\/rms-enlinea.com.ar\/wp-content\/uploads\/2025\/06\/D_875140-MLA84546177211_052025-F-150x150.jpg",150,150,true],"medium":["https:\/\/rms-enlinea.com.ar\/wp-content\/uploads\/2025\/06\/D_875140-MLA84546177211_052025-F-296x300.jpg",296,300,true],"medium_large":["https:\/\/rms-enlinea.com.ar\/wp-content\/uploads\/2025\/06\/D_875140-MLA84546177211_052025-F.jpg",558,566,false],"large":["https:\/\/rms-enlinea.com.ar\/wp-content\/uploads\/2025\/06\/D_875140-MLA84546177211_052025-F.jpg",558,566,false],"1536x1536":["https:\/\/rms-enlinea.com.ar\/wp-content\/uploads\/2025\/06\/D_875140-MLA84546177211_052025-F.jpg",558,566,false],"2048x2048":["https:\/\/rms-enlinea.com.ar\/wp-content\/uploads\/2025\/06\/D_875140-MLA84546177211_052025-F.jpg",558,566,false],"woocommerce_thumbnail":["https:\/\/rms-enlinea.com.ar\/wp-content\/uploads\/2025\/06\/D_875140-MLA84546177211_052025-F-450x450.jpg",450,450,true],"woocommerce_single":["https:\/\/rms-enlinea.com.ar\/wp-content\/uploads\/2025\/06\/D_875140-MLA84546177211_052025-F.jpg",558,566,false],"woocommerce_gallery_thumbnail":["https:\/\/rms-enlinea.com.ar\/wp-content\/uploads\/2025\/06\/D_875140-MLA84546177211_052025-F-100x100.jpg",100,100,true]},"uagb_author_info":{"display_name":"l0071054","author_link":"https:\/\/rms-enlinea.com.ar\/tienda\/author\/"},"uagb_comment_info":0,"uagb_excerpt":"Procesamiento de gr\u00e1ficosGeForce RTX\u2122 5070Reloj central2587 MHz (Tarjeta de referencia: 2512 MHz)N\u00facleos CUDA6144Reloj de memoria28 GbpsTama\u00f1o de la memoria12 GBTipo de memoriaGDDR7Bus de memoria192 bitsCard BusPCI-E 5.0Resoluci\u00f3n m\u00e1xima digital7680&#215;4320Vista m\u00faltiple4Tama\u00f1o de la tarjetaLargo: 290 Ancho: 120 Alto: 50 mmFormulario de PCBATXDirectXAPI de DirectX 12OpenGL4.6Fuente de alimentaci\u00f3n recomendada750 WConectores de alimentaci\u00f3n16 pines*1PuertosDisplayPort 2.1b *3 HDMI 2.1b&hellip;","_links":{"self":[{"href":"https:\/\/rms-enlinea.com.ar\/tienda\/wp-json\/wp\/v2\/product\/1644","targetHints":{"allow":["GET"]}}],"collection":[{"href":"https:\/\/rms-enlinea.com.ar\/tienda\/wp-json\/wp\/v2\/product"}],"about":[{"href":"https:\/\/rms-enlinea.com.ar\/tienda\/wp-json\/wp\/v2\/types\/product"}],"replies":[{"embeddable":true,"href":"https:\/\/rms-enlinea.com.ar\/tienda\/wp-json\/wp\/v2\/comments?post=1644"}],"wp:featuredmedia":[{"embeddable":true,"href":"https:\/\/rms-enlinea.com.ar\/tienda\/wp-json\/wp\/v2\/media\/1645"}],"wp:attachment":[{"href":"https:\/\/rms-enlinea.com.ar\/tienda\/wp-json\/wp\/v2\/media?parent=1644"}],"wp:term":[{"taxonomy":"product_brand","embeddable":true,"href":"https:\/\/rms-enlinea.com.ar\/tienda\/wp-json\/wp\/v2\/product_brand?post=1644"},{"taxonomy":"product_cat","embeddable":true,"href":"https:\/\/rms-enlinea.com.ar\/tienda\/wp-json\/wp\/v2\/product_cat?post=1644"},{"taxonomy":"product_tag","embeddable":true,"href":"https:\/\/rms-enlinea.com.ar\/tienda\/wp-json\/wp\/v2\/product_tag?post=1644"}],"curies":[{"name":"wp","href":"https:\/\/api.w.org\/{rel}","templated":true}]}}