{"id":16452,"date":"2025-06-12T07:28:11","date_gmt":"2025-06-12T10:28:11","guid":{"rendered":"https:\/\/rms-enlinea.com.ar\/tienda\/producto\/soporte-tv-pared-17-a-42-vesa-200x200mm-20intelaid-it-tsl42\/"},"modified":"2026-04-21T04:08:24","modified_gmt":"2026-04-21T07:08:24","slug":"soporte-tv-pared-17-a-42-vesa-200x200mm-20intelaid-it-tsl42","status":"publish","type":"product","link":"https:\/\/rms-enlinea.com.ar\/tienda\/producto\/soporte-tv-pared-17-a-42-vesa-200x200mm-20intelaid-it-tsl42\/","title":{"rendered":"Soporte Tv Pared 17 A 42 Vesa 200x200mm 20intelaid It-tsl42"},"content":{"rendered":"<p>Marca<\/p>\n<p>Intelaid<br \/>\nTipos de pantallas soportadas<\/p>\n<p>LCD,LED<br \/>\nC\u00f3digo universal de producto<\/p>\n<p>4805726470573<br \/>\nIncluye kit de instalaci\u00f3n<\/p>\n<p>S\u00ed<br \/>\nEs articulado<\/p>\n<p>S\u00ed<br \/>\nEs fijo<\/p>\n<p>S\u00ed<br \/>\nEs inclinable<\/p>\n<p>S\u00ed<br \/>\nTama\u00f1o m\u00e1ximo de la pantalla<\/p>\n<p>42 &#8221;<br \/>\nDistancia m\u00e1xima de la pared<\/p>\n<p>392 mm<br \/>\nPeso m\u00e1ximo soportado<\/p>\n<p>20 kg<br \/>\nTama\u00f1o m\u00ednimo de la pantalla<\/p>\n<p>23 &#8221;<br \/>\nDistancia m\u00ednima de la pared<\/p>\n<p>82 mm<br \/>\nModelo<\/p>\n<p>IT-TSL42<br \/>\nLugar de montaje<\/p>\n<p>Pared<br \/>\nEst\u00e1ndares VESA<\/p>\n<p>75&#215;75,100&#215;100,200&#215;100,200&#215;200<\/p>\n","protected":false},"excerpt":{"rendered":"<p>Marca Intelaid Tipos de pantallas soportadas LCD,LED C\u00f3digo universal de producto 4805726470573 Incluye kit de instalaci\u00f3n S\u00ed Es articulado S\u00ed Es fijo S\u00ed Es inclinable S\u00ed Tama\u00f1o m\u00e1ximo de la pantalla 42 &#8221; Distancia m\u00e1xima de la pared 392 mm Peso m\u00e1ximo soportado 20 kg Tama\u00f1o m\u00ednimo de la pantalla 23 &#8221; Distancia m\u00ednima de [&hellip;]<\/p>\n","protected":false},"featured_media":16453,"comment_status":"open","ping_status":"closed","template":"","meta":{"_uag_custom_page_level_css":""},"product_brand":[575],"product_cat":[461],"product_tag":[],"class_list":{"0":"post-16452","1":"product","2":"type-product","3":"status-publish","4":"has-post-thumbnail","6":"product_brand-intelaid","7":"product_cat-soportes-computacion","9":"first","10":"outofstock","11":"sale","12":"taxable","13":"shipping-taxable","14":"purchasable","15":"product-type-simple"},"uagb_featured_image_src":{"full":["https:\/\/rms-enlinea.com.ar\/wp-content\/uploads\/2025\/06\/D_769844-MLA77148048478_062024-F.jpg",996,819,false],"thumbnail":["https:\/\/rms-enlinea.com.ar\/wp-content\/uploads\/2025\/06\/D_769844-MLA77148048478_062024-F-150x150.jpg",150,150,true],"medium":["https:\/\/rms-enlinea.com.ar\/wp-content\/uploads\/2025\/06\/D_769844-MLA77148048478_062024-F-300x247.jpg",300,247,true],"medium_large":["https:\/\/rms-enlinea.com.ar\/wp-content\/uploads\/2025\/06\/D_769844-MLA77148048478_062024-F-768x632.jpg",768,632,true],"large":["https:\/\/rms-enlinea.com.ar\/wp-content\/uploads\/2025\/06\/D_769844-MLA77148048478_062024-F.jpg",996,819,false],"1536x1536":["https:\/\/rms-enlinea.com.ar\/wp-content\/uploads\/2025\/06\/D_769844-MLA77148048478_062024-F.jpg",996,819,false],"2048x2048":["https:\/\/rms-enlinea.com.ar\/wp-content\/uploads\/2025\/06\/D_769844-MLA77148048478_062024-F.jpg",996,819,false],"woocommerce_thumbnail":["https:\/\/rms-enlinea.com.ar\/wp-content\/uploads\/2025\/06\/D_769844-MLA77148048478_062024-F-450x450.jpg",450,450,true],"woocommerce_single":["https:\/\/rms-enlinea.com.ar\/wp-content\/uploads\/2025\/06\/D_769844-MLA77148048478_062024-F-600x493.jpg",600,493,true],"woocommerce_gallery_thumbnail":["https:\/\/rms-enlinea.com.ar\/wp-content\/uploads\/2025\/06\/D_769844-MLA77148048478_062024-F-100x100.jpg",100,100,true]},"uagb_author_info":{"display_name":"l0071054","author_link":"https:\/\/rms-enlinea.com.ar\/tienda\/author\/"},"uagb_comment_info":0,"uagb_excerpt":"Marca Intelaid Tipos de pantallas soportadas LCD,LED C\u00f3digo universal de producto 4805726470573 Incluye kit de instalaci\u00f3n S\u00ed Es articulado S\u00ed Es fijo S\u00ed Es inclinable S\u00ed Tama\u00f1o m\u00e1ximo de la pantalla 42 &#8221; Distancia m\u00e1xima de la pared 392 mm Peso m\u00e1ximo soportado 20 kg Tama\u00f1o m\u00ednimo de la pantalla 23 &#8221; Distancia m\u00ednima de&hellip;","_links":{"self":[{"href":"https:\/\/rms-enlinea.com.ar\/tienda\/wp-json\/wp\/v2\/product\/16452","targetHints":{"allow":["GET"]}}],"collection":[{"href":"https:\/\/rms-enlinea.com.ar\/tienda\/wp-json\/wp\/v2\/product"}],"about":[{"href":"https:\/\/rms-enlinea.com.ar\/tienda\/wp-json\/wp\/v2\/types\/product"}],"replies":[{"embeddable":true,"href":"https:\/\/rms-enlinea.com.ar\/tienda\/wp-json\/wp\/v2\/comments?post=16452"}],"wp:featuredmedia":[{"embeddable":true,"href":"https:\/\/rms-enlinea.com.ar\/tienda\/wp-json\/wp\/v2\/media\/16453"}],"wp:attachment":[{"href":"https:\/\/rms-enlinea.com.ar\/tienda\/wp-json\/wp\/v2\/media?parent=16452"}],"wp:term":[{"taxonomy":"product_brand","embeddable":true,"href":"https:\/\/rms-enlinea.com.ar\/tienda\/wp-json\/wp\/v2\/product_brand?post=16452"},{"taxonomy":"product_cat","embeddable":true,"href":"https:\/\/rms-enlinea.com.ar\/tienda\/wp-json\/wp\/v2\/product_cat?post=16452"},{"taxonomy":"product_tag","embeddable":true,"href":"https:\/\/rms-enlinea.com.ar\/tienda\/wp-json\/wp\/v2\/product_tag?post=16452"}],"curies":[{"name":"wp","href":"https:\/\/api.w.org\/{rel}","templated":true}]}}