{"id":16463,"date":"2025-06-12T07:28:19","date_gmt":"2025-06-12T10:28:19","guid":{"rendered":"https:\/\/rms-enlinea.com.ar\/tienda\/producto\/pantalla-de-inmersion-tripode-106-crina-streaming-it-tpg106\/"},"modified":"2026-04-21T06:11:00","modified_gmt":"2026-04-21T09:11:00","slug":"pantalla-de-inmersion-tripode-106-crina-streaming-it-tpg106","status":"publish","type":"product","link":"https:\/\/rms-enlinea.com.ar\/tienda\/producto\/pantalla-de-inmersion-tripode-106-crina-streaming-it-tpg106\/","title":{"rendered":"Pantalla De Inmersion Tripode 106 Crina Streaming It-tpg106"},"content":{"rendered":"<p>Especificaciones<br \/>\nCategor\u00eda de Producto: Pantalla de inmersi\u00f3n con tr\u00edpode<br \/>\nMaterial de Pantalla: Poli\u00e9ster<br \/>\nDimensiones de la Imagen: 180\u00d7200cm<br \/>\nDiagonal: 106\u201d<br \/>\nDimensiones de la Caja: 188cm<br \/>\nMaterial de la Caja: Acero<br \/>\nColor de la Caja: Negro<\/p>\n","protected":false},"excerpt":{"rendered":"<p>Especificaciones Categor\u00eda de Producto: Pantalla de inmersi\u00f3n con tr\u00edpode Material de Pantalla: Poli\u00e9ster Dimensiones de la Imagen: 180\u00d7200cm Diagonal: 106\u201d Dimensiones de la Caja: 188cm Material de la Caja: Acero Color de la Caja: Negro<\/p>\n","protected":false},"featured_media":16464,"comment_status":"open","ping_status":"closed","template":"","meta":{"_uag_custom_page_level_css":""},"product_brand":[],"product_cat":[461],"product_tag":[],"class_list":{"0":"post-16463","1":"product","2":"type-product","3":"status-publish","4":"has-post-thumbnail","6":"product_cat-soportes-computacion","8":"first","9":"outofstock","10":"sale","11":"taxable","12":"shipping-taxable","13":"purchasable","14":"product-type-simple"},"uagb_featured_image_src":{"full":["https:\/\/rms-enlinea.com.ar\/wp-content\/uploads\/2025\/06\/D_640710-MLA77382500721_072024-F.jpg",480,809,false],"thumbnail":["https:\/\/rms-enlinea.com.ar\/wp-content\/uploads\/2025\/06\/D_640710-MLA77382500721_072024-F-150x150.jpg",150,150,true],"medium":["https:\/\/rms-enlinea.com.ar\/wp-content\/uploads\/2025\/06\/D_640710-MLA77382500721_072024-F-178x300.jpg",178,300,true],"medium_large":["https:\/\/rms-enlinea.com.ar\/wp-content\/uploads\/2025\/06\/D_640710-MLA77382500721_072024-F.jpg",480,809,false],"large":["https:\/\/rms-enlinea.com.ar\/wp-content\/uploads\/2025\/06\/D_640710-MLA77382500721_072024-F.jpg",480,809,false],"1536x1536":["https:\/\/rms-enlinea.com.ar\/wp-content\/uploads\/2025\/06\/D_640710-MLA77382500721_072024-F.jpg",480,809,false],"2048x2048":["https:\/\/rms-enlinea.com.ar\/wp-content\/uploads\/2025\/06\/D_640710-MLA77382500721_072024-F.jpg",480,809,false],"woocommerce_thumbnail":["https:\/\/rms-enlinea.com.ar\/wp-content\/uploads\/2025\/06\/D_640710-MLA77382500721_072024-F-450x450.jpg",450,450,true],"woocommerce_single":["https:\/\/rms-enlinea.com.ar\/wp-content\/uploads\/2025\/06\/D_640710-MLA77382500721_072024-F.jpg",480,809,false],"woocommerce_gallery_thumbnail":["https:\/\/rms-enlinea.com.ar\/wp-content\/uploads\/2025\/06\/D_640710-MLA77382500721_072024-F-100x100.jpg",100,100,true]},"uagb_author_info":{"display_name":"l0071054","author_link":"https:\/\/rms-enlinea.com.ar\/tienda\/author\/"},"uagb_comment_info":0,"uagb_excerpt":"Especificaciones Categor\u00eda de Producto: Pantalla de inmersi\u00f3n con tr\u00edpode Material de Pantalla: Poli\u00e9ster Dimensiones de la Imagen: 180\u00d7200cm Diagonal: 106\u201d Dimensiones de la Caja: 188cm Material de la Caja: Acero Color de la Caja: Negro","_links":{"self":[{"href":"https:\/\/rms-enlinea.com.ar\/tienda\/wp-json\/wp\/v2\/product\/16463","targetHints":{"allow":["GET"]}}],"collection":[{"href":"https:\/\/rms-enlinea.com.ar\/tienda\/wp-json\/wp\/v2\/product"}],"about":[{"href":"https:\/\/rms-enlinea.com.ar\/tienda\/wp-json\/wp\/v2\/types\/product"}],"replies":[{"embeddable":true,"href":"https:\/\/rms-enlinea.com.ar\/tienda\/wp-json\/wp\/v2\/comments?post=16463"}],"wp:featuredmedia":[{"embeddable":true,"href":"https:\/\/rms-enlinea.com.ar\/tienda\/wp-json\/wp\/v2\/media\/16464"}],"wp:attachment":[{"href":"https:\/\/rms-enlinea.com.ar\/tienda\/wp-json\/wp\/v2\/media?parent=16463"}],"wp:term":[{"taxonomy":"product_brand","embeddable":true,"href":"https:\/\/rms-enlinea.com.ar\/tienda\/wp-json\/wp\/v2\/product_brand?post=16463"},{"taxonomy":"product_cat","embeddable":true,"href":"https:\/\/rms-enlinea.com.ar\/tienda\/wp-json\/wp\/v2\/product_cat?post=16463"},{"taxonomy":"product_tag","embeddable":true,"href":"https:\/\/rms-enlinea.com.ar\/tienda\/wp-json\/wp\/v2\/product_tag?post=16463"}],"curies":[{"name":"wp","href":"https:\/\/api.w.org\/{rel}","templated":true}]}}