{"id":16489,"date":"2025-06-12T07:28:42","date_gmt":"2025-06-12T10:28:42","guid":{"rendered":"https:\/\/rms-enlinea.com.ar\/tienda\/producto\/soporte-telescopico-doble-tv-led-techo-intelaid-cbs42d\/"},"modified":"2026-04-02T17:17:55","modified_gmt":"2026-04-02T20:17:55","slug":"soporte-telescopico-doble-tv-led-techo-intelaid-cbs42d","status":"publish","type":"product","link":"https:\/\/rms-enlinea.com.ar\/tienda\/producto\/soporte-telescopico-doble-tv-led-techo-intelaid-cbs42d\/","title":{"rendered":"Soporte Telesc\u00f3pico Doble Tv Led Techo Intelaid Cbs42d"},"content":{"rendered":"<p>Dimensiones:<\/p>\n<p>480x435x1778mm<br \/>Tama\u00f1o de pantalla recomendado:<\/p>\n<p>32 &#8220;-55&#8221;<br \/>Patr\u00f3n de orificio de montaje:<\/p>\n<p>VESA &#038; Universal<br \/>Categoria de producto:<\/p>\n<p>Soporte telesc\u00f3pico de techo<br \/>VESA Compatible:<\/p>\n<p>200&#215;200,300&#215;300,400&#215;200,400&#215;400<br \/>Capacidad de peso:<\/p>\n<p>45 kg x2<br \/>Material:<\/p>\n<p>Acero<br \/>Acabado de la superficie:<\/p>\n<p>Recubrimiento en polvo<br \/>Ajuste TV curva:<\/p>\n<p>Si<\/p>\n","protected":false},"excerpt":{"rendered":"<p>Dimensiones: 480x435x1778mmTama\u00f1o de pantalla recomendado: 32 &#8220;-55&#8221;Patr\u00f3n de orificio de montaje: VESA &#038; UniversalCategoria de producto: Soporte telesc\u00f3pico de techoVESA Compatible: 200&#215;200,300&#215;300,400&#215;200,400&#215;400Capacidad de peso: 45 kg x2Material: AceroAcabado de la superficie: Recubrimiento en polvoAjuste TV curva: Si<\/p>\n","protected":false},"featured_media":16490,"comment_status":"open","ping_status":"closed","template":"","meta":{"_uag_custom_page_level_css":""},"product_brand":[575],"product_cat":[461],"product_tag":[],"class_list":{"0":"post-16489","1":"product","2":"type-product","3":"status-publish","4":"has-post-thumbnail","6":"product_brand-intelaid","7":"product_cat-soportes-computacion","9":"first","10":"outofstock","11":"sale","12":"taxable","13":"shipping-taxable","14":"purchasable","15":"product-type-simple"},"uagb_featured_image_src":{"full":["https:\/\/rms-enlinea.com.ar\/wp-content\/uploads\/2025\/06\/D_770798-MLA77382314959_072024-F.jpg",358,1022,false],"thumbnail":["https:\/\/rms-enlinea.com.ar\/wp-content\/uploads\/2025\/06\/D_770798-MLA77382314959_072024-F-150x150.jpg",150,150,true],"medium":["https:\/\/rms-enlinea.com.ar\/wp-content\/uploads\/2025\/06\/D_770798-MLA77382314959_072024-F-105x300.jpg",105,300,true],"medium_large":["https:\/\/rms-enlinea.com.ar\/wp-content\/uploads\/2025\/06\/D_770798-MLA77382314959_072024-F.jpg",358,1022,false],"large":["https:\/\/rms-enlinea.com.ar\/wp-content\/uploads\/2025\/06\/D_770798-MLA77382314959_072024-F.jpg",358,1022,false],"1536x1536":["https:\/\/rms-enlinea.com.ar\/wp-content\/uploads\/2025\/06\/D_770798-MLA77382314959_072024-F.jpg",358,1022,false],"2048x2048":["https:\/\/rms-enlinea.com.ar\/wp-content\/uploads\/2025\/06\/D_770798-MLA77382314959_072024-F.jpg",358,1022,false],"woocommerce_thumbnail":["https:\/\/rms-enlinea.com.ar\/wp-content\/uploads\/2025\/06\/D_770798-MLA77382314959_072024-F-358x450.jpg",358,450,true],"woocommerce_single":["https:\/\/rms-enlinea.com.ar\/wp-content\/uploads\/2025\/06\/D_770798-MLA77382314959_072024-F.jpg",358,1022,false],"woocommerce_gallery_thumbnail":["https:\/\/rms-enlinea.com.ar\/wp-content\/uploads\/2025\/06\/D_770798-MLA77382314959_072024-F-100x100.jpg",100,100,true]},"uagb_author_info":{"display_name":"l0071054","author_link":"https:\/\/rms-enlinea.com.ar\/tienda\/author\/"},"uagb_comment_info":0,"uagb_excerpt":"Dimensiones: 480x435x1778mmTama\u00f1o de pantalla recomendado: 32 &#8220;-55&#8221;Patr\u00f3n de orificio de montaje: VESA &#038; UniversalCategoria de producto: Soporte telesc\u00f3pico de techoVESA Compatible: 200&#215;200,300&#215;300,400&#215;200,400&#215;400Capacidad de peso: 45 kg x2Material: AceroAcabado de la superficie: Recubrimiento en polvoAjuste TV curva: Si","_links":{"self":[{"href":"https:\/\/rms-enlinea.com.ar\/tienda\/wp-json\/wp\/v2\/product\/16489","targetHints":{"allow":["GET"]}}],"collection":[{"href":"https:\/\/rms-enlinea.com.ar\/tienda\/wp-json\/wp\/v2\/product"}],"about":[{"href":"https:\/\/rms-enlinea.com.ar\/tienda\/wp-json\/wp\/v2\/types\/product"}],"replies":[{"embeddable":true,"href":"https:\/\/rms-enlinea.com.ar\/tienda\/wp-json\/wp\/v2\/comments?post=16489"}],"wp:featuredmedia":[{"embeddable":true,"href":"https:\/\/rms-enlinea.com.ar\/tienda\/wp-json\/wp\/v2\/media\/16490"}],"wp:attachment":[{"href":"https:\/\/rms-enlinea.com.ar\/tienda\/wp-json\/wp\/v2\/media?parent=16489"}],"wp:term":[{"taxonomy":"product_brand","embeddable":true,"href":"https:\/\/rms-enlinea.com.ar\/tienda\/wp-json\/wp\/v2\/product_brand?post=16489"},{"taxonomy":"product_cat","embeddable":true,"href":"https:\/\/rms-enlinea.com.ar\/tienda\/wp-json\/wp\/v2\/product_cat?post=16489"},{"taxonomy":"product_tag","embeddable":true,"href":"https:\/\/rms-enlinea.com.ar\/tienda\/wp-json\/wp\/v2\/product_tag?post=16489"}],"curies":[{"name":"wp","href":"https:\/\/api.w.org\/{rel}","templated":true}]}}