{"id":16503,"date":"2025-06-12T07:28:56","date_gmt":"2025-06-12T10:28:56","guid":{"rendered":"https:\/\/rms-enlinea.com.ar\/tienda\/producto\/base-movil-ajustable-400-600mm-usos-varios-intelaid-it-esi\/"},"modified":"2026-04-06T11:38:51","modified_gmt":"2026-04-06T14:38:51","slug":"base-movil-ajustable-400-600mm-usos-varios-intelaid-it-esi","status":"publish","type":"product","link":"https:\/\/rms-enlinea.com.ar\/tienda\/producto\/base-movil-ajustable-400-600mm-usos-varios-intelaid-it-esi\/","title":{"rendered":"Base Movil Ajustable 400-600mm Usos Varios Intelaid It-esi"},"content":{"rendered":"<p>El SOPORTE BASE MOVIL INTELAID AJUSTABLE 400-600MM es un soporte ajustable dise\u00f1ado para sostener dispositivos m\u00f3viles de diferentes tama\u00f1os. Con una altura ajustable de 400 a 600 mm, este soporte es ideal para colocar smartphones, tablets u otros dispositivos electr\u00f3nicos de forma segura y c\u00f3moda.<br \/>Este producto es vers\u00e1til y funcional, ya que te permite tener tus dispositivos a la altura y \u00e1ngulo de visi\u00f3n que prefieras, lo que puede ser \u00fatil para realizar videollamadas, ver videos, leer contenido o simplemente mantener tu dispositivo a mano mientras trabajas.<br \/>El SOPORTE BASE MOVIL INTELAID AJUSTABLE es una excelente opci\u00f3n para mantener tus dispositivos organizados y protegidos, evitando que se caigan o se da\u00f1en. \u00a1Es una soluci\u00f3n pr\u00e1ctica y conveniente para tu vida diaria!<\/p>\n<p>Marca<\/p>\n<p>Intelaid<br \/>C\u00f3digo universal de producto<\/p>\n<p>4805726470191<br \/>Modelo<\/p>\n<p>IT-ESI<\/p>\n","protected":false},"excerpt":{"rendered":"<p>El SOPORTE BASE MOVIL INTELAID AJUSTABLE 400-600MM es un soporte ajustable dise\u00f1ado para sostener dispositivos m\u00f3viles de diferentes tama\u00f1os. Con una altura ajustable de 400 a 600 mm, este soporte es ideal para colocar smartphones, tablets u otros dispositivos electr\u00f3nicos de forma segura y c\u00f3moda.Este producto es vers\u00e1til y funcional, ya que te permite tener [&hellip;]<\/p>\n","protected":false},"featured_media":16504,"comment_status":"open","ping_status":"closed","template":"","meta":{"_uag_custom_page_level_css":""},"product_brand":[575],"product_cat":[461],"product_tag":[],"class_list":{"0":"post-16503","1":"product","2":"type-product","3":"status-publish","4":"has-post-thumbnail","6":"product_brand-intelaid","7":"product_cat-soportes-computacion","9":"first","10":"outofstock","11":"sale","12":"taxable","13":"shipping-taxable","14":"purchasable","15":"product-type-simple"},"uagb_featured_image_src":{"full":["https:\/\/rms-enlinea.com.ar\/wp-content\/uploads\/2025\/06\/D_792512-MLA77382008245_072024-F.jpg",980,462,false],"thumbnail":["https:\/\/rms-enlinea.com.ar\/wp-content\/uploads\/2025\/06\/D_792512-MLA77382008245_072024-F-150x150.jpg",150,150,true],"medium":["https:\/\/rms-enlinea.com.ar\/wp-content\/uploads\/2025\/06\/D_792512-MLA77382008245_072024-F-300x141.jpg",300,141,true],"medium_large":["https:\/\/rms-enlinea.com.ar\/wp-content\/uploads\/2025\/06\/D_792512-MLA77382008245_072024-F-768x362.jpg",768,362,true],"large":["https:\/\/rms-enlinea.com.ar\/wp-content\/uploads\/2025\/06\/D_792512-MLA77382008245_072024-F.jpg",980,462,false],"1536x1536":["https:\/\/rms-enlinea.com.ar\/wp-content\/uploads\/2025\/06\/D_792512-MLA77382008245_072024-F.jpg",980,462,false],"2048x2048":["https:\/\/rms-enlinea.com.ar\/wp-content\/uploads\/2025\/06\/D_792512-MLA77382008245_072024-F.jpg",980,462,false],"woocommerce_thumbnail":["https:\/\/rms-enlinea.com.ar\/wp-content\/uploads\/2025\/06\/D_792512-MLA77382008245_072024-F-450x450.jpg",450,450,true],"woocommerce_single":["https:\/\/rms-enlinea.com.ar\/wp-content\/uploads\/2025\/06\/D_792512-MLA77382008245_072024-F-600x283.jpg",600,283,true],"woocommerce_gallery_thumbnail":["https:\/\/rms-enlinea.com.ar\/wp-content\/uploads\/2025\/06\/D_792512-MLA77382008245_072024-F-100x100.jpg",100,100,true]},"uagb_author_info":{"display_name":"l0071054","author_link":"https:\/\/rms-enlinea.com.ar\/tienda\/author\/"},"uagb_comment_info":0,"uagb_excerpt":"El SOPORTE BASE MOVIL INTELAID AJUSTABLE 400-600MM es un soporte ajustable dise\u00f1ado para sostener dispositivos m\u00f3viles de diferentes tama\u00f1os. Con una altura ajustable de 400 a 600 mm, este soporte es ideal para colocar smartphones, tablets u otros dispositivos electr\u00f3nicos de forma segura y c\u00f3moda.Este producto es vers\u00e1til y funcional, ya que te permite tener&hellip;","_links":{"self":[{"href":"https:\/\/rms-enlinea.com.ar\/tienda\/wp-json\/wp\/v2\/product\/16503","targetHints":{"allow":["GET"]}}],"collection":[{"href":"https:\/\/rms-enlinea.com.ar\/tienda\/wp-json\/wp\/v2\/product"}],"about":[{"href":"https:\/\/rms-enlinea.com.ar\/tienda\/wp-json\/wp\/v2\/types\/product"}],"replies":[{"embeddable":true,"href":"https:\/\/rms-enlinea.com.ar\/tienda\/wp-json\/wp\/v2\/comments?post=16503"}],"wp:featuredmedia":[{"embeddable":true,"href":"https:\/\/rms-enlinea.com.ar\/tienda\/wp-json\/wp\/v2\/media\/16504"}],"wp:attachment":[{"href":"https:\/\/rms-enlinea.com.ar\/tienda\/wp-json\/wp\/v2\/media?parent=16503"}],"wp:term":[{"taxonomy":"product_brand","embeddable":true,"href":"https:\/\/rms-enlinea.com.ar\/tienda\/wp-json\/wp\/v2\/product_brand?post=16503"},{"taxonomy":"product_cat","embeddable":true,"href":"https:\/\/rms-enlinea.com.ar\/tienda\/wp-json\/wp\/v2\/product_cat?post=16503"},{"taxonomy":"product_tag","embeddable":true,"href":"https:\/\/rms-enlinea.com.ar\/tienda\/wp-json\/wp\/v2\/product_tag?post=16503"}],"curies":[{"name":"wp","href":"https:\/\/api.w.org\/{rel}","templated":true}]}}