{"id":16526,"date":"2025-06-12T07:29:20","date_gmt":"2025-06-12T10:29:20","guid":{"rendered":"https:\/\/rms-enlinea.com.ar\/tienda\/producto\/soporte-movil-tv-monitor-vesa-400x400-mm-intelaid-it-ts44v\/"},"modified":"2026-04-06T14:30:30","modified_gmt":"2026-04-06T17:30:30","slug":"soporte-movil-tv-monitor-vesa-400x400-mm-intelaid-it-ts44v","status":"publish","type":"product","link":"https:\/\/rms-enlinea.com.ar\/tienda\/producto\/soporte-movil-tv-monitor-vesa-400x400-mm-intelaid-it-ts44v\/","title":{"rendered":"Soporte Movil Tv Monitor Vesa 400&#215;400 Mm Intelaid It-ts44v"},"content":{"rendered":"<p>Categor\u00eda de producto<\/p>\n<p>Soporte de pared pivotante para TV<br \/>Material<\/p>\n<p>Acero, Pl\u00e1stico<br \/>Acabado de la superficie<\/p>\n<p>Recubrimiento en polvo<br \/>Color<\/p>\n<p>extura fina negro<br \/>Dimensiones<\/p>\n<p>82x431x431 mm<br \/>Tama\u00f1o de pantalla recomendado<\/p>\n<p>32 &#8220;-55&#8221;<br \/>Patr\u00f3n de orificios de montaje<\/p>\n<p>Solo VESA<br \/>VESA Compatible<\/p>\n<p>100&#215;100,200&#215;100,200&#215;200,300&#215;200,400&#215;200,300&#215;300,400&#215;300,400&#215;400 Max. Orificio de montaje: 400&#215;400<br \/>Rango de giro<\/p>\n<p>+15\u00b0-15\u00b0<br \/>Instalaci\u00f3n<\/p>\n<p>Pared s\u00f3lida<br \/>Ajuste TV curvo<\/p>\n<p>NO<br \/>Perfil<\/p>\n<p>82 mm<br \/>Pantalla que se inclina libremente<\/p>\n<p>no<br \/>Capacidad de peso<\/p>\n<p>30 kg<\/p>\n","protected":false},"excerpt":{"rendered":"<p>Categor\u00eda de producto Soporte de pared pivotante para TVMaterial Acero, Pl\u00e1sticoAcabado de la superficie Recubrimiento en polvoColor extura fina negroDimensiones 82x431x431 mmTama\u00f1o de pantalla recomendado 32 &#8220;-55&#8221;Patr\u00f3n de orificios de montaje Solo VESAVESA Compatible 100&#215;100,200&#215;100,200&#215;200,300&#215;200,400&#215;200,300&#215;300,400&#215;300,400&#215;400 Max. Orificio de montaje: 400&#215;400Rango de giro +15\u00b0-15\u00b0Instalaci\u00f3n Pared s\u00f3lidaAjuste TV curvo NOPerfil 82 mmPantalla que se inclina libremente noCapacidad [&hellip;]<\/p>\n","protected":false},"featured_media":16527,"comment_status":"open","ping_status":"closed","template":"","meta":{"_uag_custom_page_level_css":""},"product_brand":[575],"product_cat":[461],"product_tag":[],"class_list":{"0":"post-16526","1":"product","2":"type-product","3":"status-publish","4":"has-post-thumbnail","6":"product_brand-intelaid","7":"product_cat-soportes-computacion","9":"first","10":"instock","11":"sale","12":"taxable","13":"shipping-taxable","14":"purchasable","15":"product-type-simple"},"uagb_featured_image_src":{"full":["https:\/\/rms-enlinea.com.ar\/wp-content\/uploads\/2025\/06\/D_861630-MLA77359549877_062024-F.jpg",514,1200,false],"thumbnail":["https:\/\/rms-enlinea.com.ar\/wp-content\/uploads\/2025\/06\/D_861630-MLA77359549877_062024-F-150x150.jpg",150,150,true],"medium":["https:\/\/rms-enlinea.com.ar\/wp-content\/uploads\/2025\/06\/D_861630-MLA77359549877_062024-F-129x300.jpg",129,300,true],"medium_large":["https:\/\/rms-enlinea.com.ar\/wp-content\/uploads\/2025\/06\/D_861630-MLA77359549877_062024-F.jpg",514,1200,false],"large":["https:\/\/rms-enlinea.com.ar\/wp-content\/uploads\/2025\/06\/D_861630-MLA77359549877_062024-F-439x1024.jpg",439,1024,true],"1536x1536":["https:\/\/rms-enlinea.com.ar\/wp-content\/uploads\/2025\/06\/D_861630-MLA77359549877_062024-F.jpg",514,1200,false],"2048x2048":["https:\/\/rms-enlinea.com.ar\/wp-content\/uploads\/2025\/06\/D_861630-MLA77359549877_062024-F.jpg",514,1200,false],"woocommerce_thumbnail":["https:\/\/rms-enlinea.com.ar\/wp-content\/uploads\/2025\/06\/D_861630-MLA77359549877_062024-F-450x450.jpg",450,450,true],"woocommerce_single":["https:\/\/rms-enlinea.com.ar\/wp-content\/uploads\/2025\/06\/D_861630-MLA77359549877_062024-F.jpg",514,1200,false],"woocommerce_gallery_thumbnail":["https:\/\/rms-enlinea.com.ar\/wp-content\/uploads\/2025\/06\/D_861630-MLA77359549877_062024-F-100x100.jpg",100,100,true]},"uagb_author_info":{"display_name":"l0071054","author_link":"https:\/\/rms-enlinea.com.ar\/tienda\/author\/"},"uagb_comment_info":0,"uagb_excerpt":"Categor\u00eda de producto Soporte de pared pivotante para TVMaterial Acero, Pl\u00e1sticoAcabado de la superficie Recubrimiento en polvoColor extura fina negroDimensiones 82x431x431 mmTama\u00f1o de pantalla recomendado 32 &#8220;-55&#8221;Patr\u00f3n de orificios de montaje Solo VESAVESA Compatible 100&#215;100,200&#215;100,200&#215;200,300&#215;200,400&#215;200,300&#215;300,400&#215;300,400&#215;400 Max. Orificio de montaje: 400&#215;400Rango de giro +15\u00b0-15\u00b0Instalaci\u00f3n Pared s\u00f3lidaAjuste TV curvo NOPerfil 82 mmPantalla que se inclina libremente noCapacidad&hellip;","_links":{"self":[{"href":"https:\/\/rms-enlinea.com.ar\/tienda\/wp-json\/wp\/v2\/product\/16526","targetHints":{"allow":["GET"]}}],"collection":[{"href":"https:\/\/rms-enlinea.com.ar\/tienda\/wp-json\/wp\/v2\/product"}],"about":[{"href":"https:\/\/rms-enlinea.com.ar\/tienda\/wp-json\/wp\/v2\/types\/product"}],"replies":[{"embeddable":true,"href":"https:\/\/rms-enlinea.com.ar\/tienda\/wp-json\/wp\/v2\/comments?post=16526"}],"wp:featuredmedia":[{"embeddable":true,"href":"https:\/\/rms-enlinea.com.ar\/tienda\/wp-json\/wp\/v2\/media\/16527"}],"wp:attachment":[{"href":"https:\/\/rms-enlinea.com.ar\/tienda\/wp-json\/wp\/v2\/media?parent=16526"}],"wp:term":[{"taxonomy":"product_brand","embeddable":true,"href":"https:\/\/rms-enlinea.com.ar\/tienda\/wp-json\/wp\/v2\/product_brand?post=16526"},{"taxonomy":"product_cat","embeddable":true,"href":"https:\/\/rms-enlinea.com.ar\/tienda\/wp-json\/wp\/v2\/product_cat?post=16526"},{"taxonomy":"product_tag","embeddable":true,"href":"https:\/\/rms-enlinea.com.ar\/tienda\/wp-json\/wp\/v2\/product_tag?post=16526"}],"curies":[{"name":"wp","href":"https:\/\/api.w.org\/{rel}","templated":true}]}}