{"id":16544,"date":"2025-06-12T07:29:36","date_gmt":"2025-06-12T10:29:36","guid":{"rendered":"https:\/\/rms-enlinea.com.ar\/tienda\/producto\/extensor-vesa-de-75x75-o-100x100-a-200x200-intelaid-it-etv\/"},"modified":"2026-03-31T16:32:29","modified_gmt":"2026-03-31T19:32:29","slug":"extensor-vesa-de-75x75-o-100x100-a-200x200-intelaid-it-etv","status":"publish","type":"product","link":"https:\/\/rms-enlinea.com.ar\/tienda\/producto\/extensor-vesa-de-75x75-o-100x100-a-200x200-intelaid-it-etv\/","title":{"rendered":"Extensor Vesa De 75&#215;75 O 100&#215;100 A 200&#215;200 Intelaid It-etv"},"content":{"rendered":"<p>Marca<\/p>\n<p>Intelaid<br \/>Tipos de pantallas soportadas<\/p>\n<p>TV \/ LED \/ LCD<br \/>C\u00f3digo universal de producto<\/p>\n<p>4805726470122<br \/>Es articulado<\/p>\n<p>S\u00ed<br \/>Es fijo<\/p>\n<p>No<br \/>Es inclinable<\/p>\n<p>S\u00ed<br \/>Tama\u00f1o m\u00e1ximo de la pantalla<\/p>\n<p>42 &#8220;<br \/>Tama\u00f1o m\u00ednimo de la pantalla<\/p>\n<p>23 &#8220;<br \/>Modelo<\/p>\n<p>IT-ETV<br \/>Lugar de montaje<\/p>\n<p>Mesa<br \/>Est\u00e1ndares VESA<\/p>\n<p>200&#215;100:200&#215;200<\/p>\n","protected":false},"excerpt":{"rendered":"<p>Marca IntelaidTipos de pantallas soportadas TV \/ LED \/ LCDC\u00f3digo universal de producto 4805726470122Es articulado S\u00edEs fijo NoEs inclinable S\u00edTama\u00f1o m\u00e1ximo de la pantalla 42 &#8220;Tama\u00f1o m\u00ednimo de la pantalla 23 &#8220;Modelo IT-ETVLugar de montaje MesaEst\u00e1ndares VESA 200&#215;100:200&#215;200<\/p>\n","protected":false},"featured_media":16545,"comment_status":"open","ping_status":"closed","template":"","meta":{"_uag_custom_page_level_css":""},"product_brand":[575],"product_cat":[461],"product_tag":[],"class_list":{"0":"post-16544","1":"product","2":"type-product","3":"status-publish","4":"has-post-thumbnail","6":"product_brand-intelaid","7":"product_cat-soportes-computacion","9":"first","10":"outofstock","11":"sale","12":"taxable","13":"shipping-taxable","14":"purchasable","15":"product-type-simple"},"uagb_featured_image_src":{"full":["https:\/\/rms-enlinea.com.ar\/wp-content\/uploads\/2025\/06\/D_674233-MLA77359202139_062024-F.jpg",1124,1200,false],"thumbnail":["https:\/\/rms-enlinea.com.ar\/wp-content\/uploads\/2025\/06\/D_674233-MLA77359202139_062024-F-150x150.jpg",150,150,true],"medium":["https:\/\/rms-enlinea.com.ar\/wp-content\/uploads\/2025\/06\/D_674233-MLA77359202139_062024-F-281x300.jpg",281,300,true],"medium_large":["https:\/\/rms-enlinea.com.ar\/wp-content\/uploads\/2025\/06\/D_674233-MLA77359202139_062024-F-768x820.jpg",768,820,true],"large":["https:\/\/rms-enlinea.com.ar\/wp-content\/uploads\/2025\/06\/D_674233-MLA77359202139_062024-F-959x1024.jpg",959,1024,true],"1536x1536":["https:\/\/rms-enlinea.com.ar\/wp-content\/uploads\/2025\/06\/D_674233-MLA77359202139_062024-F.jpg",1124,1200,false],"2048x2048":["https:\/\/rms-enlinea.com.ar\/wp-content\/uploads\/2025\/06\/D_674233-MLA77359202139_062024-F.jpg",1124,1200,false],"woocommerce_thumbnail":["https:\/\/rms-enlinea.com.ar\/wp-content\/uploads\/2025\/06\/D_674233-MLA77359202139_062024-F-450x450.jpg",450,450,true],"woocommerce_single":["https:\/\/rms-enlinea.com.ar\/wp-content\/uploads\/2025\/06\/D_674233-MLA77359202139_062024-F-600x641.jpg",600,641,true],"woocommerce_gallery_thumbnail":["https:\/\/rms-enlinea.com.ar\/wp-content\/uploads\/2025\/06\/D_674233-MLA77359202139_062024-F-100x100.jpg",100,100,true]},"uagb_author_info":{"display_name":"l0071054","author_link":"https:\/\/rms-enlinea.com.ar\/tienda\/author\/"},"uagb_comment_info":0,"uagb_excerpt":"Marca IntelaidTipos de pantallas soportadas TV \/ LED \/ LCDC\u00f3digo universal de producto 4805726470122Es articulado S\u00edEs fijo NoEs inclinable S\u00edTama\u00f1o m\u00e1ximo de la pantalla 42 &#8220;Tama\u00f1o m\u00ednimo de la pantalla 23 &#8220;Modelo IT-ETVLugar de montaje MesaEst\u00e1ndares VESA 200&#215;100:200&#215;200","_links":{"self":[{"href":"https:\/\/rms-enlinea.com.ar\/tienda\/wp-json\/wp\/v2\/product\/16544","targetHints":{"allow":["GET"]}}],"collection":[{"href":"https:\/\/rms-enlinea.com.ar\/tienda\/wp-json\/wp\/v2\/product"}],"about":[{"href":"https:\/\/rms-enlinea.com.ar\/tienda\/wp-json\/wp\/v2\/types\/product"}],"replies":[{"embeddable":true,"href":"https:\/\/rms-enlinea.com.ar\/tienda\/wp-json\/wp\/v2\/comments?post=16544"}],"wp:featuredmedia":[{"embeddable":true,"href":"https:\/\/rms-enlinea.com.ar\/tienda\/wp-json\/wp\/v2\/media\/16545"}],"wp:attachment":[{"href":"https:\/\/rms-enlinea.com.ar\/tienda\/wp-json\/wp\/v2\/media?parent=16544"}],"wp:term":[{"taxonomy":"product_brand","embeddable":true,"href":"https:\/\/rms-enlinea.com.ar\/tienda\/wp-json\/wp\/v2\/product_brand?post=16544"},{"taxonomy":"product_cat","embeddable":true,"href":"https:\/\/rms-enlinea.com.ar\/tienda\/wp-json\/wp\/v2\/product_cat?post=16544"},{"taxonomy":"product_tag","embeddable":true,"href":"https:\/\/rms-enlinea.com.ar\/tienda\/wp-json\/wp\/v2\/product_tag?post=16544"}],"curies":[{"name":"wp","href":"https:\/\/api.w.org\/{rel}","templated":true}]}}