{"id":16550,"date":"2025-06-12T07:29:44","date_gmt":"2025-06-12T10:29:44","guid":{"rendered":"https:\/\/rms-enlinea.com.ar\/tienda\/producto\/mouse-inalambrico-genius-rs2-ergo-9000s-black-bt-y-wireless\/"},"modified":"2026-04-21T06:24:46","modified_gmt":"2026-04-21T09:24:46","slug":"mouse-inalambrico-genius-rs2-ergo-9000s-black-bt-y-wireless","status":"publish","type":"product","link":"https:\/\/rms-enlinea.com.ar\/tienda\/producto\/mouse-inalambrico-genius-rs2-ergo-9000s-black-bt-y-wireless\/","title":{"rendered":"Mouse Inalambrico Genius Rs2 Ergo 9000s Black Bt Y Wireless"},"content":{"rendered":"<p>Condici\u00f3n del \u00edtem<\/p>\n<p>Nuevo<br \/>Tipo de mouse<\/p>\n<p>ERGONOMICO<br \/>Cantidad de botones<\/p>\n<p>6<br \/>Marca<\/p>\n<p>Genius<br \/>Orientaci\u00f3n de la mano<\/p>\n<p>Diestro<br \/>Es gamer<\/p>\n<p>No<br \/>Es inal\u00e1mbrico<\/p>\n<p>S\u00ed<br \/>Resoluci\u00f3n del sensor<\/p>\n<p>2400 dpi<br \/>Modelo<\/p>\n<p>Ergo 9000s<br \/>Tipo de sensor<\/p>\n<p>\u00d3ptico<br \/>Con Bluetooth<\/p>\n<p>S\u00ed<br \/>Tecnolog\u00eda del sensor<\/p>\n<p>\u00d3ptico<br \/>Con conexi\u00f3n USB<\/p>\n<p>No<br \/>Con cable<\/p>\n<p>No<\/p>\n","protected":false},"excerpt":{"rendered":"<p>Condici\u00f3n del \u00edtem NuevoTipo de mouse ERGONOMICOCantidad de botones 6Marca GeniusOrientaci\u00f3n de la mano DiestroEs gamer NoEs inal\u00e1mbrico S\u00edResoluci\u00f3n del sensor 2400 dpiModelo Ergo 9000sTipo de sensor \u00d3pticoCon Bluetooth S\u00edTecnolog\u00eda del sensor \u00d3pticoCon conexi\u00f3n USB NoCon cable No<\/p>\n","protected":false},"featured_media":16551,"comment_status":"open","ping_status":"closed","template":"","meta":{"_uag_custom_page_level_css":""},"product_brand":[550],"product_cat":[125],"product_tag":[],"class_list":{"0":"post-16550","1":"product","2":"type-product","3":"status-publish","4":"has-post-thumbnail","6":"product_brand-genius","7":"product_cat-teclados-y-mouses","9":"first","10":"outofstock","11":"sale","12":"taxable","13":"shipping-taxable","14":"purchasable","15":"product-type-simple"},"uagb_featured_image_src":{"full":["https:\/\/rms-enlinea.com.ar\/wp-content\/uploads\/2025\/06\/D_759507-MLU76009750180_052024-F.jpg",899,1198,false],"thumbnail":["https:\/\/rms-enlinea.com.ar\/wp-content\/uploads\/2025\/06\/D_759507-MLU76009750180_052024-F-150x150.jpg",150,150,true],"medium":["https:\/\/rms-enlinea.com.ar\/wp-content\/uploads\/2025\/06\/D_759507-MLU76009750180_052024-F-225x300.jpg",225,300,true],"medium_large":["https:\/\/rms-enlinea.com.ar\/wp-content\/uploads\/2025\/06\/D_759507-MLU76009750180_052024-F-768x1023.jpg",768,1023,true],"large":["https:\/\/rms-enlinea.com.ar\/wp-content\/uploads\/2025\/06\/D_759507-MLU76009750180_052024-F-768x1024.jpg",768,1024,true],"1536x1536":["https:\/\/rms-enlinea.com.ar\/wp-content\/uploads\/2025\/06\/D_759507-MLU76009750180_052024-F.jpg",899,1198,false],"2048x2048":["https:\/\/rms-enlinea.com.ar\/wp-content\/uploads\/2025\/06\/D_759507-MLU76009750180_052024-F.jpg",899,1198,false],"woocommerce_thumbnail":["https:\/\/rms-enlinea.com.ar\/wp-content\/uploads\/2025\/06\/D_759507-MLU76009750180_052024-F-450x450.jpg",450,450,true],"woocommerce_single":["https:\/\/rms-enlinea.com.ar\/wp-content\/uploads\/2025\/06\/D_759507-MLU76009750180_052024-F-600x800.jpg",600,800,true],"woocommerce_gallery_thumbnail":["https:\/\/rms-enlinea.com.ar\/wp-content\/uploads\/2025\/06\/D_759507-MLU76009750180_052024-F-100x100.jpg",100,100,true]},"uagb_author_info":{"display_name":"l0071054","author_link":"https:\/\/rms-enlinea.com.ar\/tienda\/author\/"},"uagb_comment_info":0,"uagb_excerpt":"Condici\u00f3n del \u00edtem NuevoTipo de mouse ERGONOMICOCantidad de botones 6Marca GeniusOrientaci\u00f3n de la mano DiestroEs gamer NoEs inal\u00e1mbrico S\u00edResoluci\u00f3n del sensor 2400 dpiModelo Ergo 9000sTipo de sensor \u00d3pticoCon Bluetooth S\u00edTecnolog\u00eda del sensor \u00d3pticoCon conexi\u00f3n USB NoCon cable No","_links":{"self":[{"href":"https:\/\/rms-enlinea.com.ar\/tienda\/wp-json\/wp\/v2\/product\/16550","targetHints":{"allow":["GET"]}}],"collection":[{"href":"https:\/\/rms-enlinea.com.ar\/tienda\/wp-json\/wp\/v2\/product"}],"about":[{"href":"https:\/\/rms-enlinea.com.ar\/tienda\/wp-json\/wp\/v2\/types\/product"}],"replies":[{"embeddable":true,"href":"https:\/\/rms-enlinea.com.ar\/tienda\/wp-json\/wp\/v2\/comments?post=16550"}],"wp:featuredmedia":[{"embeddable":true,"href":"https:\/\/rms-enlinea.com.ar\/tienda\/wp-json\/wp\/v2\/media\/16551"}],"wp:attachment":[{"href":"https:\/\/rms-enlinea.com.ar\/tienda\/wp-json\/wp\/v2\/media?parent=16550"}],"wp:term":[{"taxonomy":"product_brand","embeddable":true,"href":"https:\/\/rms-enlinea.com.ar\/tienda\/wp-json\/wp\/v2\/product_brand?post=16550"},{"taxonomy":"product_cat","embeddable":true,"href":"https:\/\/rms-enlinea.com.ar\/tienda\/wp-json\/wp\/v2\/product_cat?post=16550"},{"taxonomy":"product_tag","embeddable":true,"href":"https:\/\/rms-enlinea.com.ar\/tienda\/wp-json\/wp\/v2\/product_tag?post=16550"}],"curies":[{"name":"wp","href":"https:\/\/api.w.org\/{rel}","templated":true}]}}