{"id":16559,"date":"2025-06-12T07:29:57","date_gmt":"2025-06-12T10:29:57","guid":{"rendered":"https:\/\/rms-enlinea.com.ar\/tienda\/producto\/mouse-genius-rs2-ergo-9000s-pro-gris-bateria-bt-y-wireless\/"},"modified":"2026-04-13T11:31:11","modified_gmt":"2026-04-13T14:31:11","slug":"mouse-genius-rs2-ergo-9000s-pro-gris-bateria-bt-y-wireless","status":"publish","type":"product","link":"https:\/\/rms-enlinea.com.ar\/tienda\/producto\/mouse-genius-rs2-ergo-9000s-pro-gris-bateria-bt-y-wireless\/","title":{"rendered":"Mouse Genius Rs2 Ergo 9000s Pro Gris Bateria Bt Y Wireless"},"content":{"rendered":"<p>Orientaci\u00f3n de la mano<\/p>\n<p>Diestro<br \/>Es inal\u00e1mbrico<\/p>\n<p>S\u00ed<br \/>Cantidad de botones<\/p>\n<p>6<br \/>Tipo de mouse<\/p>\n<p>ERGONOMICO<br \/>Modelo<\/p>\n<p>Ergo 9000S Pro<br \/>Marca<\/p>\n<p>Genius<br \/>Color<\/p>\n<p>Gris<br \/>C\u00f3digo universal de producto<\/p>\n<p>4710268261001<br \/>Es gamer<\/p>\n<p>No<br \/>Condici\u00f3n del \u00edtem<\/p>\n<p>Nuevo<br \/>Tecnolog\u00eda del sensor<\/p>\n<p>\u00d3ptico<br \/>Resoluci\u00f3n del sensor<\/p>\n<p>2400 dpi<\/p>\n","protected":false},"excerpt":{"rendered":"<p>Orientaci\u00f3n de la mano DiestroEs inal\u00e1mbrico S\u00edCantidad de botones 6Tipo de mouse ERGONOMICOModelo Ergo 9000S ProMarca GeniusColor GrisC\u00f3digo universal de producto 4710268261001Es gamer NoCondici\u00f3n del \u00edtem NuevoTecnolog\u00eda del sensor \u00d3pticoResoluci\u00f3n del sensor 2400 dpi<\/p>\n","protected":false},"featured_media":16560,"comment_status":"open","ping_status":"closed","template":"","meta":{"_uag_custom_page_level_css":""},"product_brand":[550],"product_cat":[125],"product_tag":[],"class_list":{"0":"post-16559","1":"product","2":"type-product","3":"status-publish","4":"has-post-thumbnail","6":"product_brand-genius","7":"product_cat-teclados-y-mouses","9":"first","10":"instock","11":"sale","12":"taxable","13":"shipping-taxable","14":"purchasable","15":"product-type-simple"},"uagb_featured_image_src":{"full":["https:\/\/rms-enlinea.com.ar\/wp-content\/uploads\/2025\/06\/D_707937-MLU76009194610_052024-F.jpg",717,876,false],"thumbnail":["https:\/\/rms-enlinea.com.ar\/wp-content\/uploads\/2025\/06\/D_707937-MLU76009194610_052024-F-150x150.jpg",150,150,true],"medium":["https:\/\/rms-enlinea.com.ar\/wp-content\/uploads\/2025\/06\/D_707937-MLU76009194610_052024-F-246x300.jpg",246,300,true],"medium_large":["https:\/\/rms-enlinea.com.ar\/wp-content\/uploads\/2025\/06\/D_707937-MLU76009194610_052024-F.jpg",717,876,false],"large":["https:\/\/rms-enlinea.com.ar\/wp-content\/uploads\/2025\/06\/D_707937-MLU76009194610_052024-F.jpg",717,876,false],"1536x1536":["https:\/\/rms-enlinea.com.ar\/wp-content\/uploads\/2025\/06\/D_707937-MLU76009194610_052024-F.jpg",717,876,false],"2048x2048":["https:\/\/rms-enlinea.com.ar\/wp-content\/uploads\/2025\/06\/D_707937-MLU76009194610_052024-F.jpg",717,876,false],"woocommerce_thumbnail":["https:\/\/rms-enlinea.com.ar\/wp-content\/uploads\/2025\/06\/D_707937-MLU76009194610_052024-F-450x450.jpg",450,450,true],"woocommerce_single":["https:\/\/rms-enlinea.com.ar\/wp-content\/uploads\/2025\/06\/D_707937-MLU76009194610_052024-F-600x733.jpg",600,733,true],"woocommerce_gallery_thumbnail":["https:\/\/rms-enlinea.com.ar\/wp-content\/uploads\/2025\/06\/D_707937-MLU76009194610_052024-F-100x100.jpg",100,100,true]},"uagb_author_info":{"display_name":"l0071054","author_link":"https:\/\/rms-enlinea.com.ar\/tienda\/author\/"},"uagb_comment_info":0,"uagb_excerpt":"Orientaci\u00f3n de la mano DiestroEs inal\u00e1mbrico S\u00edCantidad de botones 6Tipo de mouse ERGONOMICOModelo Ergo 9000S ProMarca GeniusColor GrisC\u00f3digo universal de producto 4710268261001Es gamer NoCondici\u00f3n del \u00edtem NuevoTecnolog\u00eda del sensor \u00d3pticoResoluci\u00f3n del sensor 2400 dpi","_links":{"self":[{"href":"https:\/\/rms-enlinea.com.ar\/tienda\/wp-json\/wp\/v2\/product\/16559","targetHints":{"allow":["GET"]}}],"collection":[{"href":"https:\/\/rms-enlinea.com.ar\/tienda\/wp-json\/wp\/v2\/product"}],"about":[{"href":"https:\/\/rms-enlinea.com.ar\/tienda\/wp-json\/wp\/v2\/types\/product"}],"replies":[{"embeddable":true,"href":"https:\/\/rms-enlinea.com.ar\/tienda\/wp-json\/wp\/v2\/comments?post=16559"}],"wp:featuredmedia":[{"embeddable":true,"href":"https:\/\/rms-enlinea.com.ar\/tienda\/wp-json\/wp\/v2\/media\/16560"}],"wp:attachment":[{"href":"https:\/\/rms-enlinea.com.ar\/tienda\/wp-json\/wp\/v2\/media?parent=16559"}],"wp:term":[{"taxonomy":"product_brand","embeddable":true,"href":"https:\/\/rms-enlinea.com.ar\/tienda\/wp-json\/wp\/v2\/product_brand?post=16559"},{"taxonomy":"product_cat","embeddable":true,"href":"https:\/\/rms-enlinea.com.ar\/tienda\/wp-json\/wp\/v2\/product_cat?post=16559"},{"taxonomy":"product_tag","embeddable":true,"href":"https:\/\/rms-enlinea.com.ar\/tienda\/wp-json\/wp\/v2\/product_tag?post=16559"}],"curies":[{"name":"wp","href":"https:\/\/api.w.org\/{rel}","templated":true}]}}