{"id":16579,"date":"2025-06-12T07:30:20","date_gmt":"2025-06-12T10:30:20","guid":{"rendered":"https:\/\/rms-enlinea.com.ar\/tienda\/producto\/mouse-genius-rs2-ergo-9000s-pro-light-blue-bateria-bt-y-wire\/"},"modified":"2026-04-13T10:00:17","modified_gmt":"2026-04-13T13:00:17","slug":"mouse-genius-rs2-ergo-9000s-pro-light-blue-bateria-bt-y-wire","status":"publish","type":"product","link":"https:\/\/rms-enlinea.com.ar\/tienda\/producto\/mouse-genius-rs2-ergo-9000s-pro-light-blue-bateria-bt-y-wire\/","title":{"rendered":"Mouse Genius Rs2 Ergo 9000s Pro Light Blue Bateria Bt Y Wire"},"content":{"rendered":"<p>Orientaci\u00f3n de la mano<\/p>\n<p>Diestro<br \/>Es gamer<\/p>\n<p>No<br \/>Es inal\u00e1mbrico<\/p>\n<p>S\u00ed<br \/>Condici\u00f3n del \u00edtem<\/p>\n<p>Nuevo<br \/>Marca<\/p>\n<p>Genius<br \/>Cantidad de botones<\/p>\n<p>6<br \/>Tipo de mouse<\/p>\n<p>ERGONOMICO<\/p>\n","protected":false},"excerpt":{"rendered":"<p>Orientaci\u00f3n de la mano DiestroEs gamer NoEs inal\u00e1mbrico S\u00edCondici\u00f3n del \u00edtem NuevoMarca GeniusCantidad de botones 6Tipo de mouse ERGONOMICO<\/p>\n","protected":false},"featured_media":16580,"comment_status":"open","ping_status":"closed","template":"","meta":{"_uag_custom_page_level_css":""},"product_brand":[550],"product_cat":[125],"product_tag":[],"class_list":{"0":"post-16579","1":"product","2":"type-product","3":"status-publish","4":"has-post-thumbnail","6":"product_brand-genius","7":"product_cat-teclados-y-mouses","9":"first","10":"instock","11":"sale","12":"taxable","13":"shipping-taxable","14":"purchasable","15":"product-type-simple"},"uagb_featured_image_src":{"full":["https:\/\/rms-enlinea.com.ar\/wp-content\/uploads\/2025\/06\/D_942610-MLA77137900140_062024-F.jpg",873,1200,false],"thumbnail":["https:\/\/rms-enlinea.com.ar\/wp-content\/uploads\/2025\/06\/D_942610-MLA77137900140_062024-F-150x150.jpg",150,150,true],"medium":["https:\/\/rms-enlinea.com.ar\/wp-content\/uploads\/2025\/06\/D_942610-MLA77137900140_062024-F-218x300.jpg",218,300,true],"medium_large":["https:\/\/rms-enlinea.com.ar\/wp-content\/uploads\/2025\/06\/D_942610-MLA77137900140_062024-F-768x1056.jpg",768,1056,true],"large":["https:\/\/rms-enlinea.com.ar\/wp-content\/uploads\/2025\/06\/D_942610-MLA77137900140_062024-F-745x1024.jpg",745,1024,true],"1536x1536":["https:\/\/rms-enlinea.com.ar\/wp-content\/uploads\/2025\/06\/D_942610-MLA77137900140_062024-F.jpg",873,1200,false],"2048x2048":["https:\/\/rms-enlinea.com.ar\/wp-content\/uploads\/2025\/06\/D_942610-MLA77137900140_062024-F.jpg",873,1200,false],"woocommerce_thumbnail":["https:\/\/rms-enlinea.com.ar\/wp-content\/uploads\/2025\/06\/D_942610-MLA77137900140_062024-F-450x450.jpg",450,450,true],"woocommerce_single":["https:\/\/rms-enlinea.com.ar\/wp-content\/uploads\/2025\/06\/D_942610-MLA77137900140_062024-F-600x825.jpg",600,825,true],"woocommerce_gallery_thumbnail":["https:\/\/rms-enlinea.com.ar\/wp-content\/uploads\/2025\/06\/D_942610-MLA77137900140_062024-F-100x100.jpg",100,100,true]},"uagb_author_info":{"display_name":"l0071054","author_link":"https:\/\/rms-enlinea.com.ar\/tienda\/author\/"},"uagb_comment_info":0,"uagb_excerpt":"Orientaci\u00f3n de la mano DiestroEs gamer NoEs inal\u00e1mbrico S\u00edCondici\u00f3n del \u00edtem NuevoMarca GeniusCantidad de botones 6Tipo de mouse ERGONOMICO","_links":{"self":[{"href":"https:\/\/rms-enlinea.com.ar\/tienda\/wp-json\/wp\/v2\/product\/16579","targetHints":{"allow":["GET"]}}],"collection":[{"href":"https:\/\/rms-enlinea.com.ar\/tienda\/wp-json\/wp\/v2\/product"}],"about":[{"href":"https:\/\/rms-enlinea.com.ar\/tienda\/wp-json\/wp\/v2\/types\/product"}],"replies":[{"embeddable":true,"href":"https:\/\/rms-enlinea.com.ar\/tienda\/wp-json\/wp\/v2\/comments?post=16579"}],"wp:featuredmedia":[{"embeddable":true,"href":"https:\/\/rms-enlinea.com.ar\/tienda\/wp-json\/wp\/v2\/media\/16580"}],"wp:attachment":[{"href":"https:\/\/rms-enlinea.com.ar\/tienda\/wp-json\/wp\/v2\/media?parent=16579"}],"wp:term":[{"taxonomy":"product_brand","embeddable":true,"href":"https:\/\/rms-enlinea.com.ar\/tienda\/wp-json\/wp\/v2\/product_brand?post=16579"},{"taxonomy":"product_cat","embeddable":true,"href":"https:\/\/rms-enlinea.com.ar\/tienda\/wp-json\/wp\/v2\/product_cat?post=16579"},{"taxonomy":"product_tag","embeddable":true,"href":"https:\/\/rms-enlinea.com.ar\/tienda\/wp-json\/wp\/v2\/product_tag?post=16579"}],"curies":[{"name":"wp","href":"https:\/\/api.w.org\/{rel}","templated":true}]}}