{"id":16603,"date":"2025-06-12T07:30:41","date_gmt":"2025-06-12T10:30:41","guid":{"rendered":"https:\/\/rms-enlinea.com.ar\/tienda\/producto\/mouse-inalambrico-trust-yvi-eco-red-usb-1600dpi\/"},"modified":"2026-04-06T11:00:40","modified_gmt":"2026-04-06T14:00:40","slug":"mouse-inalambrico-trust-yvi-eco-red-usb-1600dpi","status":"publish","type":"product","link":"https:\/\/rms-enlinea.com.ar\/tienda\/producto\/mouse-inalambrico-trust-yvi-eco-red-usb-1600dpi\/","title":{"rendered":"Mouse Inalambrico Trust Yvi Eco Red Usb 1600dpi"},"content":{"rendered":"<p>Tipo de sensor<\/p>\n<p>\u00d3ptico<br \/>Embalaje del env\u00edo<\/p>\n<p>Bolsa<br \/>Peso<\/p>\n<p>84 g<br \/>Ancho<\/p>\n<p>57 mm<br \/>Con Bluetooth<\/p>\n<p>No<br \/>Con interruptor de ahorro de energ\u00eda<\/p>\n<p>S\u00ed<br \/>Con luces<\/p>\n<p>No<br \/>Con rueda de desplazamiento<\/p>\n<p>S\u00ed<br \/>Marca<\/p>\n<p>Trust<br \/>Cantidad de botones<\/p>\n<p>4<br \/>Tipo de mouse<\/p>\n<p>Convencional<br \/>Altura<\/p>\n<p>40 mm<br \/>Interfaces<\/p>\n<p>USB<br \/>Es recargable<\/p>\n<p>No<br \/>Es inal\u00e1mbrico<\/p>\n<p>S\u00ed<br \/>Condici\u00f3n del \u00edtem<\/p>\n<p>Nuevo<br \/>Alcance m\u00e1ximo<\/p>\n<p>8 m<br \/>Modelo<\/p>\n<p>Yvi<br \/>Radio frecuencia<\/p>\n<p>2.4 GHz<br \/>Resoluci\u00f3n del sensor<\/p>\n<p>1600 dpi<br \/>Tecnolog\u00eda del sensor<\/p>\n<p>PMW3391<br \/>Con conexi\u00f3n USB<\/p>\n<p>S\u00ed<br \/>Largo<\/p>\n<p>95 mm<\/p>\n","protected":false},"excerpt":{"rendered":"<p>Tipo de sensor \u00d3pticoEmbalaje del env\u00edo BolsaPeso 84 gAncho 57 mmCon Bluetooth NoCon interruptor de ahorro de energ\u00eda S\u00edCon luces NoCon rueda de desplazamiento S\u00edMarca TrustCantidad de botones 4Tipo de mouse ConvencionalAltura 40 mmInterfaces USBEs recargable NoEs inal\u00e1mbrico S\u00edCondici\u00f3n del \u00edtem NuevoAlcance m\u00e1ximo 8 mModelo YviRadio frecuencia 2.4 GHzResoluci\u00f3n del sensor 1600 dpiTecnolog\u00eda del sensor [&hellip;]<\/p>\n","protected":false},"featured_media":16594,"comment_status":"open","ping_status":"closed","template":"","meta":{"_uag_custom_page_level_css":""},"product_brand":[542],"product_cat":[125],"product_tag":[],"class_list":{"0":"post-16603","1":"product","2":"type-product","3":"status-publish","4":"has-post-thumbnail","6":"product_brand-trustgaming","7":"product_cat-teclados-y-mouses","9":"first","10":"instock","11":"sale","12":"taxable","13":"shipping-taxable","14":"purchasable","15":"product-type-simple"},"uagb_featured_image_src":{"full":["https:\/\/rms-enlinea.com.ar\/wp-content\/uploads\/2025\/06\/D_847782-MLA44052533612_112020-F.jpg",677,818,false],"thumbnail":["https:\/\/rms-enlinea.com.ar\/wp-content\/uploads\/2025\/06\/D_847782-MLA44052533612_112020-F-150x150.jpg",150,150,true],"medium":["https:\/\/rms-enlinea.com.ar\/wp-content\/uploads\/2025\/06\/D_847782-MLA44052533612_112020-F-248x300.jpg",248,300,true],"medium_large":["https:\/\/rms-enlinea.com.ar\/wp-content\/uploads\/2025\/06\/D_847782-MLA44052533612_112020-F.jpg",677,818,false],"large":["https:\/\/rms-enlinea.com.ar\/wp-content\/uploads\/2025\/06\/D_847782-MLA44052533612_112020-F.jpg",677,818,false],"1536x1536":["https:\/\/rms-enlinea.com.ar\/wp-content\/uploads\/2025\/06\/D_847782-MLA44052533612_112020-F.jpg",677,818,false],"2048x2048":["https:\/\/rms-enlinea.com.ar\/wp-content\/uploads\/2025\/06\/D_847782-MLA44052533612_112020-F.jpg",677,818,false],"woocommerce_thumbnail":["https:\/\/rms-enlinea.com.ar\/wp-content\/uploads\/2025\/06\/D_847782-MLA44052533612_112020-F-450x450.jpg",450,450,true],"woocommerce_single":["https:\/\/rms-enlinea.com.ar\/wp-content\/uploads\/2025\/06\/D_847782-MLA44052533612_112020-F-600x725.jpg",600,725,true],"woocommerce_gallery_thumbnail":["https:\/\/rms-enlinea.com.ar\/wp-content\/uploads\/2025\/06\/D_847782-MLA44052533612_112020-F-100x100.jpg",100,100,true]},"uagb_author_info":{"display_name":"l0071054","author_link":"https:\/\/rms-enlinea.com.ar\/tienda\/author\/"},"uagb_comment_info":0,"uagb_excerpt":"Tipo de sensor \u00d3pticoEmbalaje del env\u00edo BolsaPeso 84 gAncho 57 mmCon Bluetooth NoCon interruptor de ahorro de energ\u00eda S\u00edCon luces NoCon rueda de desplazamiento S\u00edMarca TrustCantidad de botones 4Tipo de mouse ConvencionalAltura 40 mmInterfaces USBEs recargable NoEs inal\u00e1mbrico S\u00edCondici\u00f3n del \u00edtem NuevoAlcance m\u00e1ximo 8 mModelo YviRadio frecuencia 2.4 GHzResoluci\u00f3n del sensor 1600 dpiTecnolog\u00eda del sensor&hellip;","_links":{"self":[{"href":"https:\/\/rms-enlinea.com.ar\/tienda\/wp-json\/wp\/v2\/product\/16603","targetHints":{"allow":["GET"]}}],"collection":[{"href":"https:\/\/rms-enlinea.com.ar\/tienda\/wp-json\/wp\/v2\/product"}],"about":[{"href":"https:\/\/rms-enlinea.com.ar\/tienda\/wp-json\/wp\/v2\/types\/product"}],"replies":[{"embeddable":true,"href":"https:\/\/rms-enlinea.com.ar\/tienda\/wp-json\/wp\/v2\/comments?post=16603"}],"wp:featuredmedia":[{"embeddable":true,"href":"https:\/\/rms-enlinea.com.ar\/tienda\/wp-json\/wp\/v2\/media\/16594"}],"wp:attachment":[{"href":"https:\/\/rms-enlinea.com.ar\/tienda\/wp-json\/wp\/v2\/media?parent=16603"}],"wp:term":[{"taxonomy":"product_brand","embeddable":true,"href":"https:\/\/rms-enlinea.com.ar\/tienda\/wp-json\/wp\/v2\/product_brand?post=16603"},{"taxonomy":"product_cat","embeddable":true,"href":"https:\/\/rms-enlinea.com.ar\/tienda\/wp-json\/wp\/v2\/product_cat?post=16603"},{"taxonomy":"product_tag","embeddable":true,"href":"https:\/\/rms-enlinea.com.ar\/tienda\/wp-json\/wp\/v2\/product_tag?post=16603"}],"curies":[{"name":"wp","href":"https:\/\/api.w.org\/{rel}","templated":true}]}}