{"id":16605,"date":"2025-06-12T07:30:49","date_gmt":"2025-06-12T10:30:49","guid":{"rendered":"https:\/\/rms-enlinea.com.ar\/tienda\/producto\/mouse-genius-micro-traveler-white-1000dpi-cable-retractil\/"},"modified":"2026-04-06T13:15:58","modified_gmt":"2026-04-06T16:15:58","slug":"mouse-genius-micro-traveler-white-1000dpi-cable-retractil","status":"publish","type":"product","link":"https:\/\/rms-enlinea.com.ar\/tienda\/producto\/mouse-genius-micro-traveler-white-1000dpi-cable-retractil\/","title":{"rendered":"Mouse Genius Micro Traveler White 1000dpi Cable Retractil"},"content":{"rendered":"<p>Cantidad de botones:<\/p>\n<p>3<br \/>Tipo de mouse<\/p>\n<p>Mini<br \/>Tipo de sensor:<\/p>\n<p>\u00d3ptico<br \/>Con cable:<\/p>\n<p>si<br \/>Con rueda de desplazamiento:<\/p>\n<p>si<br \/>Resoluci\u00f3n del sensor<\/p>\n<p>1000 dpi<br \/>Interface<\/p>\n<p>USB<br \/>Con cable retr\u00e1ctil:<\/p>\n<p>si<\/p>\n","protected":false},"excerpt":{"rendered":"<p>Cantidad de botones: 3Tipo de mouse MiniTipo de sensor: \u00d3pticoCon cable: siCon rueda de desplazamiento: siResoluci\u00f3n del sensor 1000 dpiInterface USBCon cable retr\u00e1ctil: si<\/p>\n","protected":false},"featured_media":4657,"comment_status":"open","ping_status":"closed","template":"","meta":{"_uag_custom_page_level_css":""},"product_brand":[550],"product_cat":[125],"product_tag":[],"class_list":{"0":"post-16605","1":"product","2":"type-product","3":"status-publish","4":"has-post-thumbnail","6":"product_brand-genius","7":"product_cat-teclados-y-mouses","9":"first","10":"instock","11":"sale","12":"taxable","13":"shipping-taxable","14":"purchasable","15":"product-type-simple"},"uagb_featured_image_src":{"full":["https:\/\/rms-enlinea.com.ar\/wp-content\/uploads\/2025\/06\/D_779536-MLA43710841698_102020-F.jpg",1122,1102,false],"thumbnail":["https:\/\/rms-enlinea.com.ar\/wp-content\/uploads\/2025\/06\/D_779536-MLA43710841698_102020-F-150x150.jpg",150,150,true],"medium":["https:\/\/rms-enlinea.com.ar\/wp-content\/uploads\/2025\/06\/D_779536-MLA43710841698_102020-F-300x295.jpg",300,295,true],"medium_large":["https:\/\/rms-enlinea.com.ar\/wp-content\/uploads\/2025\/06\/D_779536-MLA43710841698_102020-F-768x754.jpg",768,754,true],"large":["https:\/\/rms-enlinea.com.ar\/wp-content\/uploads\/2025\/06\/D_779536-MLA43710841698_102020-F-1024x1006.jpg",1024,1006,true],"1536x1536":["https:\/\/rms-enlinea.com.ar\/wp-content\/uploads\/2025\/06\/D_779536-MLA43710841698_102020-F.jpg",1122,1102,false],"2048x2048":["https:\/\/rms-enlinea.com.ar\/wp-content\/uploads\/2025\/06\/D_779536-MLA43710841698_102020-F.jpg",1122,1102,false],"woocommerce_thumbnail":["https:\/\/rms-enlinea.com.ar\/wp-content\/uploads\/2025\/06\/D_779536-MLA43710841698_102020-F-450x450.jpg",450,450,true],"woocommerce_single":["https:\/\/rms-enlinea.com.ar\/wp-content\/uploads\/2025\/06\/D_779536-MLA43710841698_102020-F-600x589.jpg",600,589,true],"woocommerce_gallery_thumbnail":["https:\/\/rms-enlinea.com.ar\/wp-content\/uploads\/2025\/06\/D_779536-MLA43710841698_102020-F-100x100.jpg",100,100,true]},"uagb_author_info":{"display_name":"l0071054","author_link":"https:\/\/rms-enlinea.com.ar\/tienda\/author\/"},"uagb_comment_info":0,"uagb_excerpt":"Cantidad de botones: 3Tipo de mouse MiniTipo de sensor: \u00d3pticoCon cable: siCon rueda de desplazamiento: siResoluci\u00f3n del sensor 1000 dpiInterface USBCon cable retr\u00e1ctil: si","_links":{"self":[{"href":"https:\/\/rms-enlinea.com.ar\/tienda\/wp-json\/wp\/v2\/product\/16605","targetHints":{"allow":["GET"]}}],"collection":[{"href":"https:\/\/rms-enlinea.com.ar\/tienda\/wp-json\/wp\/v2\/product"}],"about":[{"href":"https:\/\/rms-enlinea.com.ar\/tienda\/wp-json\/wp\/v2\/types\/product"}],"replies":[{"embeddable":true,"href":"https:\/\/rms-enlinea.com.ar\/tienda\/wp-json\/wp\/v2\/comments?post=16605"}],"wp:featuredmedia":[{"embeddable":true,"href":"https:\/\/rms-enlinea.com.ar\/tienda\/wp-json\/wp\/v2\/media\/4657"}],"wp:attachment":[{"href":"https:\/\/rms-enlinea.com.ar\/tienda\/wp-json\/wp\/v2\/media?parent=16605"}],"wp:term":[{"taxonomy":"product_brand","embeddable":true,"href":"https:\/\/rms-enlinea.com.ar\/tienda\/wp-json\/wp\/v2\/product_brand?post=16605"},{"taxonomy":"product_cat","embeddable":true,"href":"https:\/\/rms-enlinea.com.ar\/tienda\/wp-json\/wp\/v2\/product_cat?post=16605"},{"taxonomy":"product_tag","embeddable":true,"href":"https:\/\/rms-enlinea.com.ar\/tienda\/wp-json\/wp\/v2\/product_tag?post=16605"}],"curies":[{"name":"wp","href":"https:\/\/api.w.org\/{rel}","templated":true}]}}