{"id":16608,"date":"2025-06-12T07:30:57","date_gmt":"2025-06-12T10:30:57","guid":{"rendered":"https:\/\/rms-enlinea.com.ar\/tienda\/producto\/motherboard-gigabyte-b760m-e-ddr5-lga1700-micro-atx-intel-3\/"},"modified":"2026-04-06T13:37:06","modified_gmt":"2026-04-06T16:37:06","slug":"motherboard-gigabyte-b760m-e-ddr5-lga1700-micro-atx-intel-3","status":"publish","type":"product","link":"https:\/\/rms-enlinea.com.ar\/tienda\/producto\/motherboard-gigabyte-b760m-e-ddr5-lga1700-micro-atx-intel-3\/","title":{"rendered":"Motherboard Gigabyte B760m E Ddr5 Lga1700 Micro Atx Intel"},"content":{"rendered":"<p>El Mother Gigabyte B760M E es una placa base compatible con procesadores Intel de la serie Alder Lake para z\u00f3calo LGA1700. Esta placa base ofrece un dise\u00f1o microATX con un conjunto de caracter\u00edsticas que incluyen soporte para memoria RAM DDR4, ranuras PCIe Gen 4.0, conectores M.2 para SSDs de alto rendimiento y conectividad USB 3.2 Gen 2.<br \/>Adem\u00e1s, el Mother Gigabyte B760M E cuenta con una serie de tecnolog\u00edas propias de Gigabyte, como Smart Fan 6 para un control eficiente de la temperatura y RGB Fusion 2.0 para personalizar la iluminaci\u00f3n RGB de tu sistema.<br \/>En general, el Mother Gigabyte B760M E es una opci\u00f3n s\u00f3lida para usuarios que buscan una placa base de calidad para construir una PC de alto rendimiento con procesadores de \u00faltima generaci\u00f3n de Intel.<\/p>\n","protected":false},"excerpt":{"rendered":"<p>El Mother Gigabyte B760M E es una placa base compatible con procesadores Intel de la serie Alder Lake para z\u00f3calo LGA1700. Esta placa base ofrece un dise\u00f1o microATX con un conjunto de caracter\u00edsticas que incluyen soporte para memoria RAM DDR4, ranuras PCIe Gen 4.0, conectores M.2 para SSDs de alto rendimiento y conectividad USB 3.2 [&hellip;]<\/p>\n","protected":false},"featured_media":16609,"comment_status":"open","ping_status":"closed","template":"","meta":{"_uag_custom_page_level_css":""},"product_brand":[532],"product_cat":[115],"product_tag":[],"class_list":{"0":"post-16608","1":"product","2":"type-product","3":"status-publish","4":"has-post-thumbnail","6":"product_brand-gigabyte","7":"product_cat-mother","9":"first","10":"outofstock","11":"sale","12":"taxable","13":"shipping-taxable","14":"purchasable","15":"product-type-simple"},"uagb_featured_image_src":{"full":["https:\/\/rms-enlinea.com.ar\/wp-content\/uploads\/2025\/06\/D_687639-MLU76627680024_062024-F.jpg",1200,701,false],"thumbnail":["https:\/\/rms-enlinea.com.ar\/wp-content\/uploads\/2025\/06\/D_687639-MLU76627680024_062024-F-150x150.jpg",150,150,true],"medium":["https:\/\/rms-enlinea.com.ar\/wp-content\/uploads\/2025\/06\/D_687639-MLU76627680024_062024-F-300x175.jpg",300,175,true],"medium_large":["https:\/\/rms-enlinea.com.ar\/wp-content\/uploads\/2025\/06\/D_687639-MLU76627680024_062024-F-768x449.jpg",768,449,true],"large":["https:\/\/rms-enlinea.com.ar\/wp-content\/uploads\/2025\/06\/D_687639-MLU76627680024_062024-F-1024x598.jpg",1024,598,true],"1536x1536":["https:\/\/rms-enlinea.com.ar\/wp-content\/uploads\/2025\/06\/D_687639-MLU76627680024_062024-F.jpg",1200,701,false],"2048x2048":["https:\/\/rms-enlinea.com.ar\/wp-content\/uploads\/2025\/06\/D_687639-MLU76627680024_062024-F.jpg",1200,701,false],"woocommerce_thumbnail":["https:\/\/rms-enlinea.com.ar\/wp-content\/uploads\/2025\/06\/D_687639-MLU76627680024_062024-F-450x450.jpg",450,450,true],"woocommerce_single":["https:\/\/rms-enlinea.com.ar\/wp-content\/uploads\/2025\/06\/D_687639-MLU76627680024_062024-F-600x351.jpg",600,351,true],"woocommerce_gallery_thumbnail":["https:\/\/rms-enlinea.com.ar\/wp-content\/uploads\/2025\/06\/D_687639-MLU76627680024_062024-F-100x100.jpg",100,100,true]},"uagb_author_info":{"display_name":"l0071054","author_link":"https:\/\/rms-enlinea.com.ar\/tienda\/author\/"},"uagb_comment_info":0,"uagb_excerpt":"El Mother Gigabyte B760M E es una placa base compatible con procesadores Intel de la serie Alder Lake para z\u00f3calo LGA1700. Esta placa base ofrece un dise\u00f1o microATX con un conjunto de caracter\u00edsticas que incluyen soporte para memoria RAM DDR4, ranuras PCIe Gen 4.0, conectores M.2 para SSDs de alto rendimiento y conectividad USB 3.2&hellip;","_links":{"self":[{"href":"https:\/\/rms-enlinea.com.ar\/tienda\/wp-json\/wp\/v2\/product\/16608","targetHints":{"allow":["GET"]}}],"collection":[{"href":"https:\/\/rms-enlinea.com.ar\/tienda\/wp-json\/wp\/v2\/product"}],"about":[{"href":"https:\/\/rms-enlinea.com.ar\/tienda\/wp-json\/wp\/v2\/types\/product"}],"replies":[{"embeddable":true,"href":"https:\/\/rms-enlinea.com.ar\/tienda\/wp-json\/wp\/v2\/comments?post=16608"}],"wp:featuredmedia":[{"embeddable":true,"href":"https:\/\/rms-enlinea.com.ar\/tienda\/wp-json\/wp\/v2\/media\/16609"}],"wp:attachment":[{"href":"https:\/\/rms-enlinea.com.ar\/tienda\/wp-json\/wp\/v2\/media?parent=16608"}],"wp:term":[{"taxonomy":"product_brand","embeddable":true,"href":"https:\/\/rms-enlinea.com.ar\/tienda\/wp-json\/wp\/v2\/product_brand?post=16608"},{"taxonomy":"product_cat","embeddable":true,"href":"https:\/\/rms-enlinea.com.ar\/tienda\/wp-json\/wp\/v2\/product_cat?post=16608"},{"taxonomy":"product_tag","embeddable":true,"href":"https:\/\/rms-enlinea.com.ar\/tienda\/wp-json\/wp\/v2\/product_tag?post=16608"}],"curies":[{"name":"wp","href":"https:\/\/api.w.org\/{rel}","templated":true}]}}