{"id":16625,"date":"2025-06-12T07:31:18","date_gmt":"2025-06-12T10:31:18","guid":{"rendered":"https:\/\/rms-enlinea.com.ar\/tienda\/producto\/divisor-de-frecuencia-edl-2250c2k7-wo-y-dr-tw-2-7khz-x-500w\/"},"modified":"2026-03-31T20:09:55","modified_gmt":"2026-03-31T23:09:55","slug":"divisor-de-frecuencia-edl-2250c2k7-wo-y-dr-tw-2-7khz-x-500w","status":"publish","type":"product","link":"https:\/\/rms-enlinea.com.ar\/tienda\/producto\/divisor-de-frecuencia-edl-2250c2k7-wo-y-dr-tw-2-7khz-x-500w\/","title":{"rendered":"Divisor De Frecuencia Edl 2250c2k7 Wo Y Dr, Tw 2.7khz X 500w"},"content":{"rendered":"<p>TIPO DE PRODUCTO: DIVISOR DE FRECUENCIA<br \/>MODELO: 2250C2K7<br \/>VIAS: 2 VIAS<br \/>OHMS: 8 OHMS<br \/>POTENCIA DE ENTRADA MAXIMA: 250W RMS \/ 500W MUSIC PROG<br \/>APLICACION: DRIVER O TWEETER BALA Y WOOFER<br \/>CORTE DE FRECUENCIA: 2700 HZ<\/p>\n<p>IMPORTANTE: <\/p>\n<p>1- SE HACEN TRABAJOS ESPECIALES A PEDIDO.<br \/>2- LAS FOTOS SON ILUSTRATIVAS, EL DISE\u00d1O, TAMA\u00d1OS, COLOR DE LAS PLACAS Y COMPONENTES PUEDEN VARIAR, SEG\u00daN CRITERIO DEL FABRICANTE SIN VARIAR LA CALIDAD DEL PRODUCTO.<\/p>\n","protected":false},"excerpt":{"rendered":"<p>TIPO DE PRODUCTO: DIVISOR DE FRECUENCIAMODELO: 2250C2K7VIAS: 2 VIASOHMS: 8 OHMSPOTENCIA DE ENTRADA MAXIMA: 250W RMS \/ 500W MUSIC PROGAPLICACION: DRIVER O TWEETER BALA Y WOOFERCORTE DE FRECUENCIA: 2700 HZ IMPORTANTE: 1- SE HACEN TRABAJOS ESPECIALES A PEDIDO.2- LAS FOTOS SON ILUSTRATIVAS, EL DISE\u00d1O, TAMA\u00d1OS, COLOR DE LAS PLACAS Y COMPONENTES PUEDEN VARIAR, SEG\u00daN CRITERIO [&hellip;]<\/p>\n","protected":false},"featured_media":16626,"comment_status":"open","ping_status":"closed","template":"","meta":{"_uag_custom_page_level_css":""},"product_brand":[478],"product_cat":[61],"product_tag":[],"class_list":{"0":"post-16625","1":"product","2":"type-product","3":"status-publish","4":"has-post-thumbnail","6":"product_brand-edl","7":"product_cat-divisores-de-frecuencia","9":"first","10":"outofstock","11":"sale","12":"taxable","13":"shipping-taxable","14":"purchasable","15":"product-type-simple"},"uagb_featured_image_src":{"full":["https:\/\/rms-enlinea.com.ar\/wp-content\/uploads\/2025\/06\/D_753089-MLA27810590233_072018-F.jpg",700,700,false],"thumbnail":["https:\/\/rms-enlinea.com.ar\/wp-content\/uploads\/2025\/06\/D_753089-MLA27810590233_072018-F-150x150.jpg",150,150,true],"medium":["https:\/\/rms-enlinea.com.ar\/wp-content\/uploads\/2025\/06\/D_753089-MLA27810590233_072018-F-300x300.jpg",300,300,true],"medium_large":["https:\/\/rms-enlinea.com.ar\/wp-content\/uploads\/2025\/06\/D_753089-MLA27810590233_072018-F.jpg",700,700,false],"large":["https:\/\/rms-enlinea.com.ar\/wp-content\/uploads\/2025\/06\/D_753089-MLA27810590233_072018-F.jpg",700,700,false],"1536x1536":["https:\/\/rms-enlinea.com.ar\/wp-content\/uploads\/2025\/06\/D_753089-MLA27810590233_072018-F.jpg",700,700,false],"2048x2048":["https:\/\/rms-enlinea.com.ar\/wp-content\/uploads\/2025\/06\/D_753089-MLA27810590233_072018-F.jpg",700,700,false],"woocommerce_thumbnail":["https:\/\/rms-enlinea.com.ar\/wp-content\/uploads\/2025\/06\/D_753089-MLA27810590233_072018-F-450x450.jpg",450,450,true],"woocommerce_single":["https:\/\/rms-enlinea.com.ar\/wp-content\/uploads\/2025\/06\/D_753089-MLA27810590233_072018-F-600x600.jpg",600,600,true],"woocommerce_gallery_thumbnail":["https:\/\/rms-enlinea.com.ar\/wp-content\/uploads\/2025\/06\/D_753089-MLA27810590233_072018-F-100x100.jpg",100,100,true]},"uagb_author_info":{"display_name":"l0071054","author_link":"https:\/\/rms-enlinea.com.ar\/tienda\/author\/"},"uagb_comment_info":0,"uagb_excerpt":"TIPO DE PRODUCTO: DIVISOR DE FRECUENCIAMODELO: 2250C2K7VIAS: 2 VIASOHMS: 8 OHMSPOTENCIA DE ENTRADA MAXIMA: 250W RMS \/ 500W MUSIC PROGAPLICACION: DRIVER O TWEETER BALA Y WOOFERCORTE DE FRECUENCIA: 2700 HZ IMPORTANTE: 1- SE HACEN TRABAJOS ESPECIALES A PEDIDO.2- LAS FOTOS SON ILUSTRATIVAS, EL DISE\u00d1O, TAMA\u00d1OS, COLOR DE LAS PLACAS Y COMPONENTES PUEDEN VARIAR, SEG\u00daN CRITERIO&hellip;","_links":{"self":[{"href":"https:\/\/rms-enlinea.com.ar\/tienda\/wp-json\/wp\/v2\/product\/16625","targetHints":{"allow":["GET"]}}],"collection":[{"href":"https:\/\/rms-enlinea.com.ar\/tienda\/wp-json\/wp\/v2\/product"}],"about":[{"href":"https:\/\/rms-enlinea.com.ar\/tienda\/wp-json\/wp\/v2\/types\/product"}],"replies":[{"embeddable":true,"href":"https:\/\/rms-enlinea.com.ar\/tienda\/wp-json\/wp\/v2\/comments?post=16625"}],"wp:featuredmedia":[{"embeddable":true,"href":"https:\/\/rms-enlinea.com.ar\/tienda\/wp-json\/wp\/v2\/media\/16626"}],"wp:attachment":[{"href":"https:\/\/rms-enlinea.com.ar\/tienda\/wp-json\/wp\/v2\/media?parent=16625"}],"wp:term":[{"taxonomy":"product_brand","embeddable":true,"href":"https:\/\/rms-enlinea.com.ar\/tienda\/wp-json\/wp\/v2\/product_brand?post=16625"},{"taxonomy":"product_cat","embeddable":true,"href":"https:\/\/rms-enlinea.com.ar\/tienda\/wp-json\/wp\/v2\/product_cat?post=16625"},{"taxonomy":"product_tag","embeddable":true,"href":"https:\/\/rms-enlinea.com.ar\/tienda\/wp-json\/wp\/v2\/product_tag?post=16625"}],"curies":[{"name":"wp","href":"https:\/\/api.w.org\/{rel}","templated":true}]}}