{"id":16672,"date":"2025-06-12T07:32:08","date_gmt":"2025-06-12T10:32:08","guid":{"rendered":"https:\/\/rms-enlinea.com.ar\/tienda\/producto\/jack-mono-hembra-circuito-impreso-amphenol-acjm-mc\/"},"modified":"2026-05-04T11:14:18","modified_gmt":"2026-05-04T14:14:18","slug":"jack-mono-hembra-circuito-impreso-amphenol-acjm-mc","status":"publish","type":"product","link":"https:\/\/rms-enlinea.com.ar\/tienda\/producto\/jack-mono-hembra-circuito-impreso-amphenol-acjm-mc\/","title":{"rendered":"Jack Mono Hembra Circuito Impreso Amphenol Acjm-mc"},"content":{"rendered":"<p>TIPO: CONECTOR HEMBRA PARA PLAQUETA\/PANEL <br \/>TIPO DE CONECTOR: JACK 6,35MM HEMBRA<br \/>VERSI\u00d3N DE CONEXI\u00d3N: MONO <br \/>EJECUCI\u00d3N: CON DOBLE INTERRUPTOR <br \/>ORIENTACI\u00d3N ESPACIAL: ANGULARES 90\u00b0 <br \/>MONTAJE MEC\u00c1NICO: PARA PANEL <br \/>MONTAJE EL\u00c9CTRICO: PARA SOLDAR <br \/>COBERTURA DE CONTACTOR: ESTANEADO<\/p>\n","protected":false},"excerpt":{"rendered":"<p>TIPO: CONECTOR HEMBRA PARA PLAQUETA\/PANEL TIPO DE CONECTOR: JACK 6,35MM HEMBRAVERSI\u00d3N DE CONEXI\u00d3N: MONO EJECUCI\u00d3N: CON DOBLE INTERRUPTOR ORIENTACI\u00d3N ESPACIAL: ANGULARES 90\u00b0 MONTAJE MEC\u00c1NICO: PARA PANEL MONTAJE EL\u00c9CTRICO: PARA SOLDAR COBERTURA DE CONTACTOR: ESTANEADO<\/p>\n","protected":false},"featured_media":16673,"comment_status":"open","ping_status":"closed","template":"","meta":{"_uag_custom_page_level_css":""},"product_brand":[487],"product_cat":[15],"product_tag":[],"class_list":{"0":"post-16672","1":"product","2":"type-product","3":"status-publish","4":"has-post-thumbnail","6":"product_brand-amphenol","7":"product_cat-sin-categorizar","9":"first","10":"instock","11":"sale","12":"taxable","13":"shipping-taxable","14":"purchasable","15":"product-type-simple"},"uagb_featured_image_src":{"full":["https:\/\/rms-enlinea.com.ar\/wp-content\/uploads\/2025\/06\/D_847572-MLA73191928290_122023-F.jpg",1000,1071,false],"thumbnail":["https:\/\/rms-enlinea.com.ar\/wp-content\/uploads\/2025\/06\/D_847572-MLA73191928290_122023-F-150x150.jpg",150,150,true],"medium":["https:\/\/rms-enlinea.com.ar\/wp-content\/uploads\/2025\/06\/D_847572-MLA73191928290_122023-F-280x300.jpg",280,300,true],"medium_large":["https:\/\/rms-enlinea.com.ar\/wp-content\/uploads\/2025\/06\/D_847572-MLA73191928290_122023-F-768x823.jpg",768,823,true],"large":["https:\/\/rms-enlinea.com.ar\/wp-content\/uploads\/2025\/06\/D_847572-MLA73191928290_122023-F-956x1024.jpg",956,1024,true],"1536x1536":["https:\/\/rms-enlinea.com.ar\/wp-content\/uploads\/2025\/06\/D_847572-MLA73191928290_122023-F.jpg",1000,1071,false],"2048x2048":["https:\/\/rms-enlinea.com.ar\/wp-content\/uploads\/2025\/06\/D_847572-MLA73191928290_122023-F.jpg",1000,1071,false],"woocommerce_thumbnail":["https:\/\/rms-enlinea.com.ar\/wp-content\/uploads\/2025\/06\/D_847572-MLA73191928290_122023-F-450x450.jpg",450,450,true],"woocommerce_single":["https:\/\/rms-enlinea.com.ar\/wp-content\/uploads\/2025\/06\/D_847572-MLA73191928290_122023-F-600x643.jpg",600,643,true],"woocommerce_gallery_thumbnail":["https:\/\/rms-enlinea.com.ar\/wp-content\/uploads\/2025\/06\/D_847572-MLA73191928290_122023-F-100x100.jpg",100,100,true]},"uagb_author_info":{"display_name":"l0071054","author_link":"https:\/\/rms-enlinea.com.ar\/tienda\/author\/"},"uagb_comment_info":0,"uagb_excerpt":"TIPO: CONECTOR HEMBRA PARA PLAQUETA\/PANEL TIPO DE CONECTOR: JACK 6,35MM HEMBRAVERSI\u00d3N DE CONEXI\u00d3N: MONO EJECUCI\u00d3N: CON DOBLE INTERRUPTOR ORIENTACI\u00d3N ESPACIAL: ANGULARES 90\u00b0 MONTAJE MEC\u00c1NICO: PARA PANEL MONTAJE EL\u00c9CTRICO: PARA SOLDAR COBERTURA DE CONTACTOR: ESTANEADO","_links":{"self":[{"href":"https:\/\/rms-enlinea.com.ar\/tienda\/wp-json\/wp\/v2\/product\/16672","targetHints":{"allow":["GET"]}}],"collection":[{"href":"https:\/\/rms-enlinea.com.ar\/tienda\/wp-json\/wp\/v2\/product"}],"about":[{"href":"https:\/\/rms-enlinea.com.ar\/tienda\/wp-json\/wp\/v2\/types\/product"}],"replies":[{"embeddable":true,"href":"https:\/\/rms-enlinea.com.ar\/tienda\/wp-json\/wp\/v2\/comments?post=16672"}],"wp:featuredmedia":[{"embeddable":true,"href":"https:\/\/rms-enlinea.com.ar\/tienda\/wp-json\/wp\/v2\/media\/16673"}],"wp:attachment":[{"href":"https:\/\/rms-enlinea.com.ar\/tienda\/wp-json\/wp\/v2\/media?parent=16672"}],"wp:term":[{"taxonomy":"product_brand","embeddable":true,"href":"https:\/\/rms-enlinea.com.ar\/tienda\/wp-json\/wp\/v2\/product_brand?post=16672"},{"taxonomy":"product_cat","embeddable":true,"href":"https:\/\/rms-enlinea.com.ar\/tienda\/wp-json\/wp\/v2\/product_cat?post=16672"},{"taxonomy":"product_tag","embeddable":true,"href":"https:\/\/rms-enlinea.com.ar\/tienda\/wp-json\/wp\/v2\/product_tag?post=16672"}],"curies":[{"name":"wp","href":"https:\/\/api.w.org\/{rel}","templated":true}]}}