{"id":1674,"date":"2025-06-12T02:11:31","date_gmt":"2025-06-12T05:11:31","guid":{"rendered":"https:\/\/rms-enlinea.com.ar\/tienda\/producto\/placa-de-video-gigabyte-rtx-5060ti-eagle-oc-16gb-pcie-5-0\/"},"modified":"2026-04-06T14:29:00","modified_gmt":"2026-04-06T17:29:00","slug":"placa-de-video-gigabyte-rtx-5060ti-eagle-oc-16gb-pcie-5-0","status":"publish","type":"product","link":"https:\/\/rms-enlinea.com.ar\/tienda\/producto\/placa-de-video-gigabyte-rtx-5060ti-eagle-oc-16gb-pcie-5-0\/","title":{"rendered":"Placa De Video Gigabyte Rtx 5060ti Eagle Oc 16gb Pcie 5.0"},"content":{"rendered":"<p>Procesamiento Gr\u00e1fico\tGeForce RTX\u2122 5060 Ti<br \/>Frecuencia del N\u00facleo\t2617 MHz (Tarjeta de referencia: 2572 MHz)<br \/>N\u00facleos CUDA\u00ae\tTBD (Por determinar)<br \/>Frecuencia de Memoria\t28 Gbps<br \/>Tama\u00f1o de Memoria\t16 GB<br \/>Tipo de Memoria\tGDDR7<br \/>Bus de Memoria\t128 bit<br \/>Interfaz de Tarjeta\tPCI-E 5.0<br \/>Resoluci\u00f3n M\u00e1xima Digital\t7680&#215;4320<br \/>Multivista\t4<br \/>Tama\u00f1o de la Tarjeta\tL=215 W=122 H=40 mm<br \/>Formato PCB\tATX<br \/>DirectX\tAPI DirectX 12<br \/>OpenGL\t4.6<br \/>Fuente de Alimentaci\u00f3n Recomendada\t650W<br \/>Conectores de Energ\u00eda\t8 Pin*1<br \/>Salidas\tDisplayPort 2.1b *3, HDMI 2.1b *1<\/p>\n","protected":false},"excerpt":{"rendered":"<p>Procesamiento Gr\u00e1fico GeForce RTX\u2122 5060 TiFrecuencia del N\u00facleo 2617 MHz (Tarjeta de referencia: 2572 MHz)N\u00facleos CUDA\u00ae TBD (Por determinar)Frecuencia de Memoria 28 GbpsTama\u00f1o de Memoria 16 GBTipo de Memoria GDDR7Bus de Memoria 128 bitInterfaz de Tarjeta PCI-E 5.0Resoluci\u00f3n M\u00e1xima Digital 7680&#215;4320Multivista 4Tama\u00f1o de la Tarjeta L=215 W=122 H=40 mmFormato PCB ATXDirectX API DirectX 12OpenGL 4.6Fuente [&hellip;]<\/p>\n","protected":false},"featured_media":1675,"comment_status":"open","ping_status":"closed","template":"","meta":{"_uag_custom_page_level_css":""},"product_brand":[532],"product_cat":[120],"product_tag":[],"class_list":{"0":"post-1674","1":"product","2":"type-product","3":"status-publish","4":"has-post-thumbnail","6":"product_brand-gigabyte","7":"product_cat-placas-de-video","9":"first","10":"outofstock","11":"sale","12":"taxable","13":"shipping-taxable","14":"purchasable","15":"product-type-simple"},"uagb_featured_image_src":{"full":["https:\/\/rms-enlinea.com.ar\/wp-content\/uploads\/2025\/06\/D_730171-MLA84545881551_052025-F.jpg",1193,1200,false],"thumbnail":["https:\/\/rms-enlinea.com.ar\/wp-content\/uploads\/2025\/06\/D_730171-MLA84545881551_052025-F-150x150.jpg",150,150,true],"medium":["https:\/\/rms-enlinea.com.ar\/wp-content\/uploads\/2025\/06\/D_730171-MLA84545881551_052025-F-298x300.jpg",298,300,true],"medium_large":["https:\/\/rms-enlinea.com.ar\/wp-content\/uploads\/2025\/06\/D_730171-MLA84545881551_052025-F-768x773.jpg",768,773,true],"large":["https:\/\/rms-enlinea.com.ar\/wp-content\/uploads\/2025\/06\/D_730171-MLA84545881551_052025-F-1018x1024.jpg",1018,1024,true],"1536x1536":["https:\/\/rms-enlinea.com.ar\/wp-content\/uploads\/2025\/06\/D_730171-MLA84545881551_052025-F.jpg",1193,1200,false],"2048x2048":["https:\/\/rms-enlinea.com.ar\/wp-content\/uploads\/2025\/06\/D_730171-MLA84545881551_052025-F.jpg",1193,1200,false],"woocommerce_thumbnail":["https:\/\/rms-enlinea.com.ar\/wp-content\/uploads\/2025\/06\/D_730171-MLA84545881551_052025-F-450x450.jpg",450,450,true],"woocommerce_single":["https:\/\/rms-enlinea.com.ar\/wp-content\/uploads\/2025\/06\/D_730171-MLA84545881551_052025-F-600x604.jpg",600,604,true],"woocommerce_gallery_thumbnail":["https:\/\/rms-enlinea.com.ar\/wp-content\/uploads\/2025\/06\/D_730171-MLA84545881551_052025-F-100x100.jpg",100,100,true]},"uagb_author_info":{"display_name":"l0071054","author_link":"https:\/\/rms-enlinea.com.ar\/tienda\/author\/"},"uagb_comment_info":0,"uagb_excerpt":"Procesamiento Gr\u00e1fico GeForce RTX\u2122 5060 TiFrecuencia del N\u00facleo 2617 MHz (Tarjeta de referencia: 2572 MHz)N\u00facleos CUDA\u00ae TBD (Por determinar)Frecuencia de Memoria 28 GbpsTama\u00f1o de Memoria 16 GBTipo de Memoria GDDR7Bus de Memoria 128 bitInterfaz de Tarjeta PCI-E 5.0Resoluci\u00f3n M\u00e1xima Digital 7680&#215;4320Multivista 4Tama\u00f1o de la Tarjeta L=215 W=122 H=40 mmFormato PCB ATXDirectX API DirectX 12OpenGL 4.6Fuente&hellip;","_links":{"self":[{"href":"https:\/\/rms-enlinea.com.ar\/tienda\/wp-json\/wp\/v2\/product\/1674","targetHints":{"allow":["GET"]}}],"collection":[{"href":"https:\/\/rms-enlinea.com.ar\/tienda\/wp-json\/wp\/v2\/product"}],"about":[{"href":"https:\/\/rms-enlinea.com.ar\/tienda\/wp-json\/wp\/v2\/types\/product"}],"replies":[{"embeddable":true,"href":"https:\/\/rms-enlinea.com.ar\/tienda\/wp-json\/wp\/v2\/comments?post=1674"}],"wp:featuredmedia":[{"embeddable":true,"href":"https:\/\/rms-enlinea.com.ar\/tienda\/wp-json\/wp\/v2\/media\/1675"}],"wp:attachment":[{"href":"https:\/\/rms-enlinea.com.ar\/tienda\/wp-json\/wp\/v2\/media?parent=1674"}],"wp:term":[{"taxonomy":"product_brand","embeddable":true,"href":"https:\/\/rms-enlinea.com.ar\/tienda\/wp-json\/wp\/v2\/product_brand?post=1674"},{"taxonomy":"product_cat","embeddable":true,"href":"https:\/\/rms-enlinea.com.ar\/tienda\/wp-json\/wp\/v2\/product_cat?post=1674"},{"taxonomy":"product_tag","embeddable":true,"href":"https:\/\/rms-enlinea.com.ar\/tienda\/wp-json\/wp\/v2\/product_tag?post=1674"}],"curies":[{"name":"wp","href":"https:\/\/api.w.org\/{rel}","templated":true}]}}