{"id":17048,"date":"2025-06-12T07:39:36","date_gmt":"2025-06-12T10:39:36","guid":{"rendered":"https:\/\/rms-enlinea.com.ar\/tienda\/producto\/teclado-genius-slimstar-126-blanco-usb-1-4m-cable-usb\/"},"modified":"2026-04-21T07:17:43","modified_gmt":"2026-04-21T10:17:43","slug":"teclado-genius-slimstar-126-blanco-usb-1-4m-cable-usb","status":"publish","type":"product","link":"https:\/\/rms-enlinea.com.ar\/tienda\/producto\/teclado-genius-slimstar-126-blanco-usb-1-4m-cable-usb\/","title":{"rendered":"Teclado Genius Slimstar 126 Blanco Usb 1.4m Cable Usb"},"content":{"rendered":"<p>Marca<\/p>\n<p>Genius<br \/>Largo del cable<\/p>\n<p>1.4 m<br \/>Con interfaz USB<\/p>\n<p>S\u00ed<br \/>Modelo detallado<\/p>\n<p>SLIMSTAR 126<br \/>Tipo de conector<\/p>\n<p>USB<br \/>Forma de las teclas<\/p>\n<p>Plana<br \/>Idioma<\/p>\n<p>Espa\u00f1ol<br \/>Con teclas de acceso r\u00e1pido<\/p>\n<p>S\u00ed<br \/>Con pad num\u00e9rico<\/p>\n<p>S\u00ed<br \/>Layout<\/p>\n<p>QWERTY<br \/>Arquitectura<\/p>\n<p>Membrana<br \/>Incluye pilas<\/p>\n<p>No<br \/>Color del teclado<\/p>\n<p>Blanco<br \/>L\u00ednea<\/p>\n<p>SlimStar<\/p>\n","protected":false},"excerpt":{"rendered":"<p>Marca GeniusLargo del cable 1.4 mCon interfaz USB S\u00edModelo detallado SLIMSTAR 126Tipo de conector USBForma de las teclas PlanaIdioma Espa\u00f1olCon teclas de acceso r\u00e1pido S\u00edCon pad num\u00e9rico S\u00edLayout QWERTYArquitectura MembranaIncluye pilas NoColor del teclado BlancoL\u00ednea SlimStar<\/p>\n","protected":false},"featured_media":17049,"comment_status":"open","ping_status":"closed","template":"","meta":{"_uag_custom_page_level_css":""},"product_brand":[550],"product_cat":[125],"product_tag":[],"class_list":{"0":"post-17048","1":"product","2":"type-product","3":"status-publish","4":"has-post-thumbnail","6":"product_brand-genius","7":"product_cat-teclados-y-mouses","9":"first","10":"outofstock","11":"sale","12":"taxable","13":"shipping-taxable","14":"purchasable","15":"product-type-simple"},"uagb_featured_image_src":{"full":["https:\/\/rms-enlinea.com.ar\/wp-content\/uploads\/2025\/06\/D_798385-MLA78765305421_082024-F.jpg",1200,450,false],"thumbnail":["https:\/\/rms-enlinea.com.ar\/wp-content\/uploads\/2025\/06\/D_798385-MLA78765305421_082024-F-150x150.jpg",150,150,true],"medium":["https:\/\/rms-enlinea.com.ar\/wp-content\/uploads\/2025\/06\/D_798385-MLA78765305421_082024-F-300x113.jpg",300,113,true],"medium_large":["https:\/\/rms-enlinea.com.ar\/wp-content\/uploads\/2025\/06\/D_798385-MLA78765305421_082024-F-768x288.jpg",768,288,true],"large":["https:\/\/rms-enlinea.com.ar\/wp-content\/uploads\/2025\/06\/D_798385-MLA78765305421_082024-F-1024x384.jpg",1024,384,true],"1536x1536":["https:\/\/rms-enlinea.com.ar\/wp-content\/uploads\/2025\/06\/D_798385-MLA78765305421_082024-F.jpg",1200,450,false],"2048x2048":["https:\/\/rms-enlinea.com.ar\/wp-content\/uploads\/2025\/06\/D_798385-MLA78765305421_082024-F.jpg",1200,450,false],"woocommerce_thumbnail":["https:\/\/rms-enlinea.com.ar\/wp-content\/uploads\/2025\/06\/D_798385-MLA78765305421_082024-F-450x450.jpg",450,450,true],"woocommerce_single":["https:\/\/rms-enlinea.com.ar\/wp-content\/uploads\/2025\/06\/D_798385-MLA78765305421_082024-F-600x225.jpg",600,225,true],"woocommerce_gallery_thumbnail":["https:\/\/rms-enlinea.com.ar\/wp-content\/uploads\/2025\/06\/D_798385-MLA78765305421_082024-F-100x100.jpg",100,100,true]},"uagb_author_info":{"display_name":"l0071054","author_link":"https:\/\/rms-enlinea.com.ar\/tienda\/author\/"},"uagb_comment_info":0,"uagb_excerpt":"Marca GeniusLargo del cable 1.4 mCon interfaz USB S\u00edModelo detallado SLIMSTAR 126Tipo de conector USBForma de las teclas PlanaIdioma Espa\u00f1olCon teclas de acceso r\u00e1pido S\u00edCon pad num\u00e9rico S\u00edLayout QWERTYArquitectura MembranaIncluye pilas NoColor del teclado BlancoL\u00ednea SlimStar","_links":{"self":[{"href":"https:\/\/rms-enlinea.com.ar\/tienda\/wp-json\/wp\/v2\/product\/17048","targetHints":{"allow":["GET"]}}],"collection":[{"href":"https:\/\/rms-enlinea.com.ar\/tienda\/wp-json\/wp\/v2\/product"}],"about":[{"href":"https:\/\/rms-enlinea.com.ar\/tienda\/wp-json\/wp\/v2\/types\/product"}],"replies":[{"embeddable":true,"href":"https:\/\/rms-enlinea.com.ar\/tienda\/wp-json\/wp\/v2\/comments?post=17048"}],"wp:featuredmedia":[{"embeddable":true,"href":"https:\/\/rms-enlinea.com.ar\/tienda\/wp-json\/wp\/v2\/media\/17049"}],"wp:attachment":[{"href":"https:\/\/rms-enlinea.com.ar\/tienda\/wp-json\/wp\/v2\/media?parent=17048"}],"wp:term":[{"taxonomy":"product_brand","embeddable":true,"href":"https:\/\/rms-enlinea.com.ar\/tienda\/wp-json\/wp\/v2\/product_brand?post=17048"},{"taxonomy":"product_cat","embeddable":true,"href":"https:\/\/rms-enlinea.com.ar\/tienda\/wp-json\/wp\/v2\/product_cat?post=17048"},{"taxonomy":"product_tag","embeddable":true,"href":"https:\/\/rms-enlinea.com.ar\/tienda\/wp-json\/wp\/v2\/product_tag?post=17048"}],"curies":[{"name":"wp","href":"https:\/\/api.w.org\/{rel}","templated":true}]}}