{"id":17052,"date":"2025-06-12T07:39:42","date_gmt":"2025-06-12T10:39:42","guid":{"rendered":"https:\/\/rms-enlinea.com.ar\/tienda\/producto\/ficha-plug-mono-grande-cable-grueso-potencia-amphenol-jm2p\/"},"modified":"2026-04-11T05:10:29","modified_gmt":"2026-04-11T08:10:29","slug":"ficha-plug-mono-grande-cable-grueso-potencia-amphenol-jm2p","status":"publish","type":"product","link":"https:\/\/rms-enlinea.com.ar\/tienda\/producto\/ficha-plug-mono-grande-cable-grueso-potencia-amphenol-jm2p\/","title":{"rendered":"Ficha Plug Mono Grande Cable Grueso Potencia Amphenol Jm2p"},"content":{"rendered":"<p>TIPO DE PRODUCTO: CONECTOR PLUG MONO<br \/>N\u00daMERO DE PINES 2<br \/>TIPO MACHO<br \/>DI\u00c1METRO DEL CABLE: 6-10 MM<br \/>TIPO DE CONEXI\u00d3N: SOLDADURA<br \/>TIPO DE CONTACTOS: NIQUEL<br \/>CARCASA: FUNDICION DE ZINC<br \/>ALIVIADOR DE TENSI\u00d3N <br \/>NORMA ROHS<\/p>\n","protected":false},"excerpt":{"rendered":"<p>TIPO DE PRODUCTO: CONECTOR PLUG MONON\u00daMERO DE PINES 2TIPO MACHODI\u00c1METRO DEL CABLE: 6-10 MMTIPO DE CONEXI\u00d3N: SOLDADURATIPO DE CONTACTOS: NIQUELCARCASA: FUNDICION DE ZINCALIVIADOR DE TENSI\u00d3N NORMA ROHS<\/p>\n","protected":false},"featured_media":17053,"comment_status":"open","ping_status":"closed","template":"","meta":{"_uag_custom_page_level_css":""},"product_brand":[487],"product_cat":[58,86],"product_tag":[],"class_list":{"0":"post-17052","1":"product","2":"type-product","3":"status-publish","4":"has-post-thumbnail","6":"product_brand-amphenol","7":"product_cat-conectores-fichas-y-adaptadores","8":"product_cat-onectores-fichas-y-adaptadores","10":"first","11":"outofstock","12":"sale","13":"taxable","14":"shipping-taxable","15":"purchasable","16":"product-type-simple"},"uagb_featured_image_src":{"full":["https:\/\/rms-enlinea.com.ar\/wp-content\/uploads\/2025\/06\/D_877232-MLA27423414895_052018-F.jpg",740,580,false],"thumbnail":["https:\/\/rms-enlinea.com.ar\/wp-content\/uploads\/2025\/06\/D_877232-MLA27423414895_052018-F-150x150.jpg",150,150,true],"medium":["https:\/\/rms-enlinea.com.ar\/wp-content\/uploads\/2025\/06\/D_877232-MLA27423414895_052018-F-300x235.jpg",300,235,true],"medium_large":["https:\/\/rms-enlinea.com.ar\/wp-content\/uploads\/2025\/06\/D_877232-MLA27423414895_052018-F.jpg",740,580,false],"large":["https:\/\/rms-enlinea.com.ar\/wp-content\/uploads\/2025\/06\/D_877232-MLA27423414895_052018-F.jpg",740,580,false],"1536x1536":["https:\/\/rms-enlinea.com.ar\/wp-content\/uploads\/2025\/06\/D_877232-MLA27423414895_052018-F.jpg",740,580,false],"2048x2048":["https:\/\/rms-enlinea.com.ar\/wp-content\/uploads\/2025\/06\/D_877232-MLA27423414895_052018-F.jpg",740,580,false],"woocommerce_thumbnail":["https:\/\/rms-enlinea.com.ar\/wp-content\/uploads\/2025\/06\/D_877232-MLA27423414895_052018-F-450x450.jpg",450,450,true],"woocommerce_single":["https:\/\/rms-enlinea.com.ar\/wp-content\/uploads\/2025\/06\/D_877232-MLA27423414895_052018-F-600x470.jpg",600,470,true],"woocommerce_gallery_thumbnail":["https:\/\/rms-enlinea.com.ar\/wp-content\/uploads\/2025\/06\/D_877232-MLA27423414895_052018-F-100x100.jpg",100,100,true]},"uagb_author_info":{"display_name":"l0071054","author_link":"https:\/\/rms-enlinea.com.ar\/tienda\/author\/"},"uagb_comment_info":0,"uagb_excerpt":"TIPO DE PRODUCTO: CONECTOR PLUG MONON\u00daMERO DE PINES 2TIPO MACHODI\u00c1METRO DEL CABLE: 6-10 MMTIPO DE CONEXI\u00d3N: SOLDADURATIPO DE CONTACTOS: NIQUELCARCASA: FUNDICION DE ZINCALIVIADOR DE TENSI\u00d3N NORMA ROHS","_links":{"self":[{"href":"https:\/\/rms-enlinea.com.ar\/tienda\/wp-json\/wp\/v2\/product\/17052","targetHints":{"allow":["GET"]}}],"collection":[{"href":"https:\/\/rms-enlinea.com.ar\/tienda\/wp-json\/wp\/v2\/product"}],"about":[{"href":"https:\/\/rms-enlinea.com.ar\/tienda\/wp-json\/wp\/v2\/types\/product"}],"replies":[{"embeddable":true,"href":"https:\/\/rms-enlinea.com.ar\/tienda\/wp-json\/wp\/v2\/comments?post=17052"}],"wp:featuredmedia":[{"embeddable":true,"href":"https:\/\/rms-enlinea.com.ar\/tienda\/wp-json\/wp\/v2\/media\/17053"}],"wp:attachment":[{"href":"https:\/\/rms-enlinea.com.ar\/tienda\/wp-json\/wp\/v2\/media?parent=17052"}],"wp:term":[{"taxonomy":"product_brand","embeddable":true,"href":"https:\/\/rms-enlinea.com.ar\/tienda\/wp-json\/wp\/v2\/product_brand?post=17052"},{"taxonomy":"product_cat","embeddable":true,"href":"https:\/\/rms-enlinea.com.ar\/tienda\/wp-json\/wp\/v2\/product_cat?post=17052"},{"taxonomy":"product_tag","embeddable":true,"href":"https:\/\/rms-enlinea.com.ar\/tienda\/wp-json\/wp\/v2\/product_tag?post=17052"}],"curies":[{"name":"wp","href":"https:\/\/api.w.org\/{rel}","templated":true}]}}