{"id":17102,"date":"2025-06-12T07:40:40","date_gmt":"2025-06-12T10:40:40","guid":{"rendered":"https:\/\/rms-enlinea.com.ar\/tienda\/producto\/auricular-genius-hs-100u-single-ear-usb-headset-c-microfono\/"},"modified":"2026-04-21T06:50:37","modified_gmt":"2026-04-21T09:50:37","slug":"auricular-genius-hs-100u-single-ear-usb-headset-c-microfono","status":"publish","type":"product","link":"https:\/\/rms-enlinea.com.ar\/tienda\/producto\/auricular-genius-hs-100u-single-ear-usb-headset-c-microfono\/","title":{"rendered":"Auricular Genius Hs-100u Single Ear Usb Headset C\/ Microfono"},"content":{"rendered":"<p>Color<\/p>\n<p>Negro<br \/>Tipos de conectores<\/p>\n<p>USB<br \/>Formato del auricular<\/p>\n<p>Headset<br \/>SKU<\/p>\n<p>HS-100U<br \/>Largo del cable<\/p>\n<p>2 m<br \/>Sensibilidad<\/p>\n<p>3 dB<br \/>Marca<\/p>\n<p>Genius<br \/>Con modo manos libres<\/p>\n<p>S\u00ed<br \/>Es monoaural<\/p>\n<p>S\u00ed<br \/>Con micr\u00f3fono<\/p>\n<p>S\u00ed<br \/>Usos aptos<\/p>\n<p>Profesional<\/p>\n","protected":false},"excerpt":{"rendered":"<p>Color NegroTipos de conectores USBFormato del auricular HeadsetSKU HS-100ULargo del cable 2 mSensibilidad 3 dBMarca GeniusCon modo manos libres S\u00edEs monoaural S\u00edCon micr\u00f3fono S\u00edUsos aptos Profesional<\/p>\n","protected":false},"featured_media":17103,"comment_status":"open","ping_status":"closed","template":"","meta":{"_uag_custom_page_level_css":""},"product_brand":[550],"product_cat":[99],"product_tag":[],"class_list":{"0":"post-17102","1":"product","2":"type-product","3":"status-publish","4":"has-post-thumbnail","6":"product_brand-genius","7":"product_cat-auriculares-computacion","9":"first","10":"outofstock","11":"sale","12":"taxable","13":"shipping-taxable","14":"purchasable","15":"product-type-simple"},"uagb_featured_image_src":{"full":["https:\/\/rms-enlinea.com.ar\/wp-content\/uploads\/2025\/06\/D_817577-MLA78509499420_082024-F.jpg",1148,1200,false],"thumbnail":["https:\/\/rms-enlinea.com.ar\/wp-content\/uploads\/2025\/06\/D_817577-MLA78509499420_082024-F-150x150.jpg",150,150,true],"medium":["https:\/\/rms-enlinea.com.ar\/wp-content\/uploads\/2025\/06\/D_817577-MLA78509499420_082024-F-287x300.jpg",287,300,true],"medium_large":["https:\/\/rms-enlinea.com.ar\/wp-content\/uploads\/2025\/06\/D_817577-MLA78509499420_082024-F-768x803.jpg",768,803,true],"large":["https:\/\/rms-enlinea.com.ar\/wp-content\/uploads\/2025\/06\/D_817577-MLA78509499420_082024-F-980x1024.jpg",980,1024,true],"1536x1536":["https:\/\/rms-enlinea.com.ar\/wp-content\/uploads\/2025\/06\/D_817577-MLA78509499420_082024-F.jpg",1148,1200,false],"2048x2048":["https:\/\/rms-enlinea.com.ar\/wp-content\/uploads\/2025\/06\/D_817577-MLA78509499420_082024-F.jpg",1148,1200,false],"woocommerce_thumbnail":["https:\/\/rms-enlinea.com.ar\/wp-content\/uploads\/2025\/06\/D_817577-MLA78509499420_082024-F-450x450.jpg",450,450,true],"woocommerce_single":["https:\/\/rms-enlinea.com.ar\/wp-content\/uploads\/2025\/06\/D_817577-MLA78509499420_082024-F-600x627.jpg",600,627,true],"woocommerce_gallery_thumbnail":["https:\/\/rms-enlinea.com.ar\/wp-content\/uploads\/2025\/06\/D_817577-MLA78509499420_082024-F-100x100.jpg",100,100,true]},"uagb_author_info":{"display_name":"l0071054","author_link":"https:\/\/rms-enlinea.com.ar\/tienda\/author\/"},"uagb_comment_info":0,"uagb_excerpt":"Color NegroTipos de conectores USBFormato del auricular HeadsetSKU HS-100ULargo del cable 2 mSensibilidad 3 dBMarca GeniusCon modo manos libres S\u00edEs monoaural S\u00edCon micr\u00f3fono S\u00edUsos aptos Profesional","_links":{"self":[{"href":"https:\/\/rms-enlinea.com.ar\/tienda\/wp-json\/wp\/v2\/product\/17102","targetHints":{"allow":["GET"]}}],"collection":[{"href":"https:\/\/rms-enlinea.com.ar\/tienda\/wp-json\/wp\/v2\/product"}],"about":[{"href":"https:\/\/rms-enlinea.com.ar\/tienda\/wp-json\/wp\/v2\/types\/product"}],"replies":[{"embeddable":true,"href":"https:\/\/rms-enlinea.com.ar\/tienda\/wp-json\/wp\/v2\/comments?post=17102"}],"wp:featuredmedia":[{"embeddable":true,"href":"https:\/\/rms-enlinea.com.ar\/tienda\/wp-json\/wp\/v2\/media\/17103"}],"wp:attachment":[{"href":"https:\/\/rms-enlinea.com.ar\/tienda\/wp-json\/wp\/v2\/media?parent=17102"}],"wp:term":[{"taxonomy":"product_brand","embeddable":true,"href":"https:\/\/rms-enlinea.com.ar\/tienda\/wp-json\/wp\/v2\/product_brand?post=17102"},{"taxonomy":"product_cat","embeddable":true,"href":"https:\/\/rms-enlinea.com.ar\/tienda\/wp-json\/wp\/v2\/product_cat?post=17102"},{"taxonomy":"product_tag","embeddable":true,"href":"https:\/\/rms-enlinea.com.ar\/tienda\/wp-json\/wp\/v2\/product_tag?post=17102"}],"curies":[{"name":"wp","href":"https:\/\/api.w.org\/{rel}","templated":true}]}}