{"id":1712,"date":"2025-06-12T02:12:13","date_gmt":"2025-06-12T05:12:13","guid":{"rendered":"https:\/\/rms-enlinea.com.ar\/tienda\/producto\/placa-de-video-gigabyte-rx-7700xt-gaming-oc-12gb-pcie-4-0\/"},"modified":"2026-02-20T22:19:09","modified_gmt":"2026-02-21T01:19:09","slug":"placa-de-video-gigabyte-rx-7700xt-gaming-oc-12gb-pcie-4-0","status":"publish","type":"product","link":"https:\/\/rms-enlinea.com.ar\/tienda\/producto\/placa-de-video-gigabyte-rx-7700xt-gaming-oc-12gb-pcie-4-0\/","title":{"rendered":"Placa De Video Gigabyte Rx 7700xt Gaming Oc 12gb Pcie 4.0"},"content":{"rendered":"<p>Procesamiento de gr\u00e1ficos<br \/>Radeon\u2122 RX 7700 XT<br \/>Reloj de n\u00facleo<br \/>Boost Clock*: hasta 2599 MHz (Tarjeta de referencia: 2544 MHz)<br \/> \tGame Clock*: hasta 2276 MHz (Tarjeta de referencia: 2171 MHz)<br \/>Procesadores de flujo<br \/>3456<br \/>Reloj de la memoria<br \/>18 Gbps<br \/>Tama\u00f1o de la memoria<br \/>12GB<br \/>Tipo de memoria<br \/>GDDR6<br \/>Autob\u00fas de memoria<br \/>192 bits<br \/>Tarjeta de autob\u00fas<br \/>PCI-E 4.0<br \/>Resoluci\u00f3n m\u00e1xima digital<br \/>7680&#215;4320<br \/>Vista m\u00faltiple<br \/>4<br \/>Tama\u00f1o de tarjeta<br \/>Largo=302 Ancho=130 Alto=56 mm<br \/>Formulario de PCB<br \/>ATX<br \/>DirectX<br \/>12 \u00faltimo<br \/>OpenGL<br \/>4.6<br \/>Fuente de alimentaci\u00f3n recomendada<br \/>700W<br \/>Conectores de alimentaci\u00f3n<br \/>8 pines * 2<br \/>Producci\u00f3n<br \/>DisplayPort 2.1 *2<br \/> \tHDMI 2.1 *2<\/p>\n","protected":false},"excerpt":{"rendered":"<p>Procesamiento de gr\u00e1ficosRadeon\u2122 RX 7700 XTReloj de n\u00facleoBoost Clock*: hasta 2599 MHz (Tarjeta de referencia: 2544 MHz) Game Clock*: hasta 2276 MHz (Tarjeta de referencia: 2171 MHz)Procesadores de flujo3456Reloj de la memoria18 GbpsTama\u00f1o de la memoria12GBTipo de memoriaGDDR6Autob\u00fas de memoria192 bitsTarjeta de autob\u00fasPCI-E 4.0Resoluci\u00f3n m\u00e1xima digital7680&#215;4320Vista m\u00faltiple4Tama\u00f1o de tarjetaLargo=302 Ancho=130 Alto=56 mmFormulario de PCBATXDirectX12 \u00faltimoOpenGL4.6Fuente [&hellip;]<\/p>\n","protected":false},"featured_media":1713,"comment_status":"open","ping_status":"closed","template":"","meta":{"_uag_custom_page_level_css":""},"product_brand":[532],"product_cat":[120],"product_tag":[],"class_list":{"0":"post-1712","1":"product","2":"type-product","3":"status-publish","4":"has-post-thumbnail","6":"product_brand-gigabyte","7":"product_cat-placas-de-video","9":"first","10":"outofstock","11":"sale","12":"taxable","13":"shipping-taxable","14":"purchasable","15":"product-type-simple"},"uagb_featured_image_src":{"full":["https:\/\/rms-enlinea.com.ar\/wp-content\/uploads\/2025\/06\/D_789337-MLU74603981652_022024-F.jpg",1200,1170,false],"thumbnail":["https:\/\/rms-enlinea.com.ar\/wp-content\/uploads\/2025\/06\/D_789337-MLU74603981652_022024-F-150x150.jpg",150,150,true],"medium":["https:\/\/rms-enlinea.com.ar\/wp-content\/uploads\/2025\/06\/D_789337-MLU74603981652_022024-F-300x293.jpg",300,293,true],"medium_large":["https:\/\/rms-enlinea.com.ar\/wp-content\/uploads\/2025\/06\/D_789337-MLU74603981652_022024-F-768x749.jpg",768,749,true],"large":["https:\/\/rms-enlinea.com.ar\/wp-content\/uploads\/2025\/06\/D_789337-MLU74603981652_022024-F-1024x998.jpg",1024,998,true],"1536x1536":["https:\/\/rms-enlinea.com.ar\/wp-content\/uploads\/2025\/06\/D_789337-MLU74603981652_022024-F.jpg",1200,1170,false],"2048x2048":["https:\/\/rms-enlinea.com.ar\/wp-content\/uploads\/2025\/06\/D_789337-MLU74603981652_022024-F.jpg",1200,1170,false],"woocommerce_thumbnail":["https:\/\/rms-enlinea.com.ar\/wp-content\/uploads\/2025\/06\/D_789337-MLU74603981652_022024-F-450x450.jpg",450,450,true],"woocommerce_single":["https:\/\/rms-enlinea.com.ar\/wp-content\/uploads\/2025\/06\/D_789337-MLU74603981652_022024-F-600x585.jpg",600,585,true],"woocommerce_gallery_thumbnail":["https:\/\/rms-enlinea.com.ar\/wp-content\/uploads\/2025\/06\/D_789337-MLU74603981652_022024-F-100x100.jpg",100,100,true]},"uagb_author_info":{"display_name":"l0071054","author_link":"https:\/\/rms-enlinea.com.ar\/tienda\/author\/"},"uagb_comment_info":0,"uagb_excerpt":"Procesamiento de gr\u00e1ficosRadeon\u2122 RX 7700 XTReloj de n\u00facleoBoost Clock*: hasta 2599 MHz (Tarjeta de referencia: 2544 MHz) Game Clock*: hasta 2276 MHz (Tarjeta de referencia: 2171 MHz)Procesadores de flujo3456Reloj de la memoria18 GbpsTama\u00f1o de la memoria12GBTipo de memoriaGDDR6Autob\u00fas de memoria192 bitsTarjeta de autob\u00fasPCI-E 4.0Resoluci\u00f3n m\u00e1xima digital7680&#215;4320Vista m\u00faltiple4Tama\u00f1o de tarjetaLargo=302 Ancho=130 Alto=56 mmFormulario de PCBATXDirectX12 \u00faltimoOpenGL4.6Fuente&hellip;","_links":{"self":[{"href":"https:\/\/rms-enlinea.com.ar\/tienda\/wp-json\/wp\/v2\/product\/1712","targetHints":{"allow":["GET"]}}],"collection":[{"href":"https:\/\/rms-enlinea.com.ar\/tienda\/wp-json\/wp\/v2\/product"}],"about":[{"href":"https:\/\/rms-enlinea.com.ar\/tienda\/wp-json\/wp\/v2\/types\/product"}],"replies":[{"embeddable":true,"href":"https:\/\/rms-enlinea.com.ar\/tienda\/wp-json\/wp\/v2\/comments?post=1712"}],"wp:featuredmedia":[{"embeddable":true,"href":"https:\/\/rms-enlinea.com.ar\/tienda\/wp-json\/wp\/v2\/media\/1713"}],"wp:attachment":[{"href":"https:\/\/rms-enlinea.com.ar\/tienda\/wp-json\/wp\/v2\/media?parent=1712"}],"wp:term":[{"taxonomy":"product_brand","embeddable":true,"href":"https:\/\/rms-enlinea.com.ar\/tienda\/wp-json\/wp\/v2\/product_brand?post=1712"},{"taxonomy":"product_cat","embeddable":true,"href":"https:\/\/rms-enlinea.com.ar\/tienda\/wp-json\/wp\/v2\/product_cat?post=1712"},{"taxonomy":"product_tag","embeddable":true,"href":"https:\/\/rms-enlinea.com.ar\/tienda\/wp-json\/wp\/v2\/product_tag?post=1712"}],"curies":[{"name":"wp","href":"https:\/\/api.w.org\/{rel}","templated":true}]}}