{"id":17152,"date":"2025-06-12T07:41:47","date_gmt":"2025-06-12T10:41:47","guid":{"rendered":"https:\/\/rms-enlinea.com.ar\/tienda\/producto\/mouse-usb-genius-micro-traveler-ruby-1000dpi-cable-retractil\/"},"modified":"2026-04-21T06:30:38","modified_gmt":"2026-04-21T09:30:38","slug":"mouse-usb-genius-micro-traveler-ruby-1000dpi-cable-retractil","status":"publish","type":"product","link":"https:\/\/rms-enlinea.com.ar\/tienda\/producto\/mouse-usb-genius-micro-traveler-ruby-1000dpi-cable-retractil\/","title":{"rendered":"Mouse Usb Genius Micro Traveler Ruby 1000dpi Cable Retractil"},"content":{"rendered":"<p>Marca<\/p>\n<p>Genius<br \/>Conexi\u00f3n<\/p>\n<p>Con Cable<br \/>EAN<\/p>\n<p>4710268228707<br \/>C\u00f3digo universal de producto<\/p>\n<p>4710268228707<br \/>Es recargable<\/p>\n<p>No<br \/>Es inal\u00e1mbrico USB<\/p>\n<p>No<br \/>L\u00ednea<\/p>\n<p>Micro Traveler<br \/>Modelo<\/p>\n<p>V2<br \/>Tipo<\/p>\n<p>Mini<br \/>Resoluci\u00f3n del sensor<\/p>\n<p>1000 dpi<br \/>Tipo de sensor<\/p>\n<p>\u00d3ptico<br \/>Con Bluetooth<\/p>\n<p>No<br \/>Con cable retr\u00e1ctil<\/p>\n<p>S\u00ed<br \/>Con cable<\/p>\n<p>S\u00ed<\/p>\n","protected":false},"excerpt":{"rendered":"<p>Marca GeniusConexi\u00f3n Con CableEAN 4710268228707C\u00f3digo universal de producto 4710268228707Es recargable NoEs inal\u00e1mbrico USB NoL\u00ednea Micro TravelerModelo V2Tipo MiniResoluci\u00f3n del sensor 1000 dpiTipo de sensor \u00d3pticoCon Bluetooth NoCon cable retr\u00e1ctil S\u00edCon cable S\u00ed<\/p>\n","protected":false},"featured_media":17153,"comment_status":"open","ping_status":"closed","template":"","meta":{"_uag_custom_page_level_css":""},"product_brand":[550],"product_cat":[125],"product_tag":[],"class_list":{"0":"post-17152","1":"product","2":"type-product","3":"status-publish","4":"has-post-thumbnail","6":"product_brand-genius","7":"product_cat-teclados-y-mouses","9":"first","10":"outofstock","11":"sale","12":"taxable","13":"shipping-taxable","14":"purchasable","15":"product-type-simple"},"uagb_featured_image_src":{"full":["https:\/\/rms-enlinea.com.ar\/wp-content\/uploads\/2025\/06\/D_742238-MLA43710746936_102020-F.jpg",1200,930,false],"thumbnail":["https:\/\/rms-enlinea.com.ar\/wp-content\/uploads\/2025\/06\/D_742238-MLA43710746936_102020-F-150x150.jpg",150,150,true],"medium":["https:\/\/rms-enlinea.com.ar\/wp-content\/uploads\/2025\/06\/D_742238-MLA43710746936_102020-F-300x233.jpg",300,233,true],"medium_large":["https:\/\/rms-enlinea.com.ar\/wp-content\/uploads\/2025\/06\/D_742238-MLA43710746936_102020-F-768x595.jpg",768,595,true],"large":["https:\/\/rms-enlinea.com.ar\/wp-content\/uploads\/2025\/06\/D_742238-MLA43710746936_102020-F-1024x794.jpg",1024,794,true],"1536x1536":["https:\/\/rms-enlinea.com.ar\/wp-content\/uploads\/2025\/06\/D_742238-MLA43710746936_102020-F.jpg",1200,930,false],"2048x2048":["https:\/\/rms-enlinea.com.ar\/wp-content\/uploads\/2025\/06\/D_742238-MLA43710746936_102020-F.jpg",1200,930,false],"woocommerce_thumbnail":["https:\/\/rms-enlinea.com.ar\/wp-content\/uploads\/2025\/06\/D_742238-MLA43710746936_102020-F-450x450.jpg",450,450,true],"woocommerce_single":["https:\/\/rms-enlinea.com.ar\/wp-content\/uploads\/2025\/06\/D_742238-MLA43710746936_102020-F-600x465.jpg",600,465,true],"woocommerce_gallery_thumbnail":["https:\/\/rms-enlinea.com.ar\/wp-content\/uploads\/2025\/06\/D_742238-MLA43710746936_102020-F-100x100.jpg",100,100,true]},"uagb_author_info":{"display_name":"l0071054","author_link":"https:\/\/rms-enlinea.com.ar\/tienda\/author\/"},"uagb_comment_info":0,"uagb_excerpt":"Marca GeniusConexi\u00f3n Con CableEAN 4710268228707C\u00f3digo universal de producto 4710268228707Es recargable NoEs inal\u00e1mbrico USB NoL\u00ednea Micro TravelerModelo V2Tipo MiniResoluci\u00f3n del sensor 1000 dpiTipo de sensor \u00d3pticoCon Bluetooth NoCon cable retr\u00e1ctil S\u00edCon cable S\u00ed","_links":{"self":[{"href":"https:\/\/rms-enlinea.com.ar\/tienda\/wp-json\/wp\/v2\/product\/17152","targetHints":{"allow":["GET"]}}],"collection":[{"href":"https:\/\/rms-enlinea.com.ar\/tienda\/wp-json\/wp\/v2\/product"}],"about":[{"href":"https:\/\/rms-enlinea.com.ar\/tienda\/wp-json\/wp\/v2\/types\/product"}],"replies":[{"embeddable":true,"href":"https:\/\/rms-enlinea.com.ar\/tienda\/wp-json\/wp\/v2\/comments?post=17152"}],"wp:featuredmedia":[{"embeddable":true,"href":"https:\/\/rms-enlinea.com.ar\/tienda\/wp-json\/wp\/v2\/media\/17153"}],"wp:attachment":[{"href":"https:\/\/rms-enlinea.com.ar\/tienda\/wp-json\/wp\/v2\/media?parent=17152"}],"wp:term":[{"taxonomy":"product_brand","embeddable":true,"href":"https:\/\/rms-enlinea.com.ar\/tienda\/wp-json\/wp\/v2\/product_brand?post=17152"},{"taxonomy":"product_cat","embeddable":true,"href":"https:\/\/rms-enlinea.com.ar\/tienda\/wp-json\/wp\/v2\/product_cat?post=17152"},{"taxonomy":"product_tag","embeddable":true,"href":"https:\/\/rms-enlinea.com.ar\/tienda\/wp-json\/wp\/v2\/product_tag?post=17152"}],"curies":[{"name":"wp","href":"https:\/\/api.w.org\/{rel}","templated":true}]}}