{"id":17160,"date":"2025-06-12T07:41:57","date_gmt":"2025-06-12T10:41:57","guid":{"rendered":"https:\/\/rms-enlinea.com.ar\/tienda\/producto\/mouse-usb-trust-carve-1200dpi-usb-black-cable-1-70m-optico\/"},"modified":"2026-04-21T05:11:53","modified_gmt":"2026-04-21T08:11:53","slug":"mouse-usb-trust-carve-1200dpi-usb-black-cable-1-70m-optico","status":"publish","type":"product","link":"https:\/\/rms-enlinea.com.ar\/tienda\/producto\/mouse-usb-trust-carve-1200dpi-usb-black-cable-1-70m-optico\/","title":{"rendered":"Mouse Usb Trust Carve 1200dpi Usb Black Cable 1.70m Optico"},"content":{"rendered":"<p>Modelo alfanum\u00e9rico<\/p>\n<p>23733<br \/>Marca<\/p>\n<p>Trust<br \/>Tipo de mouse<\/p>\n<p>Convencional<br \/>C\u00f3digo universal de producto<\/p>\n<p>8713439237337<br \/>Es inal\u00e1mbrico USB<\/p>\n<p>No<br \/>Modelo<\/p>\n<p>Carve<br \/>Cantidad de botones<\/p>\n<p>3<br \/>Resoluci\u00f3n del sensor<\/p>\n<p>1200 dpi<br \/>Tecnolog\u00eda del sensor<\/p>\n<p>Optico<br \/>Tipo de sensor<\/p>\n<p>\u00d3ptico<br \/>Con Bluetooth<\/p>\n<p>No<br \/>Con cable<\/p>\n<p>S\u00ed<\/p>\n","protected":false},"excerpt":{"rendered":"<p>Modelo alfanum\u00e9rico 23733Marca TrustTipo de mouse ConvencionalC\u00f3digo universal de producto 8713439237337Es inal\u00e1mbrico USB NoModelo CarveCantidad de botones 3Resoluci\u00f3n del sensor 1200 dpiTecnolog\u00eda del sensor OpticoTipo de sensor \u00d3pticoCon Bluetooth NoCon cable S\u00ed<\/p>\n","protected":false},"featured_media":17162,"comment_status":"open","ping_status":"closed","template":"","meta":{"_uag_custom_page_level_css":""},"product_brand":[542],"product_cat":[125],"product_tag":[],"class_list":{"0":"post-17160","1":"product","2":"type-product","3":"status-publish","4":"has-post-thumbnail","6":"product_brand-trustgaming","7":"product_cat-teclados-y-mouses","9":"first","10":"outofstock","11":"sale","12":"taxable","13":"shipping-taxable","14":"purchasable","15":"product-type-simple"},"uagb_featured_image_src":{"full":["https:\/\/rms-enlinea.com.ar\/wp-content\/uploads\/2025\/06\/D_737902-MLA51228168189_082022-F.jpg",502,1015,false],"thumbnail":["https:\/\/rms-enlinea.com.ar\/wp-content\/uploads\/2025\/06\/D_737902-MLA51228168189_082022-F-150x150.jpg",150,150,true],"medium":["https:\/\/rms-enlinea.com.ar\/wp-content\/uploads\/2025\/06\/D_737902-MLA51228168189_082022-F-148x300.jpg",148,300,true],"medium_large":["https:\/\/rms-enlinea.com.ar\/wp-content\/uploads\/2025\/06\/D_737902-MLA51228168189_082022-F.jpg",502,1015,false],"large":["https:\/\/rms-enlinea.com.ar\/wp-content\/uploads\/2025\/06\/D_737902-MLA51228168189_082022-F.jpg",502,1015,false],"1536x1536":["https:\/\/rms-enlinea.com.ar\/wp-content\/uploads\/2025\/06\/D_737902-MLA51228168189_082022-F.jpg",502,1015,false],"2048x2048":["https:\/\/rms-enlinea.com.ar\/wp-content\/uploads\/2025\/06\/D_737902-MLA51228168189_082022-F.jpg",502,1015,false],"woocommerce_thumbnail":["https:\/\/rms-enlinea.com.ar\/wp-content\/uploads\/2025\/06\/D_737902-MLA51228168189_082022-F-450x450.jpg",450,450,true],"woocommerce_single":["https:\/\/rms-enlinea.com.ar\/wp-content\/uploads\/2025\/06\/D_737902-MLA51228168189_082022-F.jpg",502,1015,false],"woocommerce_gallery_thumbnail":["https:\/\/rms-enlinea.com.ar\/wp-content\/uploads\/2025\/06\/D_737902-MLA51228168189_082022-F-100x100.jpg",100,100,true]},"uagb_author_info":{"display_name":"l0071054","author_link":"https:\/\/rms-enlinea.com.ar\/tienda\/author\/"},"uagb_comment_info":0,"uagb_excerpt":"Modelo alfanum\u00e9rico 23733Marca TrustTipo de mouse ConvencionalC\u00f3digo universal de producto 8713439237337Es inal\u00e1mbrico USB NoModelo CarveCantidad de botones 3Resoluci\u00f3n del sensor 1200 dpiTecnolog\u00eda del sensor OpticoTipo de sensor \u00d3pticoCon Bluetooth NoCon cable S\u00ed","_links":{"self":[{"href":"https:\/\/rms-enlinea.com.ar\/tienda\/wp-json\/wp\/v2\/product\/17160","targetHints":{"allow":["GET"]}}],"collection":[{"href":"https:\/\/rms-enlinea.com.ar\/tienda\/wp-json\/wp\/v2\/product"}],"about":[{"href":"https:\/\/rms-enlinea.com.ar\/tienda\/wp-json\/wp\/v2\/types\/product"}],"replies":[{"embeddable":true,"href":"https:\/\/rms-enlinea.com.ar\/tienda\/wp-json\/wp\/v2\/comments?post=17160"}],"wp:featuredmedia":[{"embeddable":true,"href":"https:\/\/rms-enlinea.com.ar\/tienda\/wp-json\/wp\/v2\/media\/17162"}],"wp:attachment":[{"href":"https:\/\/rms-enlinea.com.ar\/tienda\/wp-json\/wp\/v2\/media?parent=17160"}],"wp:term":[{"taxonomy":"product_brand","embeddable":true,"href":"https:\/\/rms-enlinea.com.ar\/tienda\/wp-json\/wp\/v2\/product_brand?post=17160"},{"taxonomy":"product_cat","embeddable":true,"href":"https:\/\/rms-enlinea.com.ar\/tienda\/wp-json\/wp\/v2\/product_cat?post=17160"},{"taxonomy":"product_tag","embeddable":true,"href":"https:\/\/rms-enlinea.com.ar\/tienda\/wp-json\/wp\/v2\/product_tag?post=17160"}],"curies":[{"name":"wp","href":"https:\/\/api.w.org\/{rel}","templated":true}]}}