{"id":17189,"date":"2025-06-12T07:42:23","date_gmt":"2025-06-12T10:42:23","guid":{"rendered":"https:\/\/rms-enlinea.com.ar\/tienda\/producto\/parlante-portatil-trust-axxy-20w-bt-mini-plug-15-horas\/"},"modified":"2026-03-12T18:31:39","modified_gmt":"2026-03-12T21:31:39","slug":"parlante-portatil-trust-axxy-20w-bt-mini-plug-15-horas","status":"publish","type":"product","link":"https:\/\/rms-enlinea.com.ar\/tienda\/producto\/parlante-portatil-trust-axxy-20w-bt-mini-plug-15-horas\/","title":{"rendered":"Parlante Portatil Trust Axxy 20w Bt Mini Plug 15 Horas"},"content":{"rendered":"<p>General<br \/>\ntipo de orador<br \/>\n2.0<br \/>\nCaracter\u00edsticas<br \/>\nAhorro de energ\u00eda<br \/>\nS\u00ed<br \/>\nNFC<br \/>\nNo<br \/>\nLlamadas telef\u00f3nicas con manos libres<br \/>\nS\u00ed<br \/>\nMontura tr\u00edpode<br \/>\nNo<br \/>\nAccesorios<br \/>\nCable de carga USB-C<br \/>\nTama\u00f1o y peso<br \/>\nPeso total<br \/>\n500 gramos<br \/>\nPeso de la unidad principal<br \/>\n490 gramos<br \/>\nProfundidad del producto principal (en mm)<br \/>\n50mm<br \/>\nAncho del producto principal (en mm)<br \/>\n185 mil\u00edmetros<br \/>\nAltura del producto principal (en mm)<br \/>\n60mm<br \/>\nControl<br \/>\nControl remoto<br \/>\nNo<br \/>\nControl S<br \/>\nencendido\/apagado, control de volumen, controles de reproducci\u00f3n, modo<br \/>\nConectividad<br \/>\nTipo de conecci\u00f3n<br \/>\ncableado, inal\u00e1mbrico<br \/>\nBluetooth<br \/>\nS\u00ed<br \/>\nCables incluidos<br \/>\nCable de carga microUSB Cable de audio de 3,5 mm.<br \/>\nAlcance inal\u00e1mbrico<br \/>\n10 metros<br \/>\nVersi\u00f3n Bluetooth<br \/>\n5.0<br \/>\nAudio<br \/>\nSalida de potencia (pico)<br \/>\n40 vatios<br \/>\nSalida de potencia (RMS)<br \/>\n20W<br \/>\nRespuesta frecuente<br \/>\n20Hz &#8211; 20.000Hz<br \/>\nTama\u00f1o del conductor<br \/>\n48mm<br \/>\nUnidades de conductor<br \/>\n2<br \/>\nEntrada de audio<br \/>\nBluetooth, 3,5 mm<br \/>\nSalida de audio<br \/>\nNinguno<br \/>\nConexi\u00f3n de auriculares<br \/>\nNo<br \/>\nMicr\u00f3fono incorporado<br \/>\nS\u00ed<br \/>\nConexi\u00f3n de micr\u00f3fono<br \/>\nNo<br \/>\nVerdadero est\u00e9reo inal\u00e1mbrico (TWS)<br \/>\nS\u00ed<br \/>\nImpedancia del altavoz<br \/>\n4 ohmios<br \/>\nImpedancia de entrada<br \/>\n10000 ohmios<br \/>\nEncendiendo<br \/>\nLuces<br \/>\nNo<br \/>\nProteccion<br \/>\nImpermeable<br \/>\nS\u00ed<br \/>\nFuerza<br \/>\nBater\u00eda recargable<br \/>\nS\u00ed<br \/>\nN\u00famero de bater\u00edas<br \/>\n1<br \/>\nTipo de bater\u00eda (AA, AAA, etc.)<br \/>\n18650<br \/>\nComposici\u00f3n de la bater\u00eda (alcalina, Li-ion, etc.)<br \/>\nCelda de iones de litio<br \/>\nCapacidad de la bater\u00eda (Wh)<br \/>\n13,32 Wh<br \/>\nCapacidad de la bater\u00eda (mAh)<br \/>\n1800mAh<br \/>\nTensi\u00f3n de la bater\u00eda (V)<br \/>\n7,4 voltios<br \/>\nDuraci\u00f3n de la bater\u00eda (meses)<br \/>\n36 meses<br \/>\nDuraci\u00f3n m\u00e1xima de la bater\u00eda &#8211; m\u00fasica<br \/>\n15 horas<br \/>\nCable de alimentaci\u00f3n desmontable<br \/>\nS\u00ed<br \/>\nAporte<br \/>\nFuente de alimentaci\u00f3n<br \/>\nBateria solar<br \/>\nCompatibilidad<br \/>\nTipos de dispositivos compatibles<br \/>\nDispositivos Bluetooth<\/p>\n","protected":false},"excerpt":{"rendered":"<p>General tipo de orador 2.0 Caracter\u00edsticas Ahorro de energ\u00eda S\u00ed NFC No Llamadas telef\u00f3nicas con manos libres S\u00ed Montura tr\u00edpode No Accesorios Cable de carga USB-C Tama\u00f1o y peso Peso total 500 gramos Peso de la unidad principal 490 gramos Profundidad del producto principal (en mm) 50mm Ancho del producto principal (en mm) 185 mil\u00edmetros [&hellip;]<\/p>\n","protected":false},"featured_media":17188,"comment_status":"open","ping_status":"closed","template":"","meta":{"_uag_custom_page_level_css":""},"product_brand":[542],"product_cat":[124],"product_tag":[],"class_list":{"0":"post-17189","1":"product","2":"type-product","3":"status-publish","4":"has-post-thumbnail","6":"product_brand-trustgaming","7":"product_cat-sistemas-de-sonido-parlantes","9":"first","10":"instock","11":"sale","12":"taxable","13":"shipping-taxable","14":"purchasable","15":"product-type-simple"},"uagb_featured_image_src":{"full":["https:\/\/rms-enlinea.com.ar\/wp-content\/uploads\/2025\/06\/D_621219-MCO44085415836_112020-F.jpg",863,508,false],"thumbnail":["https:\/\/rms-enlinea.com.ar\/wp-content\/uploads\/2025\/06\/D_621219-MCO44085415836_112020-F-150x150.jpg",150,150,true],"medium":["https:\/\/rms-enlinea.com.ar\/wp-content\/uploads\/2025\/06\/D_621219-MCO44085415836_112020-F-300x177.jpg",300,177,true],"medium_large":["https:\/\/rms-enlinea.com.ar\/wp-content\/uploads\/2025\/06\/D_621219-MCO44085415836_112020-F-768x452.jpg",768,452,true],"large":["https:\/\/rms-enlinea.com.ar\/wp-content\/uploads\/2025\/06\/D_621219-MCO44085415836_112020-F.jpg",863,508,false],"1536x1536":["https:\/\/rms-enlinea.com.ar\/wp-content\/uploads\/2025\/06\/D_621219-MCO44085415836_112020-F.jpg",863,508,false],"2048x2048":["https:\/\/rms-enlinea.com.ar\/wp-content\/uploads\/2025\/06\/D_621219-MCO44085415836_112020-F.jpg",863,508,false],"woocommerce_thumbnail":["https:\/\/rms-enlinea.com.ar\/wp-content\/uploads\/2025\/06\/D_621219-MCO44085415836_112020-F-450x450.jpg",450,450,true],"woocommerce_single":["https:\/\/rms-enlinea.com.ar\/wp-content\/uploads\/2025\/06\/D_621219-MCO44085415836_112020-F-600x353.jpg",600,353,true],"woocommerce_gallery_thumbnail":["https:\/\/rms-enlinea.com.ar\/wp-content\/uploads\/2025\/06\/D_621219-MCO44085415836_112020-F-100x100.jpg",100,100,true]},"uagb_author_info":{"display_name":"l0071054","author_link":"https:\/\/rms-enlinea.com.ar\/tienda\/author\/"},"uagb_comment_info":0,"uagb_excerpt":"General tipo de orador 2.0 Caracter\u00edsticas Ahorro de energ\u00eda S\u00ed NFC No Llamadas telef\u00f3nicas con manos libres S\u00ed Montura tr\u00edpode No Accesorios Cable de carga USB-C Tama\u00f1o y peso Peso total 500 gramos Peso de la unidad principal 490 gramos Profundidad del producto principal (en mm) 50mm Ancho del producto principal (en mm) 185 mil\u00edmetros&hellip;","_links":{"self":[{"href":"https:\/\/rms-enlinea.com.ar\/tienda\/wp-json\/wp\/v2\/product\/17189","targetHints":{"allow":["GET"]}}],"collection":[{"href":"https:\/\/rms-enlinea.com.ar\/tienda\/wp-json\/wp\/v2\/product"}],"about":[{"href":"https:\/\/rms-enlinea.com.ar\/tienda\/wp-json\/wp\/v2\/types\/product"}],"replies":[{"embeddable":true,"href":"https:\/\/rms-enlinea.com.ar\/tienda\/wp-json\/wp\/v2\/comments?post=17189"}],"wp:featuredmedia":[{"embeddable":true,"href":"https:\/\/rms-enlinea.com.ar\/tienda\/wp-json\/wp\/v2\/media\/17188"}],"wp:attachment":[{"href":"https:\/\/rms-enlinea.com.ar\/tienda\/wp-json\/wp\/v2\/media?parent=17189"}],"wp:term":[{"taxonomy":"product_brand","embeddable":true,"href":"https:\/\/rms-enlinea.com.ar\/tienda\/wp-json\/wp\/v2\/product_brand?post=17189"},{"taxonomy":"product_cat","embeddable":true,"href":"https:\/\/rms-enlinea.com.ar\/tienda\/wp-json\/wp\/v2\/product_cat?post=17189"},{"taxonomy":"product_tag","embeddable":true,"href":"https:\/\/rms-enlinea.com.ar\/tienda\/wp-json\/wp\/v2\/product_tag?post=17189"}],"curies":[{"name":"wp","href":"https:\/\/api.w.org\/{rel}","templated":true}]}}