{"id":17196,"date":"2025-06-12T07:42:38","date_gmt":"2025-06-12T10:42:38","guid":{"rendered":"https:\/\/rms-enlinea.com.ar\/tienda\/producto\/parlantes-gamer-trust-gxt-608-2-0-36w-usb-plug-35-luz-led\/"},"modified":"2026-04-11T12:00:53","modified_gmt":"2026-04-11T15:00:53","slug":"parlantes-gamer-trust-gxt-608-2-0-36w-usb-plug-35-luz-led","status":"publish","type":"product","link":"https:\/\/rms-enlinea.com.ar\/tienda\/producto\/parlantes-gamer-trust-gxt-608-2-0-36w-usb-plug-35-luz-led\/","title":{"rendered":"Parlantes Gamer Trust Gxt 608 2.0 36w Usb Plug 3,5 Luz Led"},"content":{"rendered":"<p>General<br \/>\ntipo de orador<br \/>\n2.0<br \/>\nCaracter\u00edsticas<br \/>\nAhorro de energ\u00eda<br \/>\nNo<br \/>\nNFC<br \/>\nNo<br \/>\nLlamadas telef\u00f3nicas con manos libres<br \/>\nNo<br \/>\nMontura tr\u00edpode<br \/>\nNo<br \/>\nTama\u00f1o y peso<br \/>\nPeso total<br \/>\n1000 gramos<br \/>\nProfundidad del producto principal (en mm)<br \/>\n207 mil\u00edmetros<br \/>\nAncho del producto principal (en mm)<br \/>\n97mm<br \/>\nAltura del producto principal (en mm)<br \/>\n104 mil\u00edmetros<br \/>\nControl<br \/>\nControl remoto<br \/>\nNo<br \/>\nControl S<br \/>\nvolumen, bajo<br \/>\nConectividad<br \/>\nTipo de conecci\u00f3n<br \/>\ncableado<br \/>\nBluetooth<br \/>\nNo<br \/>\nAudio<br \/>\nSalida de potencia (pico)<br \/>\n36W<br \/>\nSalida de potencia (RMS)<br \/>\n18W<br \/>\nRespuesta frecuente<br \/>\n20Hz &#8211; 20.000Hz<br \/>\nEntrada de audio<br \/>\n3,5 mm, entrada de l\u00ednea<br \/>\nSalida de audio<br \/>\n3,5 mil\u00edmetros<br \/>\nConexi\u00f3n de auriculares<br \/>\nS\u00ed<br \/>\nMicr\u00f3fono incorporado<br \/>\nNo<br \/>\nConexi\u00f3n de micr\u00f3fono<br \/>\nNo<br \/>\nImpedancia del altavoz<br \/>\n4 ohmios<br \/>\nEncendiendo<br \/>\nLuces<br \/>\nS\u00ed<br \/>\ntipo de luz<br \/>\npulsante<br \/>\nModos de luz<br \/>\nEncendido apagado<br \/>\nProteccion<br \/>\nImpermeable<br \/>\nNo<br \/>\nFuerza<br \/>\nCable de alimentaci\u00f3n desmontable<br \/>\nNo<br \/>\nAporte<br \/>\nFuente de alimentaci\u00f3n<br \/>\nUSB<br \/>\nCompatibilidad<br \/>\nTipos de dispositivos compatibles<br \/>\nordenador personal, ordenador port\u00e1til, smarttv, tel\u00e9fono inteligente, tableta<br \/>\nConsolas compatibles<br \/>\nNo<\/p>\n","protected":false},"excerpt":{"rendered":"<p>General tipo de orador 2.0 Caracter\u00edsticas Ahorro de energ\u00eda No NFC No Llamadas telef\u00f3nicas con manos libres No Montura tr\u00edpode No Tama\u00f1o y peso Peso total 1000 gramos Profundidad del producto principal (en mm) 207 mil\u00edmetros Ancho del producto principal (en mm) 97mm Altura del producto principal (en mm) 104 mil\u00edmetros Control Control remoto No [&hellip;]<\/p>\n","protected":false},"featured_media":17197,"comment_status":"open","ping_status":"closed","template":"","meta":{"_uag_custom_page_level_css":""},"product_brand":[542],"product_cat":[124],"product_tag":[],"class_list":{"0":"post-17196","1":"product","2":"type-product","3":"status-publish","4":"has-post-thumbnail","6":"product_brand-trustgaming","7":"product_cat-sistemas-de-sonido-parlantes","9":"first","10":"outofstock","11":"sale","12":"taxable","13":"shipping-taxable","14":"purchasable","15":"product-type-simple"},"uagb_featured_image_src":{"full":["https:\/\/rms-enlinea.com.ar\/wp-content\/uploads\/2025\/06\/D_958430-MLA76276192553_052024-F.jpg",1200,1076,false],"thumbnail":["https:\/\/rms-enlinea.com.ar\/wp-content\/uploads\/2025\/06\/D_958430-MLA76276192553_052024-F-150x150.jpg",150,150,true],"medium":["https:\/\/rms-enlinea.com.ar\/wp-content\/uploads\/2025\/06\/D_958430-MLA76276192553_052024-F-300x269.jpg",300,269,true],"medium_large":["https:\/\/rms-enlinea.com.ar\/wp-content\/uploads\/2025\/06\/D_958430-MLA76276192553_052024-F-768x689.jpg",768,689,true],"large":["https:\/\/rms-enlinea.com.ar\/wp-content\/uploads\/2025\/06\/D_958430-MLA76276192553_052024-F-1024x918.jpg",1024,918,true],"1536x1536":["https:\/\/rms-enlinea.com.ar\/wp-content\/uploads\/2025\/06\/D_958430-MLA76276192553_052024-F.jpg",1200,1076,false],"2048x2048":["https:\/\/rms-enlinea.com.ar\/wp-content\/uploads\/2025\/06\/D_958430-MLA76276192553_052024-F.jpg",1200,1076,false],"woocommerce_thumbnail":["https:\/\/rms-enlinea.com.ar\/wp-content\/uploads\/2025\/06\/D_958430-MLA76276192553_052024-F-450x450.jpg",450,450,true],"woocommerce_single":["https:\/\/rms-enlinea.com.ar\/wp-content\/uploads\/2025\/06\/D_958430-MLA76276192553_052024-F-600x538.jpg",600,538,true],"woocommerce_gallery_thumbnail":["https:\/\/rms-enlinea.com.ar\/wp-content\/uploads\/2025\/06\/D_958430-MLA76276192553_052024-F-100x100.jpg",100,100,true]},"uagb_author_info":{"display_name":"l0071054","author_link":"https:\/\/rms-enlinea.com.ar\/tienda\/author\/"},"uagb_comment_info":0,"uagb_excerpt":"General tipo de orador 2.0 Caracter\u00edsticas Ahorro de energ\u00eda No NFC No Llamadas telef\u00f3nicas con manos libres No Montura tr\u00edpode No Tama\u00f1o y peso Peso total 1000 gramos Profundidad del producto principal (en mm) 207 mil\u00edmetros Ancho del producto principal (en mm) 97mm Altura del producto principal (en mm) 104 mil\u00edmetros Control Control remoto No&hellip;","_links":{"self":[{"href":"https:\/\/rms-enlinea.com.ar\/tienda\/wp-json\/wp\/v2\/product\/17196","targetHints":{"allow":["GET"]}}],"collection":[{"href":"https:\/\/rms-enlinea.com.ar\/tienda\/wp-json\/wp\/v2\/product"}],"about":[{"href":"https:\/\/rms-enlinea.com.ar\/tienda\/wp-json\/wp\/v2\/types\/product"}],"replies":[{"embeddable":true,"href":"https:\/\/rms-enlinea.com.ar\/tienda\/wp-json\/wp\/v2\/comments?post=17196"}],"wp:featuredmedia":[{"embeddable":true,"href":"https:\/\/rms-enlinea.com.ar\/tienda\/wp-json\/wp\/v2\/media\/17197"}],"wp:attachment":[{"href":"https:\/\/rms-enlinea.com.ar\/tienda\/wp-json\/wp\/v2\/media?parent=17196"}],"wp:term":[{"taxonomy":"product_brand","embeddable":true,"href":"https:\/\/rms-enlinea.com.ar\/tienda\/wp-json\/wp\/v2\/product_brand?post=17196"},{"taxonomy":"product_cat","embeddable":true,"href":"https:\/\/rms-enlinea.com.ar\/tienda\/wp-json\/wp\/v2\/product_cat?post=17196"},{"taxonomy":"product_tag","embeddable":true,"href":"https:\/\/rms-enlinea.com.ar\/tienda\/wp-json\/wp\/v2\/product_tag?post=17196"}],"curies":[{"name":"wp","href":"https:\/\/api.w.org\/{rel}","templated":true}]}}