{"id":17220,"date":"2025-06-12T07:43:15","date_gmt":"2025-06-12T10:43:15","guid":{"rendered":"https:\/\/rms-enlinea.com.ar\/tienda\/producto\/parlante-portatil-trust-caro-max-bluetooth-20w-rms-4400mah\/"},"modified":"2026-03-14T16:41:08","modified_gmt":"2026-03-14T19:41:08","slug":"parlante-portatil-trust-caro-max-bluetooth-20w-rms-4400mah","status":"publish","type":"product","link":"https:\/\/rms-enlinea.com.ar\/tienda\/producto\/parlante-portatil-trust-caro-max-bluetooth-20w-rms-4400mah\/","title":{"rendered":"Parlante Portatil Trust Caro Max Bluetooth 20w Rms 4400mah"},"content":{"rendered":"<p>Especificaciones<br \/>General<br \/>tipo de orador<br \/>Unidad singular<br \/>Caracter\u00edsticas<br \/>Ahorro de energ\u00eda<br \/>S\u00ed<br \/>NFC<br \/>No<br \/>Llamadas telef\u00f3nicas con manos libres<br \/>S\u00ed<br \/>Montura tr\u00edpode<br \/>No<br \/>Accesorios<br \/>Cable de audio de 3,5 mm, cable de carga USB-C<br \/>Tama\u00f1o y peso<br \/>Peso de la unidad principal<br \/>553 gramos<br \/>Profundidad del producto principal (en mm)<br \/>80 mil\u00edmetros<br \/>Ancho del producto principal (en mm)<br \/>80 mil\u00edmetros<br \/>Altura del producto principal (en mm)<br \/>180 mil\u00edmetros<br \/>Control<br \/>Control remoto<br \/>No<br \/>Control S<br \/>encendido\/apagado, controles de reproducci\u00f3n, control de volumen, Bluetooth, entrada\/fuente<br \/>Conectividad<br \/>Tipo de conecci\u00f3n<br \/>cableado, inal\u00e1mbrico<br \/>Bluetooth<br \/>S\u00ed<br \/>Cables incluidos<br \/>S\u00ed<br \/>Alcance inal\u00e1mbrico<br \/>10 metros<br \/>Versi\u00f3n Bluetooth<br \/>5.0<br \/>Audio<br \/>Salida de potencia (pico)<br \/>40 vatios<br \/>Salida de potencia (RMS)<br \/>20W<br \/>Respuesta frecuente<br \/>20Hz &#8211; 20.000Hz<br \/>Tama\u00f1o del conductor<br \/>45mm<br \/>Unidades de conductor<br \/>2<br \/>Entrada de audio<br \/>3,5 mm, tarjeta SD, Bluetooth<br \/>Salida de audio<br \/>Ninguno<br \/>Conexi\u00f3n de auriculares<br \/>No<br \/>Micr\u00f3fono incorporado<br \/>S\u00ed<br \/>Conexi\u00f3n de micr\u00f3fono<br \/>No<br \/>Verdadero est\u00e9reo inal\u00e1mbrico (TWS)<br \/>S\u00ed<br \/>Impedancia de entrada<br \/>10000 ohmios<br \/>Encendiendo<br \/>Luces<br \/>No<br \/>Proteccion<br \/>Impermeable<br \/>S\u00ed<br \/>C\u00f3digo IP (Clasificaci\u00f3n de protecci\u00f3n internacional)<br \/>IPX7<br \/>Fuerza<br \/>Bater\u00eda recargable<br \/>S\u00ed<br \/>N\u00famero de bater\u00edas<br \/>1<br \/>Tipo de bater\u00eda (AA, AAA, etc.)<br \/>18650<br \/>Composici\u00f3n de la bater\u00eda (alcalina, Li-ion, etc.)<br \/>Celda de iones de litio<br \/>Capacidad de la bater\u00eda (Wh)<br \/>16,2 Wh<br \/>Capacidad de la bater\u00eda (mAh)<br \/>4400mAh<br \/>Tensi\u00f3n de la bater\u00eda (V)<br \/>3,7 voltios<br \/>Duraci\u00f3n m\u00e1xima de la bater\u00eda &#8211; m\u00fasica<br \/>12 horas<br \/>Cable de alimentaci\u00f3n desmontable<br \/>S\u00ed<br \/>Aporte<br \/>Fuente de alimentaci\u00f3n<br \/>bater\u00eda, USB-C<br \/>Compatibilidad<br \/>Tipos de dispositivos compatibles<br \/>Dispositivos Bluetooth<\/p>\n","protected":false},"excerpt":{"rendered":"<p>EspecificacionesGeneraltipo de oradorUnidad singularCaracter\u00edsticasAhorro de energ\u00edaS\u00edNFCNoLlamadas telef\u00f3nicas con manos libresS\u00edMontura tr\u00edpodeNoAccesoriosCable de audio de 3,5 mm, cable de carga USB-CTama\u00f1o y pesoPeso de la unidad principal553 gramosProfundidad del producto principal (en mm)80 mil\u00edmetrosAncho del producto principal (en mm)80 mil\u00edmetrosAltura del producto principal (en mm)180 mil\u00edmetrosControlControl remotoNoControl Sencendido\/apagado, controles de reproducci\u00f3n, control de volumen, Bluetooth, entrada\/fuenteConectividadTipo [&hellip;]<\/p>\n","protected":false},"featured_media":17221,"comment_status":"open","ping_status":"closed","template":"","meta":{"_uag_custom_page_level_css":""},"product_brand":[542],"product_cat":[124],"product_tag":[],"class_list":{"0":"post-17220","1":"product","2":"type-product","3":"status-publish","4":"has-post-thumbnail","6":"product_brand-trustgaming","7":"product_cat-sistemas-de-sonido-parlantes","9":"first","10":"instock","11":"sale","12":"taxable","13":"shipping-taxable","14":"purchasable","15":"product-type-simple"},"uagb_featured_image_src":{"full":["https:\/\/rms-enlinea.com.ar\/wp-content\/uploads\/2025\/06\/D_865284-MLA76276048663_052024-F.jpg",494,1200,false],"thumbnail":["https:\/\/rms-enlinea.com.ar\/wp-content\/uploads\/2025\/06\/D_865284-MLA76276048663_052024-F-150x150.jpg",150,150,true],"medium":["https:\/\/rms-enlinea.com.ar\/wp-content\/uploads\/2025\/06\/D_865284-MLA76276048663_052024-F-124x300.jpg",124,300,true],"medium_large":["https:\/\/rms-enlinea.com.ar\/wp-content\/uploads\/2025\/06\/D_865284-MLA76276048663_052024-F.jpg",494,1200,false],"large":["https:\/\/rms-enlinea.com.ar\/wp-content\/uploads\/2025\/06\/D_865284-MLA76276048663_052024-F-422x1024.jpg",422,1024,true],"1536x1536":["https:\/\/rms-enlinea.com.ar\/wp-content\/uploads\/2025\/06\/D_865284-MLA76276048663_052024-F.jpg",494,1200,false],"2048x2048":["https:\/\/rms-enlinea.com.ar\/wp-content\/uploads\/2025\/06\/D_865284-MLA76276048663_052024-F.jpg",494,1200,false],"woocommerce_thumbnail":["https:\/\/rms-enlinea.com.ar\/wp-content\/uploads\/2025\/06\/D_865284-MLA76276048663_052024-F-450x450.jpg",450,450,true],"woocommerce_single":["https:\/\/rms-enlinea.com.ar\/wp-content\/uploads\/2025\/06\/D_865284-MLA76276048663_052024-F.jpg",494,1200,false],"woocommerce_gallery_thumbnail":["https:\/\/rms-enlinea.com.ar\/wp-content\/uploads\/2025\/06\/D_865284-MLA76276048663_052024-F-100x100.jpg",100,100,true]},"uagb_author_info":{"display_name":"l0071054","author_link":"https:\/\/rms-enlinea.com.ar\/tienda\/author\/"},"uagb_comment_info":0,"uagb_excerpt":"EspecificacionesGeneraltipo de oradorUnidad singularCaracter\u00edsticasAhorro de energ\u00edaS\u00edNFCNoLlamadas telef\u00f3nicas con manos libresS\u00edMontura tr\u00edpodeNoAccesoriosCable de audio de 3,5 mm, cable de carga USB-CTama\u00f1o y pesoPeso de la unidad principal553 gramosProfundidad del producto principal (en mm)80 mil\u00edmetrosAncho del producto principal (en mm)80 mil\u00edmetrosAltura del producto principal (en mm)180 mil\u00edmetrosControlControl remotoNoControl Sencendido\/apagado, controles de reproducci\u00f3n, control de volumen, Bluetooth, entrada\/fuenteConectividadTipo&hellip;","_links":{"self":[{"href":"https:\/\/rms-enlinea.com.ar\/tienda\/wp-json\/wp\/v2\/product\/17220","targetHints":{"allow":["GET"]}}],"collection":[{"href":"https:\/\/rms-enlinea.com.ar\/tienda\/wp-json\/wp\/v2\/product"}],"about":[{"href":"https:\/\/rms-enlinea.com.ar\/tienda\/wp-json\/wp\/v2\/types\/product"}],"replies":[{"embeddable":true,"href":"https:\/\/rms-enlinea.com.ar\/tienda\/wp-json\/wp\/v2\/comments?post=17220"}],"wp:featuredmedia":[{"embeddable":true,"href":"https:\/\/rms-enlinea.com.ar\/tienda\/wp-json\/wp\/v2\/media\/17221"}],"wp:attachment":[{"href":"https:\/\/rms-enlinea.com.ar\/tienda\/wp-json\/wp\/v2\/media?parent=17220"}],"wp:term":[{"taxonomy":"product_brand","embeddable":true,"href":"https:\/\/rms-enlinea.com.ar\/tienda\/wp-json\/wp\/v2\/product_brand?post=17220"},{"taxonomy":"product_cat","embeddable":true,"href":"https:\/\/rms-enlinea.com.ar\/tienda\/wp-json\/wp\/v2\/product_cat?post=17220"},{"taxonomy":"product_tag","embeddable":true,"href":"https:\/\/rms-enlinea.com.ar\/tienda\/wp-json\/wp\/v2\/product_tag?post=17220"}],"curies":[{"name":"wp","href":"https:\/\/api.w.org\/{rel}","templated":true}]}}