{"id":17282,"date":"2025-06-12T07:44:10","date_gmt":"2025-06-12T10:44:10","guid":{"rendered":"https:\/\/rms-enlinea.com.ar\/tienda\/producto\/razer-keycaps-cable-teclados-mecanicos-ingles-us-negro\/"},"modified":"2026-04-21T06:22:13","modified_gmt":"2026-04-21T09:22:13","slug":"razer-keycaps-cable-teclados-mecanicos-ingles-us-negro","status":"publish","type":"product","link":"https:\/\/rms-enlinea.com.ar\/tienda\/producto\/razer-keycaps-cable-teclados-mecanicos-ingles-us-negro\/","title":{"rendered":"Razer Keycaps + Cable Teclados Mec\u00e1nicos Ingles Us Negro"},"content":{"rendered":"<p>Marca<\/p>\n<p>Razer<br \/>C\u00f3digo universal de producto<\/p>\n<p>8886419383529<br \/>Es gamer<\/p>\n<p>S\u00ed<br \/>Layout<\/p>\n<p>QWERTY<br \/>Arquitectura<\/p>\n<p>Mec\u00e1nico<br \/>Con Bluetooth<\/p>\n<p>No<br \/>Con pantalla<\/p>\n<p>No<br \/>Con interfaz USB<\/p>\n<p>No<br \/>Con cable removible<\/p>\n<p>No<br \/>Con retroiluminaci\u00f3n<\/p>\n<p>No<br \/>Con recepci\u00f3n inal\u00e1mbrica<\/p>\n<p>No<\/p>\n","protected":false},"excerpt":{"rendered":"<p>Marca RazerC\u00f3digo universal de producto 8886419383529Es gamer S\u00edLayout QWERTYArquitectura Mec\u00e1nicoCon Bluetooth NoCon pantalla NoCon interfaz USB NoCon cable removible NoCon retroiluminaci\u00f3n NoCon recepci\u00f3n inal\u00e1mbrica No<\/p>\n","protected":false},"featured_media":17283,"comment_status":"open","ping_status":"closed","template":"","meta":{"_uag_custom_page_level_css":""},"product_brand":[559],"product_cat":[125],"product_tag":[],"class_list":{"0":"post-17282","1":"product","2":"type-product","3":"status-publish","4":"has-post-thumbnail","6":"product_brand-razer","7":"product_cat-teclados-y-mouses","9":"first","10":"outofstock","11":"sale","12":"taxable","13":"shipping-taxable","14":"purchasable","15":"product-type-simple"},"uagb_featured_image_src":{"full":["https:\/\/rms-enlinea.com.ar\/wp-content\/uploads\/2025\/06\/D_859527-MLA76173498371_052024-F.jpg",980,1200,false],"thumbnail":["https:\/\/rms-enlinea.com.ar\/wp-content\/uploads\/2025\/06\/D_859527-MLA76173498371_052024-F-150x150.jpg",150,150,true],"medium":["https:\/\/rms-enlinea.com.ar\/wp-content\/uploads\/2025\/06\/D_859527-MLA76173498371_052024-F-245x300.jpg",245,300,true],"medium_large":["https:\/\/rms-enlinea.com.ar\/wp-content\/uploads\/2025\/06\/D_859527-MLA76173498371_052024-F-768x940.jpg",768,940,true],"large":["https:\/\/rms-enlinea.com.ar\/wp-content\/uploads\/2025\/06\/D_859527-MLA76173498371_052024-F-836x1024.jpg",836,1024,true],"1536x1536":["https:\/\/rms-enlinea.com.ar\/wp-content\/uploads\/2025\/06\/D_859527-MLA76173498371_052024-F.jpg",980,1200,false],"2048x2048":["https:\/\/rms-enlinea.com.ar\/wp-content\/uploads\/2025\/06\/D_859527-MLA76173498371_052024-F.jpg",980,1200,false],"woocommerce_thumbnail":["https:\/\/rms-enlinea.com.ar\/wp-content\/uploads\/2025\/06\/D_859527-MLA76173498371_052024-F-450x450.jpg",450,450,true],"woocommerce_single":["https:\/\/rms-enlinea.com.ar\/wp-content\/uploads\/2025\/06\/D_859527-MLA76173498371_052024-F-600x735.jpg",600,735,true],"woocommerce_gallery_thumbnail":["https:\/\/rms-enlinea.com.ar\/wp-content\/uploads\/2025\/06\/D_859527-MLA76173498371_052024-F-100x100.jpg",100,100,true]},"uagb_author_info":{"display_name":"l0071054","author_link":"https:\/\/rms-enlinea.com.ar\/tienda\/author\/"},"uagb_comment_info":0,"uagb_excerpt":"Marca RazerC\u00f3digo universal de producto 8886419383529Es gamer S\u00edLayout QWERTYArquitectura Mec\u00e1nicoCon Bluetooth NoCon pantalla NoCon interfaz USB NoCon cable removible NoCon retroiluminaci\u00f3n NoCon recepci\u00f3n inal\u00e1mbrica No","_links":{"self":[{"href":"https:\/\/rms-enlinea.com.ar\/tienda\/wp-json\/wp\/v2\/product\/17282","targetHints":{"allow":["GET"]}}],"collection":[{"href":"https:\/\/rms-enlinea.com.ar\/tienda\/wp-json\/wp\/v2\/product"}],"about":[{"href":"https:\/\/rms-enlinea.com.ar\/tienda\/wp-json\/wp\/v2\/types\/product"}],"replies":[{"embeddable":true,"href":"https:\/\/rms-enlinea.com.ar\/tienda\/wp-json\/wp\/v2\/comments?post=17282"}],"wp:featuredmedia":[{"embeddable":true,"href":"https:\/\/rms-enlinea.com.ar\/tienda\/wp-json\/wp\/v2\/media\/17283"}],"wp:attachment":[{"href":"https:\/\/rms-enlinea.com.ar\/tienda\/wp-json\/wp\/v2\/media?parent=17282"}],"wp:term":[{"taxonomy":"product_brand","embeddable":true,"href":"https:\/\/rms-enlinea.com.ar\/tienda\/wp-json\/wp\/v2\/product_brand?post=17282"},{"taxonomy":"product_cat","embeddable":true,"href":"https:\/\/rms-enlinea.com.ar\/tienda\/wp-json\/wp\/v2\/product_cat?post=17282"},{"taxonomy":"product_tag","embeddable":true,"href":"https:\/\/rms-enlinea.com.ar\/tienda\/wp-json\/wp\/v2\/product_tag?post=17282"}],"curies":[{"name":"wp","href":"https:\/\/api.w.org\/{rel}","templated":true}]}}