{"id":17311,"date":"2025-06-12T07:44:43","date_gmt":"2025-06-12T10:44:43","guid":{"rendered":"https:\/\/rms-enlinea.com.ar\/tienda\/producto\/procesador-intel-core-i3-13100-c-video-4-5ghz-4-nucleos\/"},"modified":"2026-04-21T07:04:24","modified_gmt":"2026-04-21T10:04:24","slug":"procesador-intel-core-i3-13100-c-video-4-5ghz-4-nucleos","status":"publish","type":"product","link":"https:\/\/rms-enlinea.com.ar\/tienda\/producto\/procesador-intel-core-i3-13100-c-video-4-5ghz-4-nucleos\/","title":{"rendered":"Procesador Intel Core I3 13100 C\/video 4.5ghz 4 Nucleos"},"content":{"rendered":"<p>Frecuencia m\u00e1xima de reloj<\/p>\n<p>4.5 GHz<br \/>Tama\u00f1o m\u00e1ximo de memoria RAM soportada<\/p>\n<p>128 GB<br \/>Frecuencia m\u00ednima de reloj<\/p>\n<p>3.4 GHz<br \/>Cantidad de n\u00facleos de CPU<\/p>\n<p>4<br \/>Cantidad de hilos de CPU<\/p>\n<p>8<br \/>Generaci\u00f3n<\/p>\n<p>13\u00b0<br \/>Procesador gr\u00e1fico<\/p>\n<p>Intel UHD Graphics 730<br \/>Cach\u00e9<\/p>\n<p>12 MB<br \/>Modelo alfanum\u00e9rico<\/p>\n<p>BX8071513100<br \/>Aplicaci\u00f3n<\/p>\n<p>Computadoras de escritorio<br \/>Arquitectura<\/p>\n<p>x86-64<br \/>Marca<\/p>\n<p>Intel<br \/>Incluye air cooler<\/p>\n<p>S\u00ed<br \/>Es compatible con 4K<\/p>\n<p>S\u00ed<br \/>Es OEM<\/p>\n<p>No<br \/>Est\u00e1 desbloqueado<\/p>\n<p>No<br \/>Condici\u00f3n del \u00edtem<\/p>\n<p>Nuevo<br \/>SKU<\/p>\n<p>6108<br \/>C\u00f3digo universal de producto<\/p>\n<p>00735858528351,05032037260312<br \/>Tipos de memoria RAM soportadas<\/p>\n<p>DDR4,DDR5<br \/>Potencia de dise\u00f1o t\u00e9rmico<\/p>\n<p>60 W<br \/>Con hyper-threading<\/p>\n<p>S\u00ed<br \/>Z\u00f3calos compatibles<\/p>\n<p>FCLGA1700<br \/>L\u00ednea<\/p>\n<p>Core i3<br \/>Modelo<\/p>\n<p>I3-13100<br \/>A\u00f1o de lanzamiento<\/p>\n<p>2023<\/p>\n","protected":false},"excerpt":{"rendered":"<p>Frecuencia m\u00e1xima de reloj 4.5 GHzTama\u00f1o m\u00e1ximo de memoria RAM soportada 128 GBFrecuencia m\u00ednima de reloj 3.4 GHzCantidad de n\u00facleos de CPU 4Cantidad de hilos de CPU 8Generaci\u00f3n 13\u00b0Procesador gr\u00e1fico Intel UHD Graphics 730Cach\u00e9 12 MBModelo alfanum\u00e9rico BX8071513100Aplicaci\u00f3n Computadoras de escritorioArquitectura x86-64Marca IntelIncluye air cooler S\u00edEs compatible con 4K S\u00edEs OEM NoEst\u00e1 desbloqueado NoCondici\u00f3n del [&hellip;]<\/p>\n","protected":false},"featured_media":17312,"comment_status":"open","ping_status":"closed","template":"","meta":{"_uag_custom_page_level_css":""},"product_brand":[],"product_cat":[121],"product_tag":[],"class_list":{"0":"post-17311","1":"product","2":"type-product","3":"status-publish","4":"has-post-thumbnail","6":"product_cat-procesadores-computacion","8":"first","9":"outofstock","10":"sale","11":"taxable","12":"shipping-taxable","13":"purchasable","14":"product-type-simple"},"uagb_featured_image_src":{"full":["https:\/\/rms-enlinea.com.ar\/wp-content\/uploads\/2025\/06\/D_723888-MLU75435959918_042024-F.jpg",1061,1022,false],"thumbnail":["https:\/\/rms-enlinea.com.ar\/wp-content\/uploads\/2025\/06\/D_723888-MLU75435959918_042024-F-150x150.jpg",150,150,true],"medium":["https:\/\/rms-enlinea.com.ar\/wp-content\/uploads\/2025\/06\/D_723888-MLU75435959918_042024-F-300x289.jpg",300,289,true],"medium_large":["https:\/\/rms-enlinea.com.ar\/wp-content\/uploads\/2025\/06\/D_723888-MLU75435959918_042024-F-768x740.jpg",768,740,true],"large":["https:\/\/rms-enlinea.com.ar\/wp-content\/uploads\/2025\/06\/D_723888-MLU75435959918_042024-F-1024x986.jpg",1024,986,true],"1536x1536":["https:\/\/rms-enlinea.com.ar\/wp-content\/uploads\/2025\/06\/D_723888-MLU75435959918_042024-F.jpg",1061,1022,false],"2048x2048":["https:\/\/rms-enlinea.com.ar\/wp-content\/uploads\/2025\/06\/D_723888-MLU75435959918_042024-F.jpg",1061,1022,false],"woocommerce_thumbnail":["https:\/\/rms-enlinea.com.ar\/wp-content\/uploads\/2025\/06\/D_723888-MLU75435959918_042024-F-450x450.jpg",450,450,true],"woocommerce_single":["https:\/\/rms-enlinea.com.ar\/wp-content\/uploads\/2025\/06\/D_723888-MLU75435959918_042024-F-600x578.jpg",600,578,true],"woocommerce_gallery_thumbnail":["https:\/\/rms-enlinea.com.ar\/wp-content\/uploads\/2025\/06\/D_723888-MLU75435959918_042024-F-100x100.jpg",100,100,true]},"uagb_author_info":{"display_name":"l0071054","author_link":"https:\/\/rms-enlinea.com.ar\/tienda\/author\/"},"uagb_comment_info":0,"uagb_excerpt":"Frecuencia m\u00e1xima de reloj 4.5 GHzTama\u00f1o m\u00e1ximo de memoria RAM soportada 128 GBFrecuencia m\u00ednima de reloj 3.4 GHzCantidad de n\u00facleos de CPU 4Cantidad de hilos de CPU 8Generaci\u00f3n 13\u00b0Procesador gr\u00e1fico Intel UHD Graphics 730Cach\u00e9 12 MBModelo alfanum\u00e9rico BX8071513100Aplicaci\u00f3n Computadoras de escritorioArquitectura x86-64Marca IntelIncluye air cooler S\u00edEs compatible con 4K S\u00edEs OEM NoEst\u00e1 desbloqueado NoCondici\u00f3n del&hellip;","_links":{"self":[{"href":"https:\/\/rms-enlinea.com.ar\/tienda\/wp-json\/wp\/v2\/product\/17311","targetHints":{"allow":["GET"]}}],"collection":[{"href":"https:\/\/rms-enlinea.com.ar\/tienda\/wp-json\/wp\/v2\/product"}],"about":[{"href":"https:\/\/rms-enlinea.com.ar\/tienda\/wp-json\/wp\/v2\/types\/product"}],"replies":[{"embeddable":true,"href":"https:\/\/rms-enlinea.com.ar\/tienda\/wp-json\/wp\/v2\/comments?post=17311"}],"wp:featuredmedia":[{"embeddable":true,"href":"https:\/\/rms-enlinea.com.ar\/tienda\/wp-json\/wp\/v2\/media\/17312"}],"wp:attachment":[{"href":"https:\/\/rms-enlinea.com.ar\/tienda\/wp-json\/wp\/v2\/media?parent=17311"}],"wp:term":[{"taxonomy":"product_brand","embeddable":true,"href":"https:\/\/rms-enlinea.com.ar\/tienda\/wp-json\/wp\/v2\/product_brand?post=17311"},{"taxonomy":"product_cat","embeddable":true,"href":"https:\/\/rms-enlinea.com.ar\/tienda\/wp-json\/wp\/v2\/product_cat?post=17311"},{"taxonomy":"product_tag","embeddable":true,"href":"https:\/\/rms-enlinea.com.ar\/tienda\/wp-json\/wp\/v2\/product_tag?post=17311"}],"curies":[{"name":"wp","href":"https:\/\/api.w.org\/{rel}","templated":true}]}}