{"id":17316,"date":"2025-06-12T07:44:54","date_gmt":"2025-06-12T10:44:54","guid":{"rendered":"https:\/\/rms-enlinea.com.ar\/tienda\/producto\/procesador-intel-core-i5-12400-4-4ghz-c-video-6-nucleos\/"},"modified":"2026-03-10T16:00:13","modified_gmt":"2026-03-10T19:00:13","slug":"procesador-intel-core-i5-12400-4-4ghz-c-video-6-nucleos","status":"publish","type":"product","link":"https:\/\/rms-enlinea.com.ar\/tienda\/producto\/procesador-intel-core-i5-12400-4-4ghz-c-video-6-nucleos\/","title":{"rendered":"Procesador Intel Core I5 12400 4.4ghz C\/video 6 Nucleos"},"content":{"rendered":"<p>Modelo alfanum\u00e9rico<\/p>\n<p>BX8071512400<br \/>Aplicaci\u00f3n<\/p>\n<p>Computadoras de escritorio<br \/>Arquitectura<\/p>\n<p>x86-64<br \/>Marca<\/p>\n<p>Intel<br \/>Cach\u00e9<\/p>\n<p>18 MB<br \/>Z\u00f3calos compatibles<\/p>\n<p>FCLGA1700<br \/>Cantidad de n\u00facleos de CPU<\/p>\n<p>6<br \/>Generaci\u00f3n<\/p>\n<p>12\u00b0<br \/>Procesador gr\u00e1fico<\/p>\n<p>Gr\u00e1ficos Intel\u00ae UHD 730<br \/>C\u00f3digo universal de producto<\/p>\n<p>735858503020,5032037237741<br \/>Incluye air cooler<\/p>\n<p>S\u00ed<br \/>Es gamer<\/p>\n<p>S\u00ed<br \/>L\u00ednea<\/p>\n<p>Core i5<br \/>Frecuencia m\u00e1xima de reloj<\/p>\n<p>440 GHz<br \/>Tama\u00f1o m\u00e1ximo de memoria RAM soportada<\/p>\n<p>128 GB<br \/>Frecuencia m\u00ednima de reloj<\/p>\n<p>250 GHz<br \/>Modelo<\/p>\n<p>I5-12400<br \/>SKU<\/p>\n<p>BX8071512400<br \/>Tipos de memoria RAM soportadas<\/p>\n<p>DDR4,DDR5<br \/>Potencia de dise\u00f1o t\u00e9rmico<\/p>\n<p>12 VA<\/p>\n","protected":false},"excerpt":{"rendered":"<p>Modelo alfanum\u00e9rico BX8071512400Aplicaci\u00f3n Computadoras de escritorioArquitectura x86-64Marca IntelCach\u00e9 18 MBZ\u00f3calos compatibles FCLGA1700Cantidad de n\u00facleos de CPU 6Generaci\u00f3n 12\u00b0Procesador gr\u00e1fico Gr\u00e1ficos Intel\u00ae UHD 730C\u00f3digo universal de producto 735858503020,5032037237741Incluye air cooler S\u00edEs gamer S\u00edL\u00ednea Core i5Frecuencia m\u00e1xima de reloj 440 GHzTama\u00f1o m\u00e1ximo de memoria RAM soportada 128 GBFrecuencia m\u00ednima de reloj 250 GHzModelo I5-12400SKU BX8071512400Tipos de memoria [&hellip;]<\/p>\n","protected":false},"featured_media":534,"comment_status":"open","ping_status":"closed","template":"","meta":{"_uag_custom_page_level_css":""},"product_brand":[],"product_cat":[121],"product_tag":[],"class_list":{"0":"post-17316","1":"product","2":"type-product","3":"status-publish","4":"has-post-thumbnail","6":"product_cat-procesadores-computacion","8":"first","9":"outofstock","10":"sale","11":"taxable","12":"shipping-taxable","13":"purchasable","14":"product-type-simple"},"uagb_featured_image_src":{"full":["https:\/\/rms-enlinea.com.ar\/wp-content\/uploads\/2025\/06\/D_718651-MLU74244276635_012024-F.jpg",955,1136,false],"thumbnail":["https:\/\/rms-enlinea.com.ar\/wp-content\/uploads\/2025\/06\/D_718651-MLU74244276635_012024-F-150x150.jpg",150,150,true],"medium":["https:\/\/rms-enlinea.com.ar\/wp-content\/uploads\/2025\/06\/D_718651-MLU74244276635_012024-F-252x300.jpg",252,300,true],"medium_large":["https:\/\/rms-enlinea.com.ar\/wp-content\/uploads\/2025\/06\/D_718651-MLU74244276635_012024-F-768x914.jpg",768,914,true],"large":["https:\/\/rms-enlinea.com.ar\/wp-content\/uploads\/2025\/06\/D_718651-MLU74244276635_012024-F-861x1024.jpg",861,1024,true],"1536x1536":["https:\/\/rms-enlinea.com.ar\/wp-content\/uploads\/2025\/06\/D_718651-MLU74244276635_012024-F.jpg",955,1136,false],"2048x2048":["https:\/\/rms-enlinea.com.ar\/wp-content\/uploads\/2025\/06\/D_718651-MLU74244276635_012024-F.jpg",955,1136,false],"woocommerce_thumbnail":["https:\/\/rms-enlinea.com.ar\/wp-content\/uploads\/2025\/06\/D_718651-MLU74244276635_012024-F-450x450.jpg",450,450,true],"woocommerce_single":["https:\/\/rms-enlinea.com.ar\/wp-content\/uploads\/2025\/06\/D_718651-MLU74244276635_012024-F-600x714.jpg",600,714,true],"woocommerce_gallery_thumbnail":["https:\/\/rms-enlinea.com.ar\/wp-content\/uploads\/2025\/06\/D_718651-MLU74244276635_012024-F-100x100.jpg",100,100,true]},"uagb_author_info":{"display_name":"l0071054","author_link":"https:\/\/rms-enlinea.com.ar\/tienda\/author\/"},"uagb_comment_info":0,"uagb_excerpt":"Modelo alfanum\u00e9rico BX8071512400Aplicaci\u00f3n Computadoras de escritorioArquitectura x86-64Marca IntelCach\u00e9 18 MBZ\u00f3calos compatibles FCLGA1700Cantidad de n\u00facleos de CPU 6Generaci\u00f3n 12\u00b0Procesador gr\u00e1fico Gr\u00e1ficos Intel\u00ae UHD 730C\u00f3digo universal de producto 735858503020,5032037237741Incluye air cooler S\u00edEs gamer S\u00edL\u00ednea Core i5Frecuencia m\u00e1xima de reloj 440 GHzTama\u00f1o m\u00e1ximo de memoria RAM soportada 128 GBFrecuencia m\u00ednima de reloj 250 GHzModelo I5-12400SKU BX8071512400Tipos de memoria&hellip;","_links":{"self":[{"href":"https:\/\/rms-enlinea.com.ar\/tienda\/wp-json\/wp\/v2\/product\/17316","targetHints":{"allow":["GET"]}}],"collection":[{"href":"https:\/\/rms-enlinea.com.ar\/tienda\/wp-json\/wp\/v2\/product"}],"about":[{"href":"https:\/\/rms-enlinea.com.ar\/tienda\/wp-json\/wp\/v2\/types\/product"}],"replies":[{"embeddable":true,"href":"https:\/\/rms-enlinea.com.ar\/tienda\/wp-json\/wp\/v2\/comments?post=17316"}],"wp:featuredmedia":[{"embeddable":true,"href":"https:\/\/rms-enlinea.com.ar\/tienda\/wp-json\/wp\/v2\/media\/534"}],"wp:attachment":[{"href":"https:\/\/rms-enlinea.com.ar\/tienda\/wp-json\/wp\/v2\/media?parent=17316"}],"wp:term":[{"taxonomy":"product_brand","embeddable":true,"href":"https:\/\/rms-enlinea.com.ar\/tienda\/wp-json\/wp\/v2\/product_brand?post=17316"},{"taxonomy":"product_cat","embeddable":true,"href":"https:\/\/rms-enlinea.com.ar\/tienda\/wp-json\/wp\/v2\/product_cat?post=17316"},{"taxonomy":"product_tag","embeddable":true,"href":"https:\/\/rms-enlinea.com.ar\/tienda\/wp-json\/wp\/v2\/product_tag?post=17316"}],"curies":[{"name":"wp","href":"https:\/\/api.w.org\/{rel}","templated":true}]}}