{"id":17317,"date":"2025-06-12T07:44:58","date_gmt":"2025-06-12T10:44:58","guid":{"rendered":"https:\/\/rms-enlinea.com.ar\/tienda\/producto\/microprocesador-intel-core-i3-13100f-s-video-4-5ghz-4-nucleo\/"},"modified":"2026-05-04T12:41:36","modified_gmt":"2026-05-04T15:41:36","slug":"microprocesador-intel-core-i3-13100f-s-video-4-5ghz-4-nucleo","status":"publish","type":"product","link":"https:\/\/rms-enlinea.com.ar\/tienda\/producto\/microprocesador-intel-core-i3-13100f-s-video-4-5ghz-4-nucleo\/","title":{"rendered":"Microprocesador Intel Core I3 13100f S\/video 4.5ghz 4 Nucleo"},"content":{"rendered":"<p>Frecuencia m\u00e1xima de reloj<\/p>\n<p>4.5 GHz<br \/>C\u00f3digo universal de producto<\/p>\n<p>00735858528375,05032037260336<br \/>Es OEM<\/p>\n<p>No<br \/>Condici\u00f3n del \u00edtem<\/p>\n<p>Nuevo<br \/>Z\u00f3calos compatibles<\/p>\n<p>FCLGA1700<br \/>SKU<\/p>\n<p>BX8071513100F<br \/>Generaci\u00f3n<\/p>\n<p>13\u00b0<br \/>L\u00ednea<\/p>\n<p>Core i3<br \/>Litograf\u00eda<\/p>\n<p>7 nm<br \/>Incluye air cooler<\/p>\n<p>S\u00ed<br \/>Cantidad de n\u00facleos de CPU<\/p>\n<p>4<br \/>Cantidad de hilos de CPU<\/p>\n<p>8<br \/>Tipos de memoria RAM soportadas<\/p>\n<p>DDR4,DDR5<br \/>Potencia de dise\u00f1o t\u00e9rmico<\/p>\n<p>58 W<br \/>Con hyper-threading<\/p>\n<p>S\u00ed<br \/>Tama\u00f1o m\u00e1ximo de memoria RAM soportada<\/p>\n<p>128 GB<br \/>Frecuencia m\u00ednima de reloj<\/p>\n<p>3.4 GHz<br \/>Modelo<\/p>\n<p>i3-13100F<br \/>MPN<\/p>\n<p>BX8071513100F<br \/>Modelo alfanum\u00e9rico<\/p>\n<p>BX8071513100F<br \/>Aplicaci\u00f3n<\/p>\n<p>Computadoras de escritorio<br \/>Arquitectura<\/p>\n<p>x86-64<br \/>Marca<\/p>\n<p>Intel<br \/>Cach\u00e9<\/p>\n<p>12 MB<br \/>A\u00f1o de lanzamiento<\/p>\n<p>2023<\/p>\n","protected":false},"excerpt":{"rendered":"<p>Frecuencia m\u00e1xima de reloj 4.5 GHzC\u00f3digo universal de producto 00735858528375,05032037260336Es OEM NoCondici\u00f3n del \u00edtem NuevoZ\u00f3calos compatibles FCLGA1700SKU BX8071513100FGeneraci\u00f3n 13\u00b0L\u00ednea Core i3Litograf\u00eda 7 nmIncluye air cooler S\u00edCantidad de n\u00facleos de CPU 4Cantidad de hilos de CPU 8Tipos de memoria RAM soportadas DDR4,DDR5Potencia de dise\u00f1o t\u00e9rmico 58 WCon hyper-threading S\u00edTama\u00f1o m\u00e1ximo de memoria RAM soportada 128 GBFrecuencia [&hellip;]<\/p>\n","protected":false},"featured_media":17318,"comment_status":"open","ping_status":"closed","template":"","meta":{"_uag_custom_page_level_css":""},"product_brand":[],"product_cat":[121],"product_tag":[],"class_list":{"0":"post-17317","1":"product","2":"type-product","3":"status-publish","4":"has-post-thumbnail","6":"product_cat-procesadores-computacion","8":"first","9":"outofstock","10":"sale","11":"taxable","12":"shipping-taxable","13":"purchasable","14":"product-type-simple"},"uagb_featured_image_src":{"full":["https:\/\/rms-enlinea.com.ar\/wp-content\/uploads\/2025\/06\/D_774838-MLA78735008562_092024-F.jpg",845,802,false],"thumbnail":["https:\/\/rms-enlinea.com.ar\/wp-content\/uploads\/2025\/06\/D_774838-MLA78735008562_092024-F-150x150.jpg",150,150,true],"medium":["https:\/\/rms-enlinea.com.ar\/wp-content\/uploads\/2025\/06\/D_774838-MLA78735008562_092024-F-300x285.jpg",300,285,true],"medium_large":["https:\/\/rms-enlinea.com.ar\/wp-content\/uploads\/2025\/06\/D_774838-MLA78735008562_092024-F-768x729.jpg",768,729,true],"large":["https:\/\/rms-enlinea.com.ar\/wp-content\/uploads\/2025\/06\/D_774838-MLA78735008562_092024-F.jpg",845,802,false],"1536x1536":["https:\/\/rms-enlinea.com.ar\/wp-content\/uploads\/2025\/06\/D_774838-MLA78735008562_092024-F.jpg",845,802,false],"2048x2048":["https:\/\/rms-enlinea.com.ar\/wp-content\/uploads\/2025\/06\/D_774838-MLA78735008562_092024-F.jpg",845,802,false],"woocommerce_thumbnail":["https:\/\/rms-enlinea.com.ar\/wp-content\/uploads\/2025\/06\/D_774838-MLA78735008562_092024-F-450x450.jpg",450,450,true],"woocommerce_single":["https:\/\/rms-enlinea.com.ar\/wp-content\/uploads\/2025\/06\/D_774838-MLA78735008562_092024-F-600x569.jpg",600,569,true],"woocommerce_gallery_thumbnail":["https:\/\/rms-enlinea.com.ar\/wp-content\/uploads\/2025\/06\/D_774838-MLA78735008562_092024-F-100x100.jpg",100,100,true]},"uagb_author_info":{"display_name":"l0071054","author_link":"https:\/\/rms-enlinea.com.ar\/tienda\/author\/"},"uagb_comment_info":0,"uagb_excerpt":"Frecuencia m\u00e1xima de reloj 4.5 GHzC\u00f3digo universal de producto 00735858528375,05032037260336Es OEM NoCondici\u00f3n del \u00edtem NuevoZ\u00f3calos compatibles FCLGA1700SKU BX8071513100FGeneraci\u00f3n 13\u00b0L\u00ednea Core i3Litograf\u00eda 7 nmIncluye air cooler S\u00edCantidad de n\u00facleos de CPU 4Cantidad de hilos de CPU 8Tipos de memoria RAM soportadas DDR4,DDR5Potencia de dise\u00f1o t\u00e9rmico 58 WCon hyper-threading S\u00edTama\u00f1o m\u00e1ximo de memoria RAM soportada 128 GBFrecuencia&hellip;","_links":{"self":[{"href":"https:\/\/rms-enlinea.com.ar\/tienda\/wp-json\/wp\/v2\/product\/17317","targetHints":{"allow":["GET"]}}],"collection":[{"href":"https:\/\/rms-enlinea.com.ar\/tienda\/wp-json\/wp\/v2\/product"}],"about":[{"href":"https:\/\/rms-enlinea.com.ar\/tienda\/wp-json\/wp\/v2\/types\/product"}],"replies":[{"embeddable":true,"href":"https:\/\/rms-enlinea.com.ar\/tienda\/wp-json\/wp\/v2\/comments?post=17317"}],"wp:featuredmedia":[{"embeddable":true,"href":"https:\/\/rms-enlinea.com.ar\/tienda\/wp-json\/wp\/v2\/media\/17318"}],"wp:attachment":[{"href":"https:\/\/rms-enlinea.com.ar\/tienda\/wp-json\/wp\/v2\/media?parent=17317"}],"wp:term":[{"taxonomy":"product_brand","embeddable":true,"href":"https:\/\/rms-enlinea.com.ar\/tienda\/wp-json\/wp\/v2\/product_brand?post=17317"},{"taxonomy":"product_cat","embeddable":true,"href":"https:\/\/rms-enlinea.com.ar\/tienda\/wp-json\/wp\/v2\/product_cat?post=17317"},{"taxonomy":"product_tag","embeddable":true,"href":"https:\/\/rms-enlinea.com.ar\/tienda\/wp-json\/wp\/v2\/product_tag?post=17317"}],"curies":[{"name":"wp","href":"https:\/\/api.w.org\/{rel}","templated":true}]}}