{"id":17331,"date":"2025-06-12T07:45:20","date_gmt":"2025-06-12T10:45:20","guid":{"rendered":"https:\/\/rms-enlinea.com.ar\/tienda\/producto\/caja-directa-para-instrumentos-activa-proel-direct100a\/"},"modified":"2026-03-31T21:01:43","modified_gmt":"2026-04-01T00:01:43","slug":"caja-directa-para-instrumentos-activa-proel-direct100a","status":"publish","type":"product","link":"https:\/\/rms-enlinea.com.ar\/tienda\/producto\/caja-directa-para-instrumentos-activa-proel-direct100a\/","title":{"rendered":"Caja Directa Para Instrumentos Activa Proel Direct100a"},"content":{"rendered":"<p>ENTRADA<br \/>\nIMPEDANCIA DE ENTRADA &gt; 250 KOHM<br \/>\nNIVEL M\u00c1XIMO DE ENTRADA: 6 (PAD A 0) \/ + 26 (PAD A 20) DBU<br \/>\nCONECTORES: 1 X XLR-F + 1 X 1\/4 &#8221; JACK NO BALANCEADA<br \/>\nV\u00cdNCULO: 1 X 1\/4 &#8221; JACK NO BALANCEADA<\/p>\n<p>SECCI\u00d3N DE SALIDA<br \/>\nSALIDA: XLR BALANCEADO<br \/>\nP\u00c9RDIDA DE INSERCI\u00d3N: 0 DB<br \/>\nIMPEDANCIA DE CARGA: 600 OHMS O SUPERIOR<br \/>\nCONECTOR: XLR MACHO<\/p>\n<p>RENDIMIENTO DE SISTEMA<br \/>\nDISTORSI\u00d3N: THD 50 \u00f7 20K HZ 0DBU &lt;0,005%<br \/>\nRUIDO: &lt;-105 DBU NO PONDERADO<br \/>\nRESPUESTA DE FRECUENCIA: 10 HZ A 40 KHZ (-3 DB)<\/p>\n<p>GENERAL<br \/>\nCONTROLES: ON \/ OFF, PAD -20, GND LIFT<br \/>\nINDICADORES ENCENDIDO<br \/>\nPHANTOM POWER: 18 VOLTIOS DC A +48 VOLTIOS DC<br \/>\nBATER\u00cdA: 9V<br \/>\nDIMENSIONES (W X H X D) 152 X 50 X 134 MM<br \/>\nPESO (SIN PILAS): 0,70 KG<\/p>\n","protected":false},"excerpt":{"rendered":"<p>ENTRADA IMPEDANCIA DE ENTRADA &gt; 250 KOHM NIVEL M\u00c1XIMO DE ENTRADA: 6 (PAD A 0) \/ + 26 (PAD A 20) DBU CONECTORES: 1 X XLR-F + 1 X 1\/4 &#8221; JACK NO BALANCEADA V\u00cdNCULO: 1 X 1\/4 &#8221; JACK NO BALANCEADA SECCI\u00d3N DE SALIDA SALIDA: XLR BALANCEADO P\u00c9RDIDA DE INSERCI\u00d3N: 0 DB IMPEDANCIA DE [&hellip;]<\/p>\n","protected":false},"featured_media":17332,"comment_status":"open","ping_status":"closed","template":"","meta":{"_uag_custom_page_level_css":""},"product_brand":[501],"product_cat":[67],"product_tag":[],"class_list":{"0":"post-17331","1":"product","2":"type-product","3":"status-publish","4":"has-post-thumbnail","6":"product_brand-proel","7":"product_cat-cajas-directas","9":"first","10":"outofstock","11":"sale","12":"taxable","13":"shipping-taxable","14":"purchasable","15":"product-type-simple"},"uagb_featured_image_src":{"full":["https:\/\/rms-enlinea.com.ar\/wp-content\/uploads\/2025\/06\/D_730646-MLA76188433555_052024-F.jpg",767,434,false],"thumbnail":["https:\/\/rms-enlinea.com.ar\/wp-content\/uploads\/2025\/06\/D_730646-MLA76188433555_052024-F-150x150.jpg",150,150,true],"medium":["https:\/\/rms-enlinea.com.ar\/wp-content\/uploads\/2025\/06\/D_730646-MLA76188433555_052024-F-300x170.jpg",300,170,true],"medium_large":["https:\/\/rms-enlinea.com.ar\/wp-content\/uploads\/2025\/06\/D_730646-MLA76188433555_052024-F.jpg",767,434,false],"large":["https:\/\/rms-enlinea.com.ar\/wp-content\/uploads\/2025\/06\/D_730646-MLA76188433555_052024-F.jpg",767,434,false],"1536x1536":["https:\/\/rms-enlinea.com.ar\/wp-content\/uploads\/2025\/06\/D_730646-MLA76188433555_052024-F.jpg",767,434,false],"2048x2048":["https:\/\/rms-enlinea.com.ar\/wp-content\/uploads\/2025\/06\/D_730646-MLA76188433555_052024-F.jpg",767,434,false],"woocommerce_thumbnail":["https:\/\/rms-enlinea.com.ar\/wp-content\/uploads\/2025\/06\/D_730646-MLA76188433555_052024-F-450x434.jpg",450,434,true],"woocommerce_single":["https:\/\/rms-enlinea.com.ar\/wp-content\/uploads\/2025\/06\/D_730646-MLA76188433555_052024-F-600x340.jpg",600,340,true],"woocommerce_gallery_thumbnail":["https:\/\/rms-enlinea.com.ar\/wp-content\/uploads\/2025\/06\/D_730646-MLA76188433555_052024-F-100x100.jpg",100,100,true]},"uagb_author_info":{"display_name":"l0071054","author_link":"https:\/\/rms-enlinea.com.ar\/tienda\/author\/"},"uagb_comment_info":0,"uagb_excerpt":"ENTRADA IMPEDANCIA DE ENTRADA &gt; 250 KOHM NIVEL M\u00c1XIMO DE ENTRADA: 6 (PAD A 0) \/ + 26 (PAD A 20) DBU CONECTORES: 1 X XLR-F + 1 X 1\/4 &#8221; JACK NO BALANCEADA V\u00cdNCULO: 1 X 1\/4 &#8221; JACK NO BALANCEADA SECCI\u00d3N DE SALIDA SALIDA: XLR BALANCEADO P\u00c9RDIDA DE INSERCI\u00d3N: 0 DB IMPEDANCIA DE&hellip;","_links":{"self":[{"href":"https:\/\/rms-enlinea.com.ar\/tienda\/wp-json\/wp\/v2\/product\/17331","targetHints":{"allow":["GET"]}}],"collection":[{"href":"https:\/\/rms-enlinea.com.ar\/tienda\/wp-json\/wp\/v2\/product"}],"about":[{"href":"https:\/\/rms-enlinea.com.ar\/tienda\/wp-json\/wp\/v2\/types\/product"}],"replies":[{"embeddable":true,"href":"https:\/\/rms-enlinea.com.ar\/tienda\/wp-json\/wp\/v2\/comments?post=17331"}],"wp:featuredmedia":[{"embeddable":true,"href":"https:\/\/rms-enlinea.com.ar\/tienda\/wp-json\/wp\/v2\/media\/17332"}],"wp:attachment":[{"href":"https:\/\/rms-enlinea.com.ar\/tienda\/wp-json\/wp\/v2\/media?parent=17331"}],"wp:term":[{"taxonomy":"product_brand","embeddable":true,"href":"https:\/\/rms-enlinea.com.ar\/tienda\/wp-json\/wp\/v2\/product_brand?post=17331"},{"taxonomy":"product_cat","embeddable":true,"href":"https:\/\/rms-enlinea.com.ar\/tienda\/wp-json\/wp\/v2\/product_cat?post=17331"},{"taxonomy":"product_tag","embeddable":true,"href":"https:\/\/rms-enlinea.com.ar\/tienda\/wp-json\/wp\/v2\/product_tag?post=17331"}],"curies":[{"name":"wp","href":"https:\/\/api.w.org\/{rel}","templated":true}]}}