{"id":17358,"date":"2025-06-12T07:45:54","date_gmt":"2025-06-12T10:45:54","guid":{"rendered":"https:\/\/rms-enlinea.com.ar\/tienda\/producto\/cierre-de-embutir-grande-rack-anvil-penn-elcom-l944-679pbz\/"},"modified":"2026-04-02T16:30:54","modified_gmt":"2026-04-02T19:30:54","slug":"cierre-de-embutir-grande-rack-anvil-penn-elcom-l944-679pbz","status":"publish","type":"product","link":"https:\/\/rms-enlinea.com.ar\/tienda\/producto\/cierre-de-embutir-grande-rack-anvil-penn-elcom-l944-679pbz\/","title":{"rendered":"Cierre De Embutir Grande Rack Anvil Penn Elcom L944-679pbz"},"content":{"rendered":"<p>TIPO DE PRODUCTO: CIERRE DE EMBUTIR<br \/>TIPO: MARIPOSA<br \/>MATERIAL: ACERO<br \/>SUPERFICIE: GALVANIZADO<br \/>ORIFICIOS DE MONTAJE: 5MM<br \/>PORTACANDADO: SI<br \/>OFF SET: SI<br \/>PROTECCI\u00d3N REMACHADA: NO<br \/>CON RESORTE: S\u00cd<br \/>FUNCI\u00d3N PUSH-FLAT: NO<\/p>\n","protected":false},"excerpt":{"rendered":"<p>TIPO DE PRODUCTO: CIERRE DE EMBUTIRTIPO: MARIPOSAMATERIAL: ACEROSUPERFICIE: GALVANIZADOORIFICIOS DE MONTAJE: 5MMPORTACANDADO: SIOFF SET: SIPROTECCI\u00d3N REMACHADA: NOCON RESORTE: S\u00cdFUNCI\u00d3N PUSH-FLAT: NO<\/p>\n","protected":false},"featured_media":17359,"comment_status":"open","ping_status":"closed","template":"","meta":{"_uag_custom_page_level_css":""},"product_brand":[],"product_cat":[39],"product_tag":[],"class_list":{"0":"post-17358","1":"product","2":"type-product","3":"status-publish","4":"has-post-thumbnail","6":"product_cat-cierres","8":"first","9":"instock","10":"sale","11":"taxable","12":"shipping-taxable","13":"purchasable","14":"product-type-simple"},"uagb_featured_image_src":{"full":["https:\/\/rms-enlinea.com.ar\/wp-content\/uploads\/2025\/06\/D_905988-MLA76186808637_052024-F.jpg",1037,1200,false],"thumbnail":["https:\/\/rms-enlinea.com.ar\/wp-content\/uploads\/2025\/06\/D_905988-MLA76186808637_052024-F-150x150.jpg",150,150,true],"medium":["https:\/\/rms-enlinea.com.ar\/wp-content\/uploads\/2025\/06\/D_905988-MLA76186808637_052024-F-259x300.jpg",259,300,true],"medium_large":["https:\/\/rms-enlinea.com.ar\/wp-content\/uploads\/2025\/06\/D_905988-MLA76186808637_052024-F-768x889.jpg",768,889,true],"large":["https:\/\/rms-enlinea.com.ar\/wp-content\/uploads\/2025\/06\/D_905988-MLA76186808637_052024-F-885x1024.jpg",885,1024,true],"1536x1536":["https:\/\/rms-enlinea.com.ar\/wp-content\/uploads\/2025\/06\/D_905988-MLA76186808637_052024-F.jpg",1037,1200,false],"2048x2048":["https:\/\/rms-enlinea.com.ar\/wp-content\/uploads\/2025\/06\/D_905988-MLA76186808637_052024-F.jpg",1037,1200,false],"woocommerce_thumbnail":["https:\/\/rms-enlinea.com.ar\/wp-content\/uploads\/2025\/06\/D_905988-MLA76186808637_052024-F-450x450.jpg",450,450,true],"woocommerce_single":["https:\/\/rms-enlinea.com.ar\/wp-content\/uploads\/2025\/06\/D_905988-MLA76186808637_052024-F-600x694.jpg",600,694,true],"woocommerce_gallery_thumbnail":["https:\/\/rms-enlinea.com.ar\/wp-content\/uploads\/2025\/06\/D_905988-MLA76186808637_052024-F-100x100.jpg",100,100,true]},"uagb_author_info":{"display_name":"l0071054","author_link":"https:\/\/rms-enlinea.com.ar\/tienda\/author\/"},"uagb_comment_info":0,"uagb_excerpt":"TIPO DE PRODUCTO: CIERRE DE EMBUTIRTIPO: MARIPOSAMATERIAL: ACEROSUPERFICIE: GALVANIZADOORIFICIOS DE MONTAJE: 5MMPORTACANDADO: SIOFF SET: SIPROTECCI\u00d3N REMACHADA: NOCON RESORTE: S\u00cdFUNCI\u00d3N PUSH-FLAT: NO","_links":{"self":[{"href":"https:\/\/rms-enlinea.com.ar\/tienda\/wp-json\/wp\/v2\/product\/17358","targetHints":{"allow":["GET"]}}],"collection":[{"href":"https:\/\/rms-enlinea.com.ar\/tienda\/wp-json\/wp\/v2\/product"}],"about":[{"href":"https:\/\/rms-enlinea.com.ar\/tienda\/wp-json\/wp\/v2\/types\/product"}],"replies":[{"embeddable":true,"href":"https:\/\/rms-enlinea.com.ar\/tienda\/wp-json\/wp\/v2\/comments?post=17358"}],"wp:featuredmedia":[{"embeddable":true,"href":"https:\/\/rms-enlinea.com.ar\/tienda\/wp-json\/wp\/v2\/media\/17359"}],"wp:attachment":[{"href":"https:\/\/rms-enlinea.com.ar\/tienda\/wp-json\/wp\/v2\/media?parent=17358"}],"wp:term":[{"taxonomy":"product_brand","embeddable":true,"href":"https:\/\/rms-enlinea.com.ar\/tienda\/wp-json\/wp\/v2\/product_brand?post=17358"},{"taxonomy":"product_cat","embeddable":true,"href":"https:\/\/rms-enlinea.com.ar\/tienda\/wp-json\/wp\/v2\/product_cat?post=17358"},{"taxonomy":"product_tag","embeddable":true,"href":"https:\/\/rms-enlinea.com.ar\/tienda\/wp-json\/wp\/v2\/product_tag?post=17358"}],"curies":[{"name":"wp","href":"https:\/\/api.w.org\/{rel}","templated":true}]}}