{"id":17379,"date":"2025-06-12T07:46:24","date_gmt":"2025-06-12T10:46:24","guid":{"rendered":"https:\/\/rms-enlinea.com.ar\/tienda\/producto\/ventilador-turbo-20-aspas-metalicas-repeler-liliana-votr20\/"},"modified":"2026-03-31T20:28:45","modified_gmt":"2026-03-31T23:28:45","slug":"ventilador-turbo-20-aspas-metalicas-repeler-liliana-votr20","status":"publish","type":"product","link":"https:\/\/rms-enlinea.com.ar\/tienda\/producto\/ventilador-turbo-20-aspas-metalicas-repeler-liliana-votr20\/","title":{"rendered":"Ventilador Turbo 20 Aspas Metalicas Repeler Liliana Votr20"},"content":{"rendered":"<p>Parrilla cromada.<br \/>\u00b7 3 aspas met\u00e1licas.<br \/>\u00b7 S\u00faper silencioso.<br \/>\u00b7 3 velocidades.<br \/>\u00b7 Di\u00e1metro de 20<br \/>\u00b7 Potencia: 90 watts.<br \/>\u00b7 Medidas: 57,4x16x75 cm.<\/p>\n<p>Sistema Orbital<br \/>Direcciona la brisa en forma horizontal y vertical.<br \/>Este sistema permite que el cabezal del ventilador se desplace sobre su eje en forma el\u00edptica, distribuyendo la brisa fresca en forma suave y uniforme hacia ambos lados como as\u00ed tambi\u00e9n hacia arriba y hacia abajo. Esta acci\u00f3n posibilita la recirculaci\u00f3n permanente del aire, permite bajar la temperatura del ambiente brindando una confortable sensaci\u00f3n de frescura y bienestar.<\/p>\n<p>Dispositivo Repeler<br \/>Permite colocar una tableta repelente de insectos de tama\u00f1o est\u00e1ndar. Las part\u00edculas liberadas por dichas tabletas son tomadas por las aspas del ventilador y distribuidas uniformemente en todo el ambiente.<\/p>\n","protected":false},"excerpt":{"rendered":"<p>Parrilla cromada.\u00b7 3 aspas met\u00e1licas.\u00b7 S\u00faper silencioso.\u00b7 3 velocidades.\u00b7 Di\u00e1metro de 20\u00b7 Potencia: 90 watts.\u00b7 Medidas: 57,4x16x75 cm. Sistema OrbitalDirecciona la brisa en forma horizontal y vertical.Este sistema permite que el cabezal del ventilador se desplace sobre su eje en forma el\u00edptica, distribuyendo la brisa fresca en forma suave y uniforme hacia ambos lados como [&hellip;]<\/p>\n","protected":false},"featured_media":17380,"comment_status":"open","ping_status":"closed","template":"","meta":{"_uag_custom_page_level_css":""},"product_brand":[533],"product_cat":[31],"product_tag":[],"class_list":{"0":"post-17379","1":"product","2":"type-product","3":"status-publish","4":"has-post-thumbnail","6":"product_brand-liliana","7":"product_cat-electrodomesticos","9":"first","10":"outofstock","11":"sale","12":"taxable","13":"shipping-taxable","14":"purchasable","15":"product-type-simple"},"uagb_featured_image_src":{"full":["https:\/\/rms-enlinea.com.ar\/wp-content\/uploads\/2025\/06\/D_877625-MLA81515107559_122024-F.jpg",889,1200,false],"thumbnail":["https:\/\/rms-enlinea.com.ar\/wp-content\/uploads\/2025\/06\/D_877625-MLA81515107559_122024-F-150x150.jpg",150,150,true],"medium":["https:\/\/rms-enlinea.com.ar\/wp-content\/uploads\/2025\/06\/D_877625-MLA81515107559_122024-F-222x300.jpg",222,300,true],"medium_large":["https:\/\/rms-enlinea.com.ar\/wp-content\/uploads\/2025\/06\/D_877625-MLA81515107559_122024-F-768x1037.jpg",768,1037,true],"large":["https:\/\/rms-enlinea.com.ar\/wp-content\/uploads\/2025\/06\/D_877625-MLA81515107559_122024-F-759x1024.jpg",759,1024,true],"1536x1536":["https:\/\/rms-enlinea.com.ar\/wp-content\/uploads\/2025\/06\/D_877625-MLA81515107559_122024-F.jpg",889,1200,false],"2048x2048":["https:\/\/rms-enlinea.com.ar\/wp-content\/uploads\/2025\/06\/D_877625-MLA81515107559_122024-F.jpg",889,1200,false],"woocommerce_thumbnail":["https:\/\/rms-enlinea.com.ar\/wp-content\/uploads\/2025\/06\/D_877625-MLA81515107559_122024-F-450x450.jpg",450,450,true],"woocommerce_single":["https:\/\/rms-enlinea.com.ar\/wp-content\/uploads\/2025\/06\/D_877625-MLA81515107559_122024-F-600x810.jpg",600,810,true],"woocommerce_gallery_thumbnail":["https:\/\/rms-enlinea.com.ar\/wp-content\/uploads\/2025\/06\/D_877625-MLA81515107559_122024-F-100x100.jpg",100,100,true]},"uagb_author_info":{"display_name":"l0071054","author_link":"https:\/\/rms-enlinea.com.ar\/tienda\/author\/"},"uagb_comment_info":0,"uagb_excerpt":"Parrilla cromada.\u00b7 3 aspas met\u00e1licas.\u00b7 S\u00faper silencioso.\u00b7 3 velocidades.\u00b7 Di\u00e1metro de 20\u00b7 Potencia: 90 watts.\u00b7 Medidas: 57,4x16x75 cm. Sistema OrbitalDirecciona la brisa en forma horizontal y vertical.Este sistema permite que el cabezal del ventilador se desplace sobre su eje en forma el\u00edptica, distribuyendo la brisa fresca en forma suave y uniforme hacia ambos lados como&hellip;","_links":{"self":[{"href":"https:\/\/rms-enlinea.com.ar\/tienda\/wp-json\/wp\/v2\/product\/17379","targetHints":{"allow":["GET"]}}],"collection":[{"href":"https:\/\/rms-enlinea.com.ar\/tienda\/wp-json\/wp\/v2\/product"}],"about":[{"href":"https:\/\/rms-enlinea.com.ar\/tienda\/wp-json\/wp\/v2\/types\/product"}],"replies":[{"embeddable":true,"href":"https:\/\/rms-enlinea.com.ar\/tienda\/wp-json\/wp\/v2\/comments?post=17379"}],"wp:featuredmedia":[{"embeddable":true,"href":"https:\/\/rms-enlinea.com.ar\/tienda\/wp-json\/wp\/v2\/media\/17380"}],"wp:attachment":[{"href":"https:\/\/rms-enlinea.com.ar\/tienda\/wp-json\/wp\/v2\/media?parent=17379"}],"wp:term":[{"taxonomy":"product_brand","embeddable":true,"href":"https:\/\/rms-enlinea.com.ar\/tienda\/wp-json\/wp\/v2\/product_brand?post=17379"},{"taxonomy":"product_cat","embeddable":true,"href":"https:\/\/rms-enlinea.com.ar\/tienda\/wp-json\/wp\/v2\/product_cat?post=17379"},{"taxonomy":"product_tag","embeddable":true,"href":"https:\/\/rms-enlinea.com.ar\/tienda\/wp-json\/wp\/v2\/product_tag?post=17379"}],"curies":[{"name":"wp","href":"https:\/\/api.w.org\/{rel}","templated":true}]}}