{"id":17398,"date":"2025-06-12T07:46:51","date_gmt":"2025-06-12T10:46:51","guid":{"rendered":"https:\/\/rms-enlinea.com.ar\/tienda\/producto\/monitor-21-5-lcd-philips-221v8-77-hdmi-vga-full-hd\/"},"modified":"2026-04-21T04:09:16","modified_gmt":"2026-04-21T07:09:16","slug":"monitor-21-5-lcd-philips-221v8-77-hdmi-vga-full-hd","status":"publish","type":"product","link":"https:\/\/rms-enlinea.com.ar\/tienda\/producto\/monitor-21-5-lcd-philips-221v8-77-hdmi-vga-full-hd\/","title":{"rendered":"Monitor 21.5 Lcd Philips 221v8\/77 Hdmi Vga Full Hd"},"content":{"rendered":"<p>Monitor Philips LCD de 22&#8243; Full HD<\/p>\n<p>Im\u00e1genes vivas y n\u00edtidas m\u00e1s all\u00e1 de cualquier l\u00edmite<\/p>\n<p>L\u00ednea V<\/p>\n<p>22&#8243; (54,6 cm)<\/p>\n<p>1920 x 1080 (Full HD)<\/p>\n<p>Pantalla LED VA<\/p>\n<p>HDMI<\/p>\n<p>El monitor panor\u00e1mico V-line de Philips ofrece una visualizaci\u00f3n m\u00e1s all\u00e1 de cualquier l\u00edmite, una excelente relaci\u00f3n calidad-precio con funciones esenciales. La tecnolog\u00eda Adaptive-Sync ofrece una visualizaci\u00f3n de video fluida. Las funciones como el modo antirreflejos, el modo LowBlue y la tecnolog\u00eda sin parpadeos reducen el cansancio de la vista.<\/p>\n","protected":false},"excerpt":{"rendered":"<p>Monitor Philips LCD de 22&#8243; Full HD Im\u00e1genes vivas y n\u00edtidas m\u00e1s all\u00e1 de cualquier l\u00edmite L\u00ednea V 22&#8243; (54,6 cm) 1920 x 1080 (Full HD) Pantalla LED VA HDMI El monitor panor\u00e1mico V-line de Philips ofrece una visualizaci\u00f3n m\u00e1s all\u00e1 de cualquier l\u00edmite, una excelente relaci\u00f3n calidad-precio con funciones esenciales. La tecnolog\u00eda Adaptive-Sync ofrece [&hellip;]<\/p>\n","protected":false},"featured_media":17399,"comment_status":"open","ping_status":"closed","template":"","meta":{"_uag_custom_page_level_css":""},"product_brand":[580],"product_cat":[114],"product_tag":[],"class_list":{"0":"post-17398","1":"product","2":"type-product","3":"status-publish","4":"has-post-thumbnail","6":"product_brand-philips","7":"product_cat-monitores","9":"first","10":"outofstock","11":"sale","12":"taxable","13":"shipping-taxable","14":"purchasable","15":"product-type-simple"},"uagb_featured_image_src":{"full":["https:\/\/rms-enlinea.com.ar\/wp-content\/uploads\/2025\/06\/D_735866-MLU70980431211_082023-F.jpg",500,406,false],"thumbnail":["https:\/\/rms-enlinea.com.ar\/wp-content\/uploads\/2025\/06\/D_735866-MLU70980431211_082023-F-150x150.jpg",150,150,true],"medium":["https:\/\/rms-enlinea.com.ar\/wp-content\/uploads\/2025\/06\/D_735866-MLU70980431211_082023-F-300x244.jpg",300,244,true],"medium_large":["https:\/\/rms-enlinea.com.ar\/wp-content\/uploads\/2025\/06\/D_735866-MLU70980431211_082023-F.jpg",500,406,false],"large":["https:\/\/rms-enlinea.com.ar\/wp-content\/uploads\/2025\/06\/D_735866-MLU70980431211_082023-F.jpg",500,406,false],"1536x1536":["https:\/\/rms-enlinea.com.ar\/wp-content\/uploads\/2025\/06\/D_735866-MLU70980431211_082023-F.jpg",500,406,false],"2048x2048":["https:\/\/rms-enlinea.com.ar\/wp-content\/uploads\/2025\/06\/D_735866-MLU70980431211_082023-F.jpg",500,406,false],"woocommerce_thumbnail":["https:\/\/rms-enlinea.com.ar\/wp-content\/uploads\/2025\/06\/D_735866-MLU70980431211_082023-F-450x406.jpg",450,406,true],"woocommerce_single":["https:\/\/rms-enlinea.com.ar\/wp-content\/uploads\/2025\/06\/D_735866-MLU70980431211_082023-F.jpg",500,406,false],"woocommerce_gallery_thumbnail":["https:\/\/rms-enlinea.com.ar\/wp-content\/uploads\/2025\/06\/D_735866-MLU70980431211_082023-F-100x100.jpg",100,100,true]},"uagb_author_info":{"display_name":"l0071054","author_link":"https:\/\/rms-enlinea.com.ar\/tienda\/author\/"},"uagb_comment_info":0,"uagb_excerpt":"Monitor Philips LCD de 22&#8243; Full HD Im\u00e1genes vivas y n\u00edtidas m\u00e1s all\u00e1 de cualquier l\u00edmite L\u00ednea V 22&#8243; (54,6 cm) 1920 x 1080 (Full HD) Pantalla LED VA HDMI El monitor panor\u00e1mico V-line de Philips ofrece una visualizaci\u00f3n m\u00e1s all\u00e1 de cualquier l\u00edmite, una excelente relaci\u00f3n calidad-precio con funciones esenciales. La tecnolog\u00eda Adaptive-Sync ofrece&hellip;","_links":{"self":[{"href":"https:\/\/rms-enlinea.com.ar\/tienda\/wp-json\/wp\/v2\/product\/17398","targetHints":{"allow":["GET"]}}],"collection":[{"href":"https:\/\/rms-enlinea.com.ar\/tienda\/wp-json\/wp\/v2\/product"}],"about":[{"href":"https:\/\/rms-enlinea.com.ar\/tienda\/wp-json\/wp\/v2\/types\/product"}],"replies":[{"embeddable":true,"href":"https:\/\/rms-enlinea.com.ar\/tienda\/wp-json\/wp\/v2\/comments?post=17398"}],"wp:featuredmedia":[{"embeddable":true,"href":"https:\/\/rms-enlinea.com.ar\/tienda\/wp-json\/wp\/v2\/media\/17399"}],"wp:attachment":[{"href":"https:\/\/rms-enlinea.com.ar\/tienda\/wp-json\/wp\/v2\/media?parent=17398"}],"wp:term":[{"taxonomy":"product_brand","embeddable":true,"href":"https:\/\/rms-enlinea.com.ar\/tienda\/wp-json\/wp\/v2\/product_brand?post=17398"},{"taxonomy":"product_cat","embeddable":true,"href":"https:\/\/rms-enlinea.com.ar\/tienda\/wp-json\/wp\/v2\/product_cat?post=17398"},{"taxonomy":"product_tag","embeddable":true,"href":"https:\/\/rms-enlinea.com.ar\/tienda\/wp-json\/wp\/v2\/product_tag?post=17398"}],"curies":[{"name":"wp","href":"https:\/\/api.w.org\/{rel}","templated":true}]}}