{"id":17433,"date":"2025-06-12T07:47:34","date_gmt":"2025-06-12T10:47:34","guid":{"rendered":"https:\/\/rms-enlinea.com.ar\/tienda\/producto\/teclado-ergonomico-curvo-genius-kb-700-usb-esp\/"},"modified":"2026-04-15T20:30:13","modified_gmt":"2026-04-15T23:30:13","slug":"teclado-ergonomico-curvo-genius-kb-700-usb-esp","status":"publish","type":"product","link":"https:\/\/rms-enlinea.com.ar\/tienda\/producto\/teclado-ergonomico-curvo-genius-kb-700-usb-esp\/","title":{"rendered":"Teclado Ergonomico Curvo Genius Kb-700 Usb Esp"},"content":{"rendered":"<p>ARCA\tGENIUS<br \/>MODELO\tERGO KB-700<br \/>CARACTER\u00cdSTICAS<br \/>Teclado ergon\u00f3mico con reposamanos.<br \/>TECLADO ERGON\u00d3MICO\tEl Genius Ergo KB-700, con su dise\u00f1o de onda dividida dise\u00f1ado para promover la colocaci\u00f3n natural de la mano y aliviar la tensi\u00f3n muscular en el<br \/>antebrazo, la mu\u00f1eca y el hombro, est\u00e1 dise\u00f1ado para quienes buscan teclados ergon\u00f3micos y soluciones de escritura fluidas.<br \/>DESCANSO DE PALMAS Y PATA INCLINABLE\tEl reposamanos proporciona un soporte \u00f3ptimo para antebrazos y dedos, mientras que las patas plegables e inclinables ofrecen soporte adicional para<br \/>codos y mu\u00f1ecas. Mejore su experiencia de mecanograf\u00eda hoy con Ergo KB-700.<br \/>LLAVE COPILOTO AI\tIdeal para profesionales que necesitan herramientas de eficiencia. Simplemente presione la tecla AI Copilot para activar el asistente Copilot (para<br \/>Windows 11) y lograr un flujo de trabajo mejorado.<br \/>CARACTER\u00cdSTICAS<br \/>INTERFAZ\tUSB.<br \/>TIPO DE TECLAS\tChocolate.<br \/>TECLAS DE FUNCI\u00d3N\tS\u00ed, 12 (8 audio, 4 Internet).<br \/>LONGITUD DEL CABLE\t1,5 m.<br \/>PESO\t746 g.<br \/>DIMENSIONES\t400.3 x 36.9 x 245.4 mm.<br \/>COMPATIBILIDAD\tWindows 8, 10, 11 o posterior \/ Mac OS X 10.8 o posterior \/ Puerto USB disponible.<\/p>\n","protected":false},"excerpt":{"rendered":"<p>ARCA GENIUSMODELO ERGO KB-700CARACTER\u00cdSTICASTeclado ergon\u00f3mico con reposamanos.TECLADO ERGON\u00d3MICO El Genius Ergo KB-700, con su dise\u00f1o de onda dividida dise\u00f1ado para promover la colocaci\u00f3n natural de la mano y aliviar la tensi\u00f3n muscular en elantebrazo, la mu\u00f1eca y el hombro, est\u00e1 dise\u00f1ado para quienes buscan teclados ergon\u00f3micos y soluciones de escritura fluidas.DESCANSO DE PALMAS Y PATA [&hellip;]<\/p>\n","protected":false},"featured_media":17434,"comment_status":"open","ping_status":"closed","template":"","meta":{"_uag_custom_page_level_css":""},"product_brand":[550],"product_cat":[125],"product_tag":[],"class_list":{"0":"post-17433","1":"product","2":"type-product","3":"status-publish","4":"has-post-thumbnail","6":"product_brand-genius","7":"product_cat-teclados-y-mouses","9":"first","10":"instock","11":"sale","12":"taxable","13":"shipping-taxable","14":"purchasable","15":"product-type-simple"},"uagb_featured_image_src":{"full":["https:\/\/rms-enlinea.com.ar\/wp-content\/uploads\/2025\/06\/D_959564-MLA78482492710_082024-F.jpg",930,666,false],"thumbnail":["https:\/\/rms-enlinea.com.ar\/wp-content\/uploads\/2025\/06\/D_959564-MLA78482492710_082024-F-150x150.jpg",150,150,true],"medium":["https:\/\/rms-enlinea.com.ar\/wp-content\/uploads\/2025\/06\/D_959564-MLA78482492710_082024-F-300x215.jpg",300,215,true],"medium_large":["https:\/\/rms-enlinea.com.ar\/wp-content\/uploads\/2025\/06\/D_959564-MLA78482492710_082024-F-768x550.jpg",768,550,true],"large":["https:\/\/rms-enlinea.com.ar\/wp-content\/uploads\/2025\/06\/D_959564-MLA78482492710_082024-F.jpg",930,666,false],"1536x1536":["https:\/\/rms-enlinea.com.ar\/wp-content\/uploads\/2025\/06\/D_959564-MLA78482492710_082024-F.jpg",930,666,false],"2048x2048":["https:\/\/rms-enlinea.com.ar\/wp-content\/uploads\/2025\/06\/D_959564-MLA78482492710_082024-F.jpg",930,666,false],"woocommerce_thumbnail":["https:\/\/rms-enlinea.com.ar\/wp-content\/uploads\/2025\/06\/D_959564-MLA78482492710_082024-F-450x450.jpg",450,450,true],"woocommerce_single":["https:\/\/rms-enlinea.com.ar\/wp-content\/uploads\/2025\/06\/D_959564-MLA78482492710_082024-F-600x430.jpg",600,430,true],"woocommerce_gallery_thumbnail":["https:\/\/rms-enlinea.com.ar\/wp-content\/uploads\/2025\/06\/D_959564-MLA78482492710_082024-F-100x100.jpg",100,100,true]},"uagb_author_info":{"display_name":"l0071054","author_link":"https:\/\/rms-enlinea.com.ar\/tienda\/author\/"},"uagb_comment_info":0,"uagb_excerpt":"ARCA GENIUSMODELO ERGO KB-700CARACTER\u00cdSTICASTeclado ergon\u00f3mico con reposamanos.TECLADO ERGON\u00d3MICO El Genius Ergo KB-700, con su dise\u00f1o de onda dividida dise\u00f1ado para promover la colocaci\u00f3n natural de la mano y aliviar la tensi\u00f3n muscular en elantebrazo, la mu\u00f1eca y el hombro, est\u00e1 dise\u00f1ado para quienes buscan teclados ergon\u00f3micos y soluciones de escritura fluidas.DESCANSO DE PALMAS Y PATA&hellip;","_links":{"self":[{"href":"https:\/\/rms-enlinea.com.ar\/tienda\/wp-json\/wp\/v2\/product\/17433","targetHints":{"allow":["GET"]}}],"collection":[{"href":"https:\/\/rms-enlinea.com.ar\/tienda\/wp-json\/wp\/v2\/product"}],"about":[{"href":"https:\/\/rms-enlinea.com.ar\/tienda\/wp-json\/wp\/v2\/types\/product"}],"replies":[{"embeddable":true,"href":"https:\/\/rms-enlinea.com.ar\/tienda\/wp-json\/wp\/v2\/comments?post=17433"}],"wp:featuredmedia":[{"embeddable":true,"href":"https:\/\/rms-enlinea.com.ar\/tienda\/wp-json\/wp\/v2\/media\/17434"}],"wp:attachment":[{"href":"https:\/\/rms-enlinea.com.ar\/tienda\/wp-json\/wp\/v2\/media?parent=17433"}],"wp:term":[{"taxonomy":"product_brand","embeddable":true,"href":"https:\/\/rms-enlinea.com.ar\/tienda\/wp-json\/wp\/v2\/product_brand?post=17433"},{"taxonomy":"product_cat","embeddable":true,"href":"https:\/\/rms-enlinea.com.ar\/tienda\/wp-json\/wp\/v2\/product_cat?post=17433"},{"taxonomy":"product_tag","embeddable":true,"href":"https:\/\/rms-enlinea.com.ar\/tienda\/wp-json\/wp\/v2\/product_tag?post=17433"}],"curies":[{"name":"wp","href":"https:\/\/api.w.org\/{rel}","templated":true}]}}