{"id":17451,"date":"2025-06-12T07:47:52","date_gmt":"2025-06-12T10:47:52","guid":{"rendered":"https:\/\/rms-enlinea.com.ar\/tienda\/producto\/router-mercusys-mr70x-gigabit-ax1800-4-antenas-dual-band\/"},"modified":"2026-05-08T10:10:09","modified_gmt":"2026-05-08T13:10:09","slug":"router-mercusys-mr70x-gigabit-ax1800-4-antenas-dual-band","status":"publish","type":"product","link":"https:\/\/rms-enlinea.com.ar\/tienda\/producto\/router-mercusys-mr70x-gigabit-ax1800-4-antenas-dual-band\/","title":{"rendered":"Router Mercusys Mr70x Gigabit Ax1800 4 Antenas Dual Band"},"content":{"rendered":"<p>Velocidad Wi-Fi 6 con Doble Banda AX1800. Alcanza una conexi\u00f3n a internet de hasta 1,8 Gbps para garantizar una se\u00f1al estable y sin cortes.<\/p>\n<p>M\u00e1s dispositivos conectados. Con las tecnolog\u00edas MU-MIMO y OFDMA se reduce la congesti\u00f3n de red y multiplica por 4 el rendimiento.<\/p>\n<p>Cobertura de larga alcance. Con 4 antenas de alta ganancia y la tecnolog\u00eda Beamforming consigues conexiones estables y sin cortes que llegan m\u00e1s lejos<\/p>\n<p>Red segura para todos tus dispositivos. Compatible con el \u00faltimo est\u00e1ndar de seguridad WPA3 proporciona una red protegida<\/p>\n","protected":false},"excerpt":{"rendered":"<p>Velocidad Wi-Fi 6 con Doble Banda AX1800. Alcanza una conexi\u00f3n a internet de hasta 1,8 Gbps para garantizar una se\u00f1al estable y sin cortes. M\u00e1s dispositivos conectados. Con las tecnolog\u00edas MU-MIMO y OFDMA se reduce la congesti\u00f3n de red y multiplica por 4 el rendimiento. Cobertura de larga alcance. Con 4 antenas de alta ganancia [&hellip;]<\/p>\n","protected":false},"featured_media":17446,"comment_status":"open","ping_status":"closed","template":"","meta":{"_uag_custom_page_level_css":""},"product_brand":[605,546],"product_cat":[122],"product_tag":[],"class_list":{"0":"post-17451","1":"product","2":"type-product","3":"status-publish","4":"has-post-thumbnail","6":"product_brand-mercusys","7":"product_brand-tplink","8":"product_cat-redes-y-conectividad","10":"first","11":"outofstock","12":"sale","13":"taxable","14":"shipping-taxable","15":"purchasable","16":"product-type-simple"},"uagb_featured_image_src":{"full":["https:\/\/rms-enlinea.com.ar\/wp-content\/uploads\/2025\/06\/D_870670-MLU74470974283_022024-F.jpg",823,932,false],"thumbnail":["https:\/\/rms-enlinea.com.ar\/wp-content\/uploads\/2025\/06\/D_870670-MLU74470974283_022024-F-150x150.jpg",150,150,true],"medium":["https:\/\/rms-enlinea.com.ar\/wp-content\/uploads\/2025\/06\/D_870670-MLU74470974283_022024-F-265x300.jpg",265,300,true],"medium_large":["https:\/\/rms-enlinea.com.ar\/wp-content\/uploads\/2025\/06\/D_870670-MLU74470974283_022024-F-768x870.jpg",768,870,true],"large":["https:\/\/rms-enlinea.com.ar\/wp-content\/uploads\/2025\/06\/D_870670-MLU74470974283_022024-F.jpg",823,932,false],"1536x1536":["https:\/\/rms-enlinea.com.ar\/wp-content\/uploads\/2025\/06\/D_870670-MLU74470974283_022024-F.jpg",823,932,false],"2048x2048":["https:\/\/rms-enlinea.com.ar\/wp-content\/uploads\/2025\/06\/D_870670-MLU74470974283_022024-F.jpg",823,932,false],"woocommerce_thumbnail":["https:\/\/rms-enlinea.com.ar\/wp-content\/uploads\/2025\/06\/D_870670-MLU74470974283_022024-F-450x450.jpg",450,450,true],"woocommerce_single":["https:\/\/rms-enlinea.com.ar\/wp-content\/uploads\/2025\/06\/D_870670-MLU74470974283_022024-F-600x679.jpg",600,679,true],"woocommerce_gallery_thumbnail":["https:\/\/rms-enlinea.com.ar\/wp-content\/uploads\/2025\/06\/D_870670-MLU74470974283_022024-F-100x100.jpg",100,100,true]},"uagb_author_info":{"display_name":"l0071054","author_link":"https:\/\/rms-enlinea.com.ar\/tienda\/author\/"},"uagb_comment_info":0,"uagb_excerpt":"Velocidad Wi-Fi 6 con Doble Banda AX1800. Alcanza una conexi\u00f3n a internet de hasta 1,8 Gbps para garantizar una se\u00f1al estable y sin cortes. M\u00e1s dispositivos conectados. Con las tecnolog\u00edas MU-MIMO y OFDMA se reduce la congesti\u00f3n de red y multiplica por 4 el rendimiento. Cobertura de larga alcance. Con 4 antenas de alta ganancia&hellip;","_links":{"self":[{"href":"https:\/\/rms-enlinea.com.ar\/tienda\/wp-json\/wp\/v2\/product\/17451","targetHints":{"allow":["GET"]}}],"collection":[{"href":"https:\/\/rms-enlinea.com.ar\/tienda\/wp-json\/wp\/v2\/product"}],"about":[{"href":"https:\/\/rms-enlinea.com.ar\/tienda\/wp-json\/wp\/v2\/types\/product"}],"replies":[{"embeddable":true,"href":"https:\/\/rms-enlinea.com.ar\/tienda\/wp-json\/wp\/v2\/comments?post=17451"}],"wp:featuredmedia":[{"embeddable":true,"href":"https:\/\/rms-enlinea.com.ar\/tienda\/wp-json\/wp\/v2\/media\/17446"}],"wp:attachment":[{"href":"https:\/\/rms-enlinea.com.ar\/tienda\/wp-json\/wp\/v2\/media?parent=17451"}],"wp:term":[{"taxonomy":"product_brand","embeddable":true,"href":"https:\/\/rms-enlinea.com.ar\/tienda\/wp-json\/wp\/v2\/product_brand?post=17451"},{"taxonomy":"product_cat","embeddable":true,"href":"https:\/\/rms-enlinea.com.ar\/tienda\/wp-json\/wp\/v2\/product_cat?post=17451"},{"taxonomy":"product_tag","embeddable":true,"href":"https:\/\/rms-enlinea.com.ar\/tienda\/wp-json\/wp\/v2\/product_tag?post=17451"}],"curies":[{"name":"wp","href":"https:\/\/api.w.org\/{rel}","templated":true}]}}