{"id":17452,"date":"2025-06-12T07:47:56","date_gmt":"2025-06-12T10:47:56","guid":{"rendered":"https:\/\/rms-enlinea.com.ar\/tienda\/producto\/auricular-con-microfono-genius-hs-04s-1-solo-mini-plug-3-5mm\/"},"modified":"2026-04-02T16:36:50","modified_gmt":"2026-04-02T19:36:50","slug":"auricular-con-microfono-genius-hs-04s-1-solo-mini-plug-3-5mm","status":"publish","type":"product","link":"https:\/\/rms-enlinea.com.ar\/tienda\/producto\/auricular-con-microfono-genius-hs-04s-1-solo-mini-plug-3-5mm\/","title":{"rendered":"Auricular Con Microfono Genius Hs-04s 1 Solo Mini Plug 3.5mm"},"content":{"rendered":"<p>Bluetooth<\/p>\n<p>No<br \/>Marca<\/p>\n<p>Genius<br \/>EAN<\/p>\n<p>4710268804079<br \/>C\u00f3digo universal de producto<\/p>\n<p>4710268804079<br \/>Formato<\/p>\n<p>Over-ear<br \/>Incluye micr\u00f3fono<\/p>\n<p>S\u00ed<br \/>Modelo<\/p>\n<p>HS-04S<br \/>Con recepci\u00f3n inal\u00e1mbrica<\/p>\n<p>No<br \/>Modelo alfanum\u00e9rico<\/p>\n<p>GHS04S<br \/>Marca<\/p>\n<p>Genius<br \/>Formato<\/p>\n<p>Headset<br \/>Incluye micr\u00f3fono<\/p>\n<p>S\u00ed<br \/>L\u00ednea<\/p>\n<p>AURICULAR<br \/>Modelo<\/p>\n<p>HS-04S<br \/>Con Bluetooth<\/p>\n<p>No<br \/>Con recepci\u00f3n inal\u00e1mbrica<\/p>\n<p>No<br \/>JACK<\/p>\n<p>UNIFICADO DE AUDIO Y MICROFONO<\/p>\n","protected":false},"excerpt":{"rendered":"<p>Bluetooth NoMarca GeniusEAN 4710268804079C\u00f3digo universal de producto 4710268804079Formato Over-earIncluye micr\u00f3fono S\u00edModelo HS-04SCon recepci\u00f3n inal\u00e1mbrica NoModelo alfanum\u00e9rico GHS04SMarca GeniusFormato HeadsetIncluye micr\u00f3fono S\u00edL\u00ednea AURICULARModelo HS-04SCon Bluetooth NoCon recepci\u00f3n inal\u00e1mbrica NoJACK UNIFICADO DE AUDIO Y MICROFONO<\/p>\n","protected":false},"featured_media":13342,"comment_status":"open","ping_status":"closed","template":"","meta":{"_uag_custom_page_level_css":""},"product_brand":[550],"product_cat":[99],"product_tag":[],"class_list":{"0":"post-17452","1":"product","2":"type-product","3":"status-publish","4":"has-post-thumbnail","6":"product_brand-genius","7":"product_cat-auriculares-computacion","9":"first","10":"outofstock","11":"sale","12":"taxable","13":"shipping-taxable","14":"purchasable","15":"product-type-simple"},"uagb_featured_image_src":{"full":["https:\/\/rms-enlinea.com.ar\/wp-content\/uploads\/2025\/06\/D_892803-MLA41257809321_032020-F.jpg",916,1034,false],"thumbnail":["https:\/\/rms-enlinea.com.ar\/wp-content\/uploads\/2025\/06\/D_892803-MLA41257809321_032020-F-150x150.jpg",150,150,true],"medium":["https:\/\/rms-enlinea.com.ar\/wp-content\/uploads\/2025\/06\/D_892803-MLA41257809321_032020-F-266x300.jpg",266,300,true],"medium_large":["https:\/\/rms-enlinea.com.ar\/wp-content\/uploads\/2025\/06\/D_892803-MLA41257809321_032020-F-768x867.jpg",768,867,true],"large":["https:\/\/rms-enlinea.com.ar\/wp-content\/uploads\/2025\/06\/D_892803-MLA41257809321_032020-F-907x1024.jpg",907,1024,true],"1536x1536":["https:\/\/rms-enlinea.com.ar\/wp-content\/uploads\/2025\/06\/D_892803-MLA41257809321_032020-F.jpg",916,1034,false],"2048x2048":["https:\/\/rms-enlinea.com.ar\/wp-content\/uploads\/2025\/06\/D_892803-MLA41257809321_032020-F.jpg",916,1034,false],"woocommerce_thumbnail":["https:\/\/rms-enlinea.com.ar\/wp-content\/uploads\/2025\/06\/D_892803-MLA41257809321_032020-F-450x450.jpg",450,450,true],"woocommerce_single":["https:\/\/rms-enlinea.com.ar\/wp-content\/uploads\/2025\/06\/D_892803-MLA41257809321_032020-F-600x677.jpg",600,677,true],"woocommerce_gallery_thumbnail":["https:\/\/rms-enlinea.com.ar\/wp-content\/uploads\/2025\/06\/D_892803-MLA41257809321_032020-F-100x100.jpg",100,100,true]},"uagb_author_info":{"display_name":"l0071054","author_link":"https:\/\/rms-enlinea.com.ar\/tienda\/author\/"},"uagb_comment_info":0,"uagb_excerpt":"Bluetooth NoMarca GeniusEAN 4710268804079C\u00f3digo universal de producto 4710268804079Formato Over-earIncluye micr\u00f3fono S\u00edModelo HS-04SCon recepci\u00f3n inal\u00e1mbrica NoModelo alfanum\u00e9rico GHS04SMarca GeniusFormato HeadsetIncluye micr\u00f3fono S\u00edL\u00ednea AURICULARModelo HS-04SCon Bluetooth NoCon recepci\u00f3n inal\u00e1mbrica NoJACK UNIFICADO DE AUDIO Y MICROFONO","_links":{"self":[{"href":"https:\/\/rms-enlinea.com.ar\/tienda\/wp-json\/wp\/v2\/product\/17452","targetHints":{"allow":["GET"]}}],"collection":[{"href":"https:\/\/rms-enlinea.com.ar\/tienda\/wp-json\/wp\/v2\/product"}],"about":[{"href":"https:\/\/rms-enlinea.com.ar\/tienda\/wp-json\/wp\/v2\/types\/product"}],"replies":[{"embeddable":true,"href":"https:\/\/rms-enlinea.com.ar\/tienda\/wp-json\/wp\/v2\/comments?post=17452"}],"wp:featuredmedia":[{"embeddable":true,"href":"https:\/\/rms-enlinea.com.ar\/tienda\/wp-json\/wp\/v2\/media\/13342"}],"wp:attachment":[{"href":"https:\/\/rms-enlinea.com.ar\/tienda\/wp-json\/wp\/v2\/media?parent=17452"}],"wp:term":[{"taxonomy":"product_brand","embeddable":true,"href":"https:\/\/rms-enlinea.com.ar\/tienda\/wp-json\/wp\/v2\/product_brand?post=17452"},{"taxonomy":"product_cat","embeddable":true,"href":"https:\/\/rms-enlinea.com.ar\/tienda\/wp-json\/wp\/v2\/product_cat?post=17452"},{"taxonomy":"product_tag","embeddable":true,"href":"https:\/\/rms-enlinea.com.ar\/tienda\/wp-json\/wp\/v2\/product_tag?post=17452"}],"curies":[{"name":"wp","href":"https:\/\/api.w.org\/{rel}","templated":true}]}}