{"id":17500,"date":"2025-06-12T07:49:02","date_gmt":"2025-06-12T10:49:02","guid":{"rendered":"https:\/\/rms-enlinea.com.ar\/tienda\/producto\/procesador-intel-pentium-gold-g7400-s1700-3-7ghz-2-nucleos\/"},"modified":"2026-04-11T12:00:41","modified_gmt":"2026-04-11T15:00:41","slug":"procesador-intel-pentium-gold-g7400-s1700-3-7ghz-2-nucleos","status":"publish","type":"product","link":"https:\/\/rms-enlinea.com.ar\/tienda\/producto\/procesador-intel-pentium-gold-g7400-s1700-3-7ghz-2-nucleos\/","title":{"rendered":"Procesador Intel Pentium Gold G7400 S1700 3.7ghz 2 Nucleos"},"content":{"rendered":"<p>Modelo de procesador<\/p>\n<p>Intel Pentium G7400<\/p>\n<p>Cantidad de n\u00facleos<\/p>\n<p>2<\/p>\n<p>Cantidad de subprocesos<\/p>\n<p>4<\/p>\n<p>Frecuencia base<\/p>\n<p>3.7 GHz<\/p>\n<p>Frecuencia m\u00e1xima<\/p>\n<p>3.7 GHz<\/p>\n<p>Cach\u00e9<\/p>\n<p>6 MB<\/p>\n<p>Potencia de dise\u00f1o t\u00e9rmico<\/p>\n<p>46 W<\/p>\n<p>Desbloqueados<\/p>\n<p>No<\/p>\n<p>Socket<\/p>\n<p>1700<\/p>\n<p>Versi\u00f3n de PCI Express<\/p>\n<p>5.0 y 4.0<\/p>\n<p>Soluci\u00f3n t\u00e9rmica<\/p>\n<p>Incluida<\/p>\n<p>Temperaturas m\u00e1ximas<\/p>\n<p>100\u00b0C<\/p>\n<p>Interfaz de la memoria<\/p>\n<p>DDR5 \/ DDR4<\/p>\n<p>Velocidad m\u00e1xima de memoria<\/p>\n<p>DDR5 4800 MHz \/ DDR4 3200 MHz<\/p>\n<p>Video integrado<\/p>\n<p>Intel UHD Graphics 710<\/p>\n","protected":false},"excerpt":{"rendered":"<p>Modelo de procesador Intel Pentium G7400 Cantidad de n\u00facleos 2 Cantidad de subprocesos 4 Frecuencia base 3.7 GHz Frecuencia m\u00e1xima 3.7 GHz Cach\u00e9 6 MB Potencia de dise\u00f1o t\u00e9rmico 46 W Desbloqueados No Socket 1700 Versi\u00f3n de PCI Express 5.0 y 4.0 Soluci\u00f3n t\u00e9rmica Incluida Temperaturas m\u00e1ximas 100\u00b0C Interfaz de la memoria DDR5 \/ DDR4 [&hellip;]<\/p>\n","protected":false},"featured_media":17497,"comment_status":"open","ping_status":"closed","template":"","meta":{"_uag_custom_page_level_css":""},"product_brand":[],"product_cat":[121],"product_tag":[],"class_list":{"0":"post-17500","1":"product","2":"type-product","3":"status-publish","4":"has-post-thumbnail","6":"product_cat-procesadores-computacion","8":"first","9":"instock","10":"sale","11":"taxable","12":"shipping-taxable","13":"purchasable","14":"product-type-simple"},"uagb_featured_image_src":{"full":["https:\/\/rms-enlinea.com.ar\/wp-content\/uploads\/2025\/06\/D_946417-MLA52279931619_112022-F.jpg",916,969,false],"thumbnail":["https:\/\/rms-enlinea.com.ar\/wp-content\/uploads\/2025\/06\/D_946417-MLA52279931619_112022-F-150x150.jpg",150,150,true],"medium":["https:\/\/rms-enlinea.com.ar\/wp-content\/uploads\/2025\/06\/D_946417-MLA52279931619_112022-F-284x300.jpg",284,300,true],"medium_large":["https:\/\/rms-enlinea.com.ar\/wp-content\/uploads\/2025\/06\/D_946417-MLA52279931619_112022-F-768x812.jpg",768,812,true],"large":["https:\/\/rms-enlinea.com.ar\/wp-content\/uploads\/2025\/06\/D_946417-MLA52279931619_112022-F.jpg",916,969,false],"1536x1536":["https:\/\/rms-enlinea.com.ar\/wp-content\/uploads\/2025\/06\/D_946417-MLA52279931619_112022-F.jpg",916,969,false],"2048x2048":["https:\/\/rms-enlinea.com.ar\/wp-content\/uploads\/2025\/06\/D_946417-MLA52279931619_112022-F.jpg",916,969,false],"woocommerce_thumbnail":["https:\/\/rms-enlinea.com.ar\/wp-content\/uploads\/2025\/06\/D_946417-MLA52279931619_112022-F-450x450.jpg",450,450,true],"woocommerce_single":["https:\/\/rms-enlinea.com.ar\/wp-content\/uploads\/2025\/06\/D_946417-MLA52279931619_112022-F-600x635.jpg",600,635,true],"woocommerce_gallery_thumbnail":["https:\/\/rms-enlinea.com.ar\/wp-content\/uploads\/2025\/06\/D_946417-MLA52279931619_112022-F-100x100.jpg",100,100,true]},"uagb_author_info":{"display_name":"l0071054","author_link":"https:\/\/rms-enlinea.com.ar\/tienda\/author\/"},"uagb_comment_info":0,"uagb_excerpt":"Modelo de procesador Intel Pentium G7400 Cantidad de n\u00facleos 2 Cantidad de subprocesos 4 Frecuencia base 3.7 GHz Frecuencia m\u00e1xima 3.7 GHz Cach\u00e9 6 MB Potencia de dise\u00f1o t\u00e9rmico 46 W Desbloqueados No Socket 1700 Versi\u00f3n de PCI Express 5.0 y 4.0 Soluci\u00f3n t\u00e9rmica Incluida Temperaturas m\u00e1ximas 100\u00b0C Interfaz de la memoria DDR5 \/ DDR4&hellip;","_links":{"self":[{"href":"https:\/\/rms-enlinea.com.ar\/tienda\/wp-json\/wp\/v2\/product\/17500","targetHints":{"allow":["GET"]}}],"collection":[{"href":"https:\/\/rms-enlinea.com.ar\/tienda\/wp-json\/wp\/v2\/product"}],"about":[{"href":"https:\/\/rms-enlinea.com.ar\/tienda\/wp-json\/wp\/v2\/types\/product"}],"replies":[{"embeddable":true,"href":"https:\/\/rms-enlinea.com.ar\/tienda\/wp-json\/wp\/v2\/comments?post=17500"}],"wp:featuredmedia":[{"embeddable":true,"href":"https:\/\/rms-enlinea.com.ar\/tienda\/wp-json\/wp\/v2\/media\/17497"}],"wp:attachment":[{"href":"https:\/\/rms-enlinea.com.ar\/tienda\/wp-json\/wp\/v2\/media?parent=17500"}],"wp:term":[{"taxonomy":"product_brand","embeddable":true,"href":"https:\/\/rms-enlinea.com.ar\/tienda\/wp-json\/wp\/v2\/product_brand?post=17500"},{"taxonomy":"product_cat","embeddable":true,"href":"https:\/\/rms-enlinea.com.ar\/tienda\/wp-json\/wp\/v2\/product_cat?post=17500"},{"taxonomy":"product_tag","embeddable":true,"href":"https:\/\/rms-enlinea.com.ar\/tienda\/wp-json\/wp\/v2\/product_tag?post=17500"}],"curies":[{"name":"wp","href":"https:\/\/api.w.org\/{rel}","templated":true}]}}