{"id":17507,"date":"2025-06-12T07:49:14","date_gmt":"2025-06-12T10:49:14","guid":{"rendered":"https:\/\/rms-enlinea.com.ar\/tienda\/producto\/procesador-intel-core-i3-10105-graficos-uhd-4ghz-4-nucleos\/"},"modified":"2026-04-02T17:30:19","modified_gmt":"2026-04-02T20:30:19","slug":"procesador-intel-core-i3-10105-graficos-uhd-4ghz-4-nucleos","status":"publish","type":"product","link":"https:\/\/rms-enlinea.com.ar\/tienda\/producto\/procesador-intel-core-i3-10105-graficos-uhd-4ghz-4-nucleos\/","title":{"rendered":"Procesador Intel Core I3 10105 Graficos Uhd 4ghz 4 Nucleos"},"content":{"rendered":"<p>Aplicaci\u00f3n<\/p>\n<p>Computadoras de escritorio<br \/>Arquitectura<\/p>\n<p>x86-64<br \/>Marca<\/p>\n<p>Intel<br \/>Cach\u00e9<\/p>\n<p>6 MB<br \/>Z\u00f3calos compatibles<\/p>\n<p>lga1200<br \/>Generaci\u00f3n<\/p>\n<p>10\u00b0<br \/>Procesador gr\u00e1fico<\/p>\n<p>Intel UHD Graphics 630<br \/>C\u00f3digo universal de producto<\/p>\n<p>735858477178,5032037214841<br \/>Es gamer<\/p>\n<p>S\u00ed<br \/>L\u00ednea<\/p>\n<p>Core i3<br \/>Frecuencia m\u00e1xima de reloj<\/p>\n<p>4 GHz<br \/>Tama\u00f1o m\u00e1ximo de memoria RAM soportada<\/p>\n<p>128 GB<br \/>Frecuencia m\u00ednima de reloj<\/p>\n<p>3 GHz<br \/>Modelo<\/p>\n<p>i3-10105 BX8070110105<br \/>Tipos de memoria RAM soportadas<\/p>\n<p>DDR4<\/p>\n","protected":false},"excerpt":{"rendered":"<p>Aplicaci\u00f3n Computadoras de escritorioArquitectura x86-64Marca IntelCach\u00e9 6 MBZ\u00f3calos compatibles lga1200Generaci\u00f3n 10\u00b0Procesador gr\u00e1fico Intel UHD Graphics 630C\u00f3digo universal de producto 735858477178,5032037214841Es gamer S\u00edL\u00ednea Core i3Frecuencia m\u00e1xima de reloj 4 GHzTama\u00f1o m\u00e1ximo de memoria RAM soportada 128 GBFrecuencia m\u00ednima de reloj 3 GHzModelo i3-10105 BX8070110105Tipos de memoria RAM soportadas DDR4<\/p>\n","protected":false},"featured_media":6678,"comment_status":"open","ping_status":"closed","template":"","meta":{"_uag_custom_page_level_css":""},"product_brand":[],"product_cat":[121],"product_tag":[],"class_list":{"0":"post-17507","1":"product","2":"type-product","3":"status-publish","4":"has-post-thumbnail","6":"product_cat-procesadores-computacion","8":"first","9":"outofstock","10":"sale","11":"taxable","12":"shipping-taxable","13":"purchasable","14":"product-type-simple"},"uagb_featured_image_src":{"full":["https:\/\/rms-enlinea.com.ar\/wp-content\/uploads\/2025\/06\/D_671623-MLA54687847194_032023-F.jpg",941,994,false],"thumbnail":["https:\/\/rms-enlinea.com.ar\/wp-content\/uploads\/2025\/06\/D_671623-MLA54687847194_032023-F-150x150.jpg",150,150,true],"medium":["https:\/\/rms-enlinea.com.ar\/wp-content\/uploads\/2025\/06\/D_671623-MLA54687847194_032023-F-284x300.jpg",284,300,true],"medium_large":["https:\/\/rms-enlinea.com.ar\/wp-content\/uploads\/2025\/06\/D_671623-MLA54687847194_032023-F-768x811.jpg",768,811,true],"large":["https:\/\/rms-enlinea.com.ar\/wp-content\/uploads\/2025\/06\/D_671623-MLA54687847194_032023-F.jpg",941,994,false],"1536x1536":["https:\/\/rms-enlinea.com.ar\/wp-content\/uploads\/2025\/06\/D_671623-MLA54687847194_032023-F.jpg",941,994,false],"2048x2048":["https:\/\/rms-enlinea.com.ar\/wp-content\/uploads\/2025\/06\/D_671623-MLA54687847194_032023-F.jpg",941,994,false],"woocommerce_thumbnail":["https:\/\/rms-enlinea.com.ar\/wp-content\/uploads\/2025\/06\/D_671623-MLA54687847194_032023-F-450x450.jpg",450,450,true],"woocommerce_single":["https:\/\/rms-enlinea.com.ar\/wp-content\/uploads\/2025\/06\/D_671623-MLA54687847194_032023-F-600x634.jpg",600,634,true],"woocommerce_gallery_thumbnail":["https:\/\/rms-enlinea.com.ar\/wp-content\/uploads\/2025\/06\/D_671623-MLA54687847194_032023-F-100x100.jpg",100,100,true]},"uagb_author_info":{"display_name":"l0071054","author_link":"https:\/\/rms-enlinea.com.ar\/tienda\/author\/"},"uagb_comment_info":0,"uagb_excerpt":"Aplicaci\u00f3n Computadoras de escritorioArquitectura x86-64Marca IntelCach\u00e9 6 MBZ\u00f3calos compatibles lga1200Generaci\u00f3n 10\u00b0Procesador gr\u00e1fico Intel UHD Graphics 630C\u00f3digo universal de producto 735858477178,5032037214841Es gamer S\u00edL\u00ednea Core i3Frecuencia m\u00e1xima de reloj 4 GHzTama\u00f1o m\u00e1ximo de memoria RAM soportada 128 GBFrecuencia m\u00ednima de reloj 3 GHzModelo i3-10105 BX8070110105Tipos de memoria RAM soportadas DDR4","_links":{"self":[{"href":"https:\/\/rms-enlinea.com.ar\/tienda\/wp-json\/wp\/v2\/product\/17507","targetHints":{"allow":["GET"]}}],"collection":[{"href":"https:\/\/rms-enlinea.com.ar\/tienda\/wp-json\/wp\/v2\/product"}],"about":[{"href":"https:\/\/rms-enlinea.com.ar\/tienda\/wp-json\/wp\/v2\/types\/product"}],"replies":[{"embeddable":true,"href":"https:\/\/rms-enlinea.com.ar\/tienda\/wp-json\/wp\/v2\/comments?post=17507"}],"wp:featuredmedia":[{"embeddable":true,"href":"https:\/\/rms-enlinea.com.ar\/tienda\/wp-json\/wp\/v2\/media\/6678"}],"wp:attachment":[{"href":"https:\/\/rms-enlinea.com.ar\/tienda\/wp-json\/wp\/v2\/media?parent=17507"}],"wp:term":[{"taxonomy":"product_brand","embeddable":true,"href":"https:\/\/rms-enlinea.com.ar\/tienda\/wp-json\/wp\/v2\/product_brand?post=17507"},{"taxonomy":"product_cat","embeddable":true,"href":"https:\/\/rms-enlinea.com.ar\/tienda\/wp-json\/wp\/v2\/product_cat?post=17507"},{"taxonomy":"product_tag","embeddable":true,"href":"https:\/\/rms-enlinea.com.ar\/tienda\/wp-json\/wp\/v2\/product_tag?post=17507"}],"curies":[{"name":"wp","href":"https:\/\/api.w.org\/{rel}","templated":true}]}}